{"id":509683,"date":"2023-06-20T14:58:11","date_gmt":"2023-06-20T13:58:11","guid":{"rendered":"https:\/\/www.erothis.com\/politica-de-cookies\/"},"modified":"2025-05-09T12:46:20","modified_gmt":"2025-05-09T11:46:20","slug":"politica-de-cookies","status":"publish","type":"page","link":"https:\/\/www.erothis.com\/es\/politica-de-cookies\/","title":{"rendered":"Pol\u00edtica de Cookies"},"content":{"rendered":"\t\t<div data-elementor-type=\"wp-page\" data-elementor-id=\"509683\" class=\"elementor elementor-509683 elementor-43425\" data-elementor-post-type=\"page\">\n\t\t\t\t\t\t<section class=\"elementor-section elementor-top-section elementor-element elementor-element-2005d0eb elementor-section-boxed elementor-section-height-default elementor-section-height-default\" data-id=\"2005d0eb\" data-element_type=\"section\" data-e-type=\"section\">\n\t\t\t\t\t\t<div class=\"elementor-container elementor-column-gap-default\">\n\t\t\t\t\t<div class=\"elementor-column elementor-col-100 elementor-top-column elementor-element elementor-element-ff398de\" data-id=\"ff398de\" data-element_type=\"column\" data-e-type=\"column\">\n\t\t\t<div class=\"elementor-widget-wrap elementor-element-populated\">\n\t\t\t\t\t\t<div class=\"elementor-element elementor-element-5d850c97 elementor-widget elementor-widget-text-editor\" data-id=\"5d850c97\" data-element_type=\"widget\" data-e-type=\"widget\" data-widget_type=\"text-editor.default\">\n\t\t\t\t<div class=\"elementor-widget-container\">\n\t\t\t\t\t\t\t\t\t<h3 style=\"text-align: center;\">\u00bfQu\u00e9 son las cookies?<\/h3>\n<p>\n\n<\/p>\n<p>La erothis.com utiliza cookies en su sitio web, entendidas como peque\u00f1os archivos de texto con informaci\u00f3n relevante que el dispositivo de acceso (computadora, tel\u00e9fono m\u00f3vil\/smartphone o tableta) carga a trav\u00e9s del navegador de internet (browser) cuando un sitio web es visitado por el usuario.<\/p>\n<p>Las cookies utilizadas permiten mejorar el rendimiento y la experiencia de navegaci\u00f3n de los usuarios, aumentando, por un lado, la rapidez y eficiencia de respuesta y, por otro, eliminando la necesidad de introducir repetidamente la misma informaci\u00f3n.<\/p>\n<p>La colocaci\u00f3n de cookies no solo ayuda al sitio web a reconocer el dispositivo del usuario en la pr\u00f3xima visita, sino que tambi\u00e9n ser\u00e1 imprescindible para su funcionamiento. Las cookies usadas no recogen informaci\u00f3n personal que permita identificar al usuario, solo guardan informaci\u00f3n gen\u00e9rica, como la forma o el lugar\/pa\u00eds de acceso y c\u00f3mo el usuario usa el sitio web, entre otros.<\/p>\n<p>Las cookies solo retienen informaci\u00f3n relacionada con las preferencias del usuario y este puede, en cualquier momento y a trav\u00e9s de su navegador de internet (browser), decidir ser notificado sobre la recepci\u00f3n de cookies, as\u00ed como bloquear la respectiva entrada en su sistema.<\/p>\n<p>Se advierte, no obstante, que la negativa al uso de cookies puede resultar en la imposibilidad de acceder a algunas de las \u00e1reas del sitio web.<\/p>\n<p>El usuario podr\u00e1 desactivar parcialmente o totalmente las cookies en cualquier momento. Cada navegador dispone de un proceso de configuraci\u00f3n propio para esta opci\u00f3n. La no aceptaci\u00f3n de cookies podr\u00eda impedir el uso de algunas de las funcionalidades del sitio web.<\/p>\n<p>La erothis.com podr\u00e1, adem\u00e1s, utilizar cookies en la apertura de newsletters\/correos electr\u00f3nicos, con fines estad\u00edsticos, que permiten saber si se abren y verificar los clics a trav\u00e9s de enlaces o anuncios dentro del correo. El usuario tiene siempre la posibilidad de desactivar el env\u00edo de newsletters\/correos electr\u00f3nicos en su \u00e1rea de cliente.<\/p>\n<p>\n\n<\/p>\n<h3 style=\"text-align: center;\">Categor\u00edas de Cookies<\/h3>\n<p>\n\n<\/p>\n<p>Las cookies almacenadas en la erothis.com son de tres tipos:<\/p>\n<ul>\n<li><b>Cookies Simples:<\/b> son cookies necesarias para que la erothis.com funcione eficientemente, registrando el recorrido del usuario durante su visita sin identificarlo y se eliminan autom\u00e1ticamente cuando el usuario sale del sitio.<\/li>\n<li><b>Cookies Persistentes:<\/b> son cookies que no son esenciales para el funcionamiento de la erothis.com, pero permiten identificar a los usuarios cada vez que acceden a las p\u00e1ginas, optimizando su experiencia de navegaci\u00f3n. Con estas cookies se le asigna un n\u00famero \u00fanico que identifica al usuario cuando entra en erothis.com. Las cookies persistentes permanecen en el dispositivo hasta que el usuario las elimine.<\/li>\n<li><b>Cookies de Publicidad Comportamental:<\/b> son cookies que permiten mostrar al usuario publicidad que se entiende adecuada a sus intereses y gustos. Por ejemplo, si el usuario est\u00e1 interesado en art\u00edculos sobre lencer\u00eda y fantas\u00edas, es probable que se le muestre publicidad sobre productos y servicios relacionados con la lencer\u00eda.<\/li>\n<li><b>Otras cookies o cookies de terceros:<\/b> son cookies habitualmente colocadas por sitios de entidades terceras con la autorizaci\u00f3n de erothis.com, permitiendo recordar que el usuario ya ha visitado dicho sitio. Adicionalmente, la erothis.com podr\u00e1 integrar etiquetas de p\u00edxeles (pixel tags y web beacon pixels) que permiten analizar c\u00f3mo los usuarios utilizan el sitio. Las etiquetas de p\u00edxeles no recogen datos personales y se utilizan para, entre otras cosas, recopilar informaci\u00f3n sobre destinos populares.<\/li>\n<\/ul>\n<h3 style=\"text-align: center;\">\u00bfC\u00d3MO GESTIONAR LAS COOKIES?<\/h3>\n<p>\n\n<\/p>\n<p>Al continuar navegando en erothis.com, y salvo que haya desactivado las cookies, est\u00e1 consintiendo su uso, conforme a la presente Pol\u00edtica de Cookies. Si opta por desactivar las cookies, algunas o todas las partes de erothis.com podr\u00edan no funcionar correctamente y la experiencia de navegaci\u00f3n podr\u00eda sufrir una degradaci\u00f3n considerable.<\/p>\n<p>\n\n<\/p>\n<p>Los usuarios pueden desactivar el uso de cookies en cualquier momento, modificando las configuraciones del navegador, por ejemplo:<\/p>\n<ul>\n<li>Google Chrome;<\/li>\n<li>Internet Explorer;<\/li>\n<li>Mozilla Firefox;<\/li>\n<li>Apple Safari.<\/li>\n<\/ul>\n<h3 style=\"text-align: center;\">Garant\u00edas adicionales y<br \/>revocaci\u00f3n de aceptaci\u00f3n<\/h3>\n<p>\n\n<\/p>\n<p>La erothis.com no se responsabiliza por el contenido y la veracidad de las pol\u00edticas de privacidad de terceros que puedan estar incluidas en esta p\u00e1gina web. Como garant\u00eda adicional, la grabaci\u00f3n de cookies en este sitio puede estar sujeta a que los usuarios acepten las cookies durante su visita al sitio web y la instalaci\u00f3n o actualizaci\u00f3n del navegador utilizado. Esta aceptaci\u00f3n puede ser revocada en cualquier momento en las configuraciones de contenido y privacidad, utilizando el enlace en la parte inferior de esta p\u00e1gina.<\/p>\n<h3 style=\"text-align: center;\">Actualizaci\u00f3n de la pol\u00edtica de cookies<\/h3>\n<p>\n\n<\/p>\n<p>La erothis.com puede modificar esta pol\u00edtica de cookies conforme a los requisitos legales o regulatorios o adaptar esta pol\u00edtica a nuevas instrucciones proporcionadas por la ley. Siempre que se realicen cambios significativos en esta pol\u00edtica de cookies, los usuarios de la p\u00e1gina web ser\u00e1n notificados.<\/p>\n<h3 style=\"text-align: center;\">M\u00e1s informaci\u00f3n sobre cookies<\/h3>\n<p>\n\n<\/p>\n<p>M\u00e1s informaci\u00f3n sobre cookies puede encontrarse en este enlace: <a href=\"https:\/\/allaboutcookies.org\/\" target=\"_blank\" rel=\"noopener\">www.allaboutcookies.org<\/a>.<\/p>\n<p><\/p>\t\t\t\t\t\t\t\t<\/div>\n\t\t\t\t<\/div>\n\t\t\t\t\t<\/div>\n\t\t<\/div>\n\t\t\t\t\t<\/div>\n\t\t<\/section>\n\t\t\t\t<\/div>\n\t\t","protected":false},"excerpt":{"rendered":"<p>\u00bfQu\u00e9 son las cookies? La erothis.com utiliza cookies en su sitio web, entendidas como peque\u00f1os archivos de texto con informaci\u00f3n relevante que&hellip;<\/p>\n","protected":false},"author":4,"featured_media":0,"parent":0,"menu_order":0,"comment_status":"closed","ping_status":"open","template":"","meta":{"footnotes":""},"class_list":["post-509683","page","type-page","status-publish","hentry"],"jetpack_sharing_enabled":true,"_links":{"self":[{"href":"https:\/\/www.erothis.com\/es\/wp-json\/wp\/v2\/pages\/509683","targetHints":{"allow":["GET"]}}],"collection":[{"href":"https:\/\/www.erothis.com\/es\/wp-json\/wp\/v2\/pages"}],"about":[{"href":"https:\/\/www.erothis.com\/es\/wp-json\/wp\/v2\/types\/page"}],"author":[{"embeddable":true,"href":"https:\/\/www.erothis.com\/es\/wp-json\/wp\/v2\/users\/4"}],"replies":[{"embeddable":true,"href":"https:\/\/www.erothis.com\/es\/wp-json\/wp\/v2\/comments?post=509683"}],"version-history":[{"count":6,"href":"https:\/\/www.erothis.com\/es\/wp-json\/wp\/v2\/pages\/509683\/revisions"}],"predecessor-version":[{"id":509692,"href":"https:\/\/www.erothis.com\/es\/wp-json\/wp\/v2\/pages\/509683\/revisions\/509692"}],"wp:attachment":[{"href":"https:\/\/www.erothis.com\/es\/wp-json\/wp\/v2\/media?parent=509683"}],"curies":[{"name":"wp","href":"https:\/\/api.w.org\/{rel}","templated":true}]}}