{"id":509698,"date":"2020-10-21T08:35:42","date_gmt":"2020-10-21T07:35:42","guid":{"rendered":"https:\/\/www.erothis.com\/faq\/"},"modified":"2025-05-09T14:39:23","modified_gmt":"2025-05-09T13:39:23","slug":"faq","status":"publish","type":"page","link":"https:\/\/www.erothis.com\/es\/faq\/","title":{"rendered":"FAQ"},"content":{"rendered":"\t\t<div data-elementor-type=\"wp-page\" data-elementor-id=\"509698\" class=\"elementor elementor-509698 elementor-179\" data-elementor-post-type=\"page\">\n\t\t\t\t\t\t<section class=\"elementor-section elementor-top-section elementor-element elementor-element-51cc69c elementor-section-full_width elementor-section-height-default elementor-section-height-default\" data-id=\"51cc69c\" data-element_type=\"section\" data-e-type=\"section\">\n\t\t\t\t\t\t<div class=\"elementor-container elementor-column-gap-no\">\n\t\t\t\t\t<div class=\"elementor-column elementor-col-100 elementor-top-column elementor-element elementor-element-d3159a6\" data-id=\"d3159a6\" data-element_type=\"column\" data-e-type=\"column\">\n\t\t\t<div class=\"elementor-widget-wrap elementor-element-populated\">\n\t\t\t\t\t\t<div class=\"elementor-element elementor-element-d04350a elementor-widget elementor-widget-ideapark-page-header\" data-id=\"d04350a\" data-element_type=\"widget\" data-e-type=\"widget\" data-widget_type=\"ideapark-page-header.default\">\n\t\t\t\t<div class=\"elementor-widget-container\">\n\t\t\t\t\t\t<header\n\t\tclass=\"l-section c-page-header c-page-header--header-type-1 c-page-header--default\n c-page-header--low\"\n\t\t>\n\n\t\t\t\t\t<div class=\"c-page-header__wrap\">\n\t\t\t\t\t\t\t\t\t<h1 class=\"c-page-header__title\">FAQ<\/h1>\n\t\t\t\t\t\t\t<\/div>\n\t\t\t\t\t\t\t<div class=\"c-page-header__spacer\"><\/div>\n\t\t\t<\/header>\n\t\t\t\t<\/div>\n\t\t\t\t<\/div>\n\t\t\t\t\t<\/div>\n\t\t<\/div>\n\t\t\t\t\t<\/div>\n\t\t<\/section>\n\t\t\t\t<section class=\"elementor-section elementor-top-section elementor-element elementor-element-1617f7b elementor-section-boxed elementor-section-height-default elementor-section-height-default\" data-id=\"1617f7b\" data-element_type=\"section\" data-e-type=\"section\">\n\t\t\t\t\t\t<div class=\"elementor-container elementor-column-gap-no\">\n\t\t\t\t\t<div class=\"elementor-column elementor-col-100 elementor-top-column elementor-element elementor-element-bc288d3\" data-id=\"bc288d3\" data-element_type=\"column\" data-e-type=\"column\">\n\t\t\t<div class=\"elementor-widget-wrap elementor-element-populated\">\n\t\t\t\t\t\t<div class=\"elementor-element elementor-element-ccb929e elementor-widget elementor-widget-ideapark-heading\" data-id=\"ccb929e\" data-element_type=\"widget\" data-e-type=\"widget\" data-widget_type=\"ideapark-heading.default\">\n\t\t\t\t<div class=\"elementor-widget-container\">\n\t\t\t\t\t<div class=\"c-ip-heading c-ip-heading--medium c-ip-heading--left c-ip-heading--bullet-hide\"><span class=\"c-ip-heading__inner\">Env\u00edos<\/span><\/div>\t\t\t\t<\/div>\n\t\t\t\t<\/div>\n\t\t\t\t<div class=\"elementor-element elementor-element-450377d elementor-widget elementor-widget-ideapark-accordion\" data-id=\"450377d\" data-element_type=\"widget\" data-e-type=\"widget\" data-widget_type=\"ideapark-accordion.default\">\n\t\t\t\t<div class=\"elementor-widget-container\">\n\t\t\t\t\t\t\t<div class=\"c-ip-accordion\">\n\t\t\t<div class=\"c-ip-accordion__wrap c-ip-accordion__wrap--layout-1\">\n\t\t\t\t<div class=\"c-ip-accordion__list c-ip-accordion__list--layout-1\">\n\t\t\t\t\t\t\t\t\t\t<div class=\"c-ip-accordion__item c-ip-accordion__item--layout-1\">\n\t\t\t\t\t\t<a class=\"c-ip-accordion__header c-ip-accordion__header--layout-1 js-accordion-title\" href=\"\" onclick=\"return false;\">\u00bfLos envases son discretos?<i class=\"ip-right c-ip-accordion__arrow c-ip-accordion__arrow--layout-1\"><\/i><\/a>\t\t\t\t\t\t<div class=\"c-ip-accordion__content c-ip-accordion__content--layout-1\"><p align=\"justify\">S\u00ed, nuestros pedidos se env\u00edan en envases sin ninguna indicaci\u00f3n exterior de su contenido ni referencia a Erothis. La total discreci\u00f3n es uno de nuestros lemas.<\/p>\n<\/div>\t\t\t\t\t<\/div>\n\t\t\t\t\t\t\t\t\t\t\t\t\t\t\t<div class=\"c-ip-accordion__item c-ip-accordion__item--layout-1\">\n\t\t\t\t\t\t<a class=\"c-ip-accordion__header c-ip-accordion__header--layout-1 js-accordion-title\" href=\"\" onclick=\"return false;\">\u00bfDespu\u00e9s de finalizada, cu\u00e1ndo ser\u00e1 expedido mi pedido?<i class=\"ip-right c-ip-accordion__arrow c-ip-accordion__arrow--layout-1\"><\/i><\/a>\t\t\t\t\t\t<div class=\"c-ip-accordion__content c-ip-accordion__content--layout-1\"><p align=\"justify\">Tan pronto como su pedido sea procesado por el sistema, comenzaremos el proceso de env\u00edo. Podr\u00e1 seguir el estado de su pedido a trav\u00e9s de las notificaciones que recibir\u00e1 en su correo electr\u00f3nico.<\/p>\n<\/div>\t\t\t\t\t<\/div>\n\t\t\t\t\t\t\t\t\t\t\t\t\t\t\t<div class=\"c-ip-accordion__item c-ip-accordion__item--layout-1\">\n\t\t\t\t\t\t<a class=\"c-ip-accordion__header c-ip-accordion__header--layout-1 js-accordion-title\" href=\"\" onclick=\"return false;\">\u00bfCu\u00e1l es el coste de env\u00edo?<i class=\"ip-right c-ip-accordion__arrow c-ip-accordion__arrow--layout-1\"><\/i><\/a>\t\t\t\t\t\t<div class=\"c-ip-accordion__content c-ip-accordion__content--layout-1\"><p align=\"justify\">El coste de env\u00edo depende de su destino y peso. Al finalizar el pedido, ver\u00e1 estos datos detallados antes de confirmar su compra.<\/p><\/div>\t\t\t\t\t<\/div>\n\t\t\t\t\t\t\t\t\t\t\t\t\t\t\t<div class=\"c-ip-accordion__item c-ip-accordion__item--layout-1\">\n\t\t\t\t\t\t<a class=\"c-ip-accordion__header c-ip-accordion__header--layout-1 js-accordion-title\" href=\"\" onclick=\"return false;\">\u00bfEnv\u00edan a todos los pa\u00edses?<i class=\"ip-right c-ip-accordion__arrow c-ip-accordion__arrow--layout-1\"><\/i><\/a>\t\t\t\t\t\t<div class=\"c-ip-accordion__content c-ip-accordion__content--layout-1\"><p align=\"justify\">Actualmente, solo estamos enviando a Portugal y Espa\u00f1a. A corto plazo, planeamos expandir a otros pa\u00edses.<\/p><\/div>\t\t\t\t\t<\/div>\n\t\t\t\t\t\t\t\t\t\t\t\t\t\t\t<div class=\"c-ip-accordion__item c-ip-accordion__item--layout-1\">\n\t\t\t\t\t\t<a class=\"c-ip-accordion__header c-ip-accordion__header--layout-1 js-accordion-title\" href=\"\" onclick=\"return false;\">\u00bfC\u00f3mo puedo saber si mi pedido ha sido procesado?<i class=\"ip-right c-ip-accordion__arrow c-ip-accordion__arrow--layout-1\"><\/i><\/a>\t\t\t\t\t\t<div class=\"c-ip-accordion__content c-ip-accordion__content--layout-1\"><p align=\"justify\">Recibir\u00e1 un correo electr\u00f3nico autom\u00e1tico con los detalles del pedido, tan pronto como este sea procesado. Revise las carpetas de correo no deseado para verificar si ha recibido el correo de confirmaci\u00f3n. \u00a1Por lo tanto, al recibir el correo sabr\u00e1 que todo ha ido bien!<\/p><\/div>\t\t\t\t\t<\/div>\n\t\t\t\t\t\t\t\t\t\t\t\t\t\t<\/div>\n\t\t\t<\/div>\n\t\t<\/div>\n\t\t\t\t\t\t<\/div>\n\t\t\t\t<\/div>\n\t\t\t\t<div class=\"elementor-element elementor-element-ed8e43e elementor-widget elementor-widget-ideapark-heading\" data-id=\"ed8e43e\" data-element_type=\"widget\" data-e-type=\"widget\" data-widget_type=\"ideapark-heading.default\">\n\t\t\t\t<div class=\"elementor-widget-container\">\n\t\t\t\t\t<div class=\"c-ip-heading c-ip-heading--medium c-ip-heading--left c-ip-heading--bullet-hide\"><span class=\"c-ip-heading__inner\">Pagos<\/span><\/div>\t\t\t\t<\/div>\n\t\t\t\t<\/div>\n\t\t\t\t<div class=\"elementor-element elementor-element-9636833 elementor-widget elementor-widget-ideapark-accordion\" data-id=\"9636833\" data-element_type=\"widget\" data-e-type=\"widget\" data-widget_type=\"ideapark-accordion.default\">\n\t\t\t\t<div class=\"elementor-widget-container\">\n\t\t\t\t\t\t\t<div class=\"c-ip-accordion\">\n\t\t\t<div class=\"c-ip-accordion__wrap c-ip-accordion__wrap--layout-1\">\n\t\t\t\t<div class=\"c-ip-accordion__list c-ip-accordion__list--layout-1\">\n\t\t\t\t\t\t\t\t\t\t<div class=\"c-ip-accordion__item c-ip-accordion__item--layout-1\">\n\t\t\t\t\t\t<a class=\"c-ip-accordion__header c-ip-accordion__header--layout-1 js-accordion-title\" href=\"\" onclick=\"return false;\">\u00bfEs seguro comprar en vuestro sitio web?<i class=\"ip-right c-ip-accordion__arrow c-ip-accordion__arrow--layout-1\"><\/i><\/a>\t\t\t\t\t\t<div class=\"c-ip-accordion__content c-ip-accordion__content--layout-1\"><p align=\"justify\">S\u00ed, la experiencia de compra en un entorno seguro es algo en lo que trabajamos a diario. Nuestros socios de pago est\u00e1n 100% certificados y son seguros.<\/p><\/div>\t\t\t\t\t<\/div>\n\t\t\t\t\t\t\t\t\t\t\t\t\t\t\t<div class=\"c-ip-accordion__item c-ip-accordion__item--layout-1\">\n\t\t\t\t\t\t<a class=\"c-ip-accordion__header c-ip-accordion__header--layout-1 js-accordion-title\" href=\"\" onclick=\"return false;\">\u00bfCu\u00e1les son los m\u00e9todos de pago disponibles?<i class=\"ip-right c-ip-accordion__arrow c-ip-accordion__arrow--layout-1\"><\/i><\/a>\t\t\t\t\t\t<div class=\"c-ip-accordion__content c-ip-accordion__content--layout-1\"><p align=\"justify\">Dependiendo de su pa\u00eds, podr\u00e1 realizar el pago de sus pedidos a trav\u00e9s de diversos m\u00e9todos de pago. En Portugal, tiene a su disposici\u00f3n Referencia Multibanco, MB Way, Tarjeta de D\u00e9bito\/Cr\u00e9dito y\/o PayPal. En Espa\u00f1a, podr\u00e1 realizar el pago mediante Tarjeta de D\u00e9bito\/Cr\u00e9dito y\/o PayPal. En el proceso de pago, cuando llegue a la secci\u00f3n de pagos, se le presentar\u00e1n todas las opciones disponibles.<\/p><\/div>\t\t\t\t\t<\/div>\n\t\t\t\t\t\t\t\t\t\t\t\t\t\t\t<div class=\"c-ip-accordion__item c-ip-accordion__item--layout-1\">\n\t\t\t\t\t\t<a class=\"c-ip-accordion__header c-ip-accordion__header--layout-1 js-accordion-title\" href=\"\" onclick=\"return false;\">\u00bfTengo que registrarme en el sitio para realizar una compra?<i class=\"ip-right c-ip-accordion__arrow c-ip-accordion__arrow--layout-1\"><\/i><\/a>\t\t\t\t\t\t<div class=\"c-ip-accordion__content c-ip-accordion__content--layout-1\"><p align=\"justify\">No es necesario registrarse para realizar una compra. Sin embargo, si realiza compras con frecuencia en nuestra tienda, podr\u00e1 ahorrar mucho tiempo utilizando la memorizaci\u00f3n de sus datos para un futuro pedido.<\/p><\/div>\t\t\t\t\t<\/div>\n\t\t\t\t\t\t\t\t\t\t\t\t\t\t<\/div>\n\t\t\t<\/div>\n\t\t<\/div>\n\t\t\t\t\t\t<\/div>\n\t\t\t\t<\/div>\n\t\t\t\t<div class=\"elementor-element elementor-element-e5d9c77 elementor-widget elementor-widget-ideapark-heading\" data-id=\"e5d9c77\" data-element_type=\"widget\" data-e-type=\"widget\" data-widget_type=\"ideapark-heading.default\">\n\t\t\t\t<div class=\"elementor-widget-container\">\n\t\t\t\t\t<div class=\"c-ip-heading c-ip-heading--medium c-ip-heading--left c-ip-heading--bullet-hide\"><span class=\"c-ip-heading__inner\">Devoluciones<\/span><\/div>\t\t\t\t<\/div>\n\t\t\t\t<\/div>\n\t\t\t\t<div class=\"elementor-element elementor-element-9555fc1 elementor-widget elementor-widget-ideapark-accordion\" data-id=\"9555fc1\" data-element_type=\"widget\" data-e-type=\"widget\" data-widget_type=\"ideapark-accordion.default\">\n\t\t\t\t<div class=\"elementor-widget-container\">\n\t\t\t\t\t\t\t<div class=\"c-ip-accordion\">\n\t\t\t<div class=\"c-ip-accordion__wrap c-ip-accordion__wrap--layout-1\">\n\t\t\t\t<div class=\"c-ip-accordion__list c-ip-accordion__list--layout-1\">\n\t\t\t\t\t\t\t\t\t\t<div class=\"c-ip-accordion__item c-ip-accordion__item--layout-1\">\n\t\t\t\t\t\t<a class=\"c-ip-accordion__header c-ip-accordion__header--layout-1 js-accordion-title\" href=\"\" onclick=\"return false;\">\u00bfMi pedido se ha perdido? \u00bfQu\u00e9 debo hacer?<i class=\"ip-right c-ip-accordion__arrow c-ip-accordion__arrow--layout-1\"><\/i><\/a>\t\t\t\t\t\t<div class=\"c-ip-accordion__content c-ip-accordion__content--layout-1\"><p align=\"justify\">Es una situaci\u00f3n rara, pero si ocurre, p\u00f3ngase en contacto con nosotros. Realizaremos una reclamaci\u00f3n a la transportista y seguiremos todo el proceso.<\/p><\/div>\t\t\t\t\t<\/div>\n\t\t\t\t\t\t\t\t\t\t\t\t\t\t\t<div class=\"c-ip-accordion__item c-ip-accordion__item--layout-1\">\n\t\t\t\t\t\t<a class=\"c-ip-accordion__header c-ip-accordion__header--layout-1 js-accordion-title\" href=\"\" onclick=\"return false;\">\u00bfEl embalaje del pedido est\u00e1 da\u00f1ado? \u00bfQu\u00e9 hacer?<i class=\"ip-right c-ip-accordion__arrow c-ip-accordion__arrow--layout-1\"><\/i><\/a>\t\t\t\t\t\t<div class=\"c-ip-accordion__content c-ip-accordion__content--layout-1\"><p align=\"justify\">En caso de que al recibir el pedido, este est\u00e9 da\u00f1ado, deber\u00e1 alertar al transportista, quien deber\u00e1 anotar lo sucedido en el albar\u00e1n de entrega. Tambi\u00e9n le aconsejamos tomar fotograf\u00edas antes de abrir el paquete, luego podr\u00e1 abrirlo para confirmar si hay alg\u00fan art\u00edculo da\u00f1ado. Si esto sucede, deber\u00e1 informarnos de inmediato.<\/p><\/div>\t\t\t\t\t<\/div>\n\t\t\t\t\t\t\t\t\t\t\t\t\t\t\t<div class=\"c-ip-accordion__item c-ip-accordion__item--layout-1\">\n\t\t\t\t\t\t<a class=\"c-ip-accordion__header c-ip-accordion__header--layout-1 js-accordion-title\" href=\"\" onclick=\"return false;\">\u00bfEn qu\u00e9 circunstancias puedo cambiar\/devolver un producto?<i class=\"ip-right c-ip-accordion__arrow c-ip-accordion__arrow--layout-1\"><\/i><\/a>\t\t\t\t\t\t<div class=\"c-ip-accordion__content c-ip-accordion__content--layout-1\"><p align=\"justify\">Recomendamos verificar la mercanc\u00eda tan pronto como la reciba para evitar superar los 14 d\u00edas del plazo de cambio\/devoluci\u00f3n y posibles inconvenientes. Tenga en cuenta que no cambiamos lencer\u00eda por razones de higiene, ni productos que se encuentren abiertos. Guarde las facturas que reciba con los art\u00edculos. Consulte nuestra pol\u00edtica de devoluciones para m\u00e1s detalles.<\/p><\/div>\t\t\t\t\t<\/div>\n\t\t\t\t\t\t\t\t\t\t\t\t\t\t\t<div class=\"c-ip-accordion__item c-ip-accordion__item--layout-1\">\n\t\t\t\t\t\t<a class=\"c-ip-accordion__header c-ip-accordion__header--layout-1 js-accordion-title\" href=\"\" onclick=\"return false;\">\u00bfC\u00f3mo se puede hacer el reembolso?<i class=\"ip-right c-ip-accordion__arrow c-ip-accordion__arrow--layout-1\"><\/i><\/a>\t\t\t\t\t\t<div class=\"c-ip-accordion__content c-ip-accordion__content--layout-1\"><p align=\"justify\">Podemos hacerlo a trav\u00e9s de un vale en nuestra tienda, que se descontar\u00e1 en su pr\u00f3ximo pedido.<\/p><\/div>\t\t\t\t\t<\/div>\n\t\t\t\t\t\t\t\t\t\t\t\t\t\t<\/div>\n\t\t\t<\/div>\n\t\t<\/div>\n\t\t\t\t\t\t<\/div>\n\t\t\t\t<\/div>\n\t\t\t\t\t<\/div>\n\t\t<\/div>\n\t\t\t\t\t<\/div>\n\t\t<\/section>\n\t\t\t\t<\/div>\n\t\t","protected":false},"excerpt":{"rendered":"<p>FAQ Env\u00edos \u00bfLos envases son discretos? S\u00ed, nuestros pedidos se env\u00edan en envases sin ninguna indicaci\u00f3n exterior de su contenido ni referencia&hellip;<\/p>\n","protected":false},"author":1,"featured_media":0,"parent":0,"menu_order":0,"comment_status":"closed","ping_status":"closed","template":"elementor_header_footer","meta":{"footnotes":""},"class_list":["post-509698","page","type-page","status-publish","hentry"],"jetpack_sharing_enabled":true,"_links":{"self":[{"href":"https:\/\/www.erothis.com\/es\/wp-json\/wp\/v2\/pages\/509698","targetHints":{"allow":["GET"]}}],"collection":[{"href":"https:\/\/www.erothis.com\/es\/wp-json\/wp\/v2\/pages"}],"about":[{"href":"https:\/\/www.erothis.com\/es\/wp-json\/wp\/v2\/types\/page"}],"author":[{"embeddable":true,"href":"https:\/\/www.erothis.com\/es\/wp-json\/wp\/v2\/users\/1"}],"replies":[{"embeddable":true,"href":"https:\/\/www.erothis.com\/es\/wp-json\/wp\/v2\/comments?post=509698"}],"version-history":[{"count":4,"href":"https:\/\/www.erothis.com\/es\/wp-json\/wp\/v2\/pages\/509698\/revisions"}],"predecessor-version":[{"id":509702,"href":"https:\/\/www.erothis.com\/es\/wp-json\/wp\/v2\/pages\/509698\/revisions\/509702"}],"wp:attachment":[{"href":"https:\/\/www.erothis.com\/es\/wp-json\/wp\/v2\/media?parent=509698"}],"curies":[{"name":"wp","href":"https:\/\/api.w.org\/{rel}","templated":true}]}}