{"id":509707,"date":"2023-06-20T16:36:18","date_gmt":"2023-06-20T15:36:18","guid":{"rendered":"https:\/\/www.erothis.com\/envios-e-devolucoes\/"},"modified":"2025-05-09T13:20:18","modified_gmt":"2025-05-09T12:20:18","slug":"envios-y-devoluciones","status":"publish","type":"page","link":"https:\/\/www.erothis.com\/es\/envios-y-devoluciones\/","title":{"rendered":"Env\u00edos y Devoluciones"},"content":{"rendered":"\t\t<div data-elementor-type=\"wp-page\" data-elementor-id=\"509707\" class=\"elementor elementor-509707 elementor-48919\" data-elementor-post-type=\"page\">\n\t\t\t\t\t\t<section class=\"elementor-section elementor-top-section elementor-element elementor-element-2005d0eb elementor-section-boxed elementor-section-height-default elementor-section-height-default\" data-id=\"2005d0eb\" data-element_type=\"section\" data-e-type=\"section\">\n\t\t\t\t\t\t<div class=\"elementor-container elementor-column-gap-default\">\n\t\t\t\t\t<div class=\"elementor-column elementor-col-100 elementor-top-column elementor-element elementor-element-ff398de\" data-id=\"ff398de\" data-element_type=\"column\" data-e-type=\"column\">\n\t\t\t<div class=\"elementor-widget-wrap elementor-element-populated\">\n\t\t\t\t\t\t<div class=\"elementor-element elementor-element-5d850c97 elementor-widget elementor-widget-text-editor\" data-id=\"5d850c97\" data-element_type=\"widget\" data-e-type=\"widget\" data-widget_type=\"text-editor.default\">\n\t\t\t\t<div class=\"elementor-widget-container\">\n\t\t\t\t\t\t\t\t\t<h3 style=\"text-align: center;\">Env\u00edos<\/h3>\n<p>\n\n<\/p>\n<h5 style=\"text-align: left;\">Embalaje Discreto<\/h5>\n<p>\n\n<\/p>\n<p>Somos una sexshop online y queremos garantizar total confianza, seguridad y discreci\u00f3n en la recepci\u00f3n de sus pedidos online. Para facilitar sus compras, garantizamos que todos nuestros embalajes son 100% an\u00f3nimos y no contienen ninguna identificaci\u00f3n de la tienda online sexshop erothis.com.<\/p>\n<p>Facilitamos todos los procesos para que pueda recibir c\u00f3modamente sus pedidos en cualquier lugar, ya sea en casa o incluso en el trabajo.<\/p>\n<p>Nuestros paquetes est\u00e1n hechos con cajas est\u00e1ndar, sin etiquetas identificativas, donde no mencionamos el\/los producto(s) y en la etiqueta del transportista no aparece ninguna referencia a nuestra tienda online sexshop erothis.com.<\/p>\n<p><\/p>\n<h5 style=\"text-align: left;\">Entrega<\/h5>\n<p>\n\n<\/p>\n<p>Los pedidos realizados antes de las 16:00 se env\u00edan el mismo d\u00eda h\u00e1bil y se entregan en un plazo de solo 24 horas h\u00e1biles.<\/p>\n<p>Retrasos o fallos en las entregas pueden \u2013 lamentable y raramente \u2013 ocurrir. Aunque el retraso sea responsabilidad de las empresas contratadas para la distribuci\u00f3n, siempre estamos atentos a estas situaciones para intentar minimizar la posibilidad de que ocurran. Si ocurren, siempre intentamos solucionarlo de la forma m\u00e1s sencilla y r\u00e1pida posible.<\/p>\n<h3 style=\"text-align: center;\">Devoluciones<\/h3>\n<p>\n\n<\/p>\n<h5 style=\"text-align: left;\">Devoluciones y cambios<\/h5>\n<p>No aceptamos cambios. Si detecta alg\u00fan problema en el producto entregado, antes de proceder a su devoluci\u00f3n debe ponerse en contacto con nosotros a trav\u00e9s del correo electr\u00f3nico info@erothis.com para iniciar el proceso de devoluci\u00f3n. Tras la recepci\u00f3n del art\u00edculo y verificaci\u00f3n de las condiciones de devoluci\u00f3n, se emitir\u00e1 un vale. El vale solo incluir\u00e1 el valor de los art\u00edculos devueltos, es decir, no reembolsaremos los gastos de env\u00edo, embalaje ni de cobro, si los hubiera.<\/p>\n<p>\n\n<\/p>\n<p>Tenga en cuenta las siguientes condiciones:<\/p>\n<ul>\n<li>La solicitud de devoluci\u00f3n debe realizarse dentro de los <strong>14 d\u00edas desde la fecha de compra.<\/strong><\/li>\n<li>No se aceptar\u00e1n devoluciones con indicios de retirada del pl\u00e1stico envolvente y\/o del sello de garant\u00eda de inviolabilidad (salvo en caso de fallo comprobado del art\u00edculo), o si el embalaje original est\u00e1 da\u00f1ado, <b>no ser\u00e1n aceptadas.<\/b><\/li>\n<li>No se aceptar\u00e1n devoluciones de productos alimenticios, suplementos, cremas, aceites, lubricantes, DVD\u2019s, lencer\u00eda, braguitas menstruales y otros art\u00edculos de uso\/higiene \u00edntima, <b>excepto si presentan un defecto de fabricaci\u00f3n.<\/b><\/li>\n<li>Antes de retirar el pl\u00e1stico o el sello de garant\u00eda, verifique que el producto recibido corresponde al que ha pedido.<\/li>\n<li>Al devolver art\u00edculos, aseg\u00farese de que est\u00e1n debidamente empaquetados en el embalaje original, ya que no se aceptar\u00e1n devoluciones con el embalaje da\u00f1ado.<\/li>\n<\/ul>\n<p><\/p>\n\t\t\t\t\t\t\t\t<\/div>\n\t\t\t\t<\/div>\n\t\t\t\t\t<\/div>\n\t\t<\/div>\n\t\t\t\t\t<\/div>\n\t\t<\/section>\n\t\t\t\t<\/div>\n\t\t","protected":false},"excerpt":{"rendered":"<p>Env\u00edos Embalaje Discreto Somos una sexshop online y queremos garantizar total confianza, seguridad y discreci\u00f3n en la recepci\u00f3n de sus pedidos online.&hellip;<\/p>\n","protected":false},"author":4,"featured_media":0,"parent":0,"menu_order":0,"comment_status":"closed","ping_status":"open","template":"","meta":{"footnotes":""},"class_list":["post-509707","page","type-page","status-publish","hentry"],"jetpack_sharing_enabled":true,"_links":{"self":[{"href":"https:\/\/www.erothis.com\/es\/wp-json\/wp\/v2\/pages\/509707","targetHints":{"allow":["GET"]}}],"collection":[{"href":"https:\/\/www.erothis.com\/es\/wp-json\/wp\/v2\/pages"}],"about":[{"href":"https:\/\/www.erothis.com\/es\/wp-json\/wp\/v2\/types\/page"}],"author":[{"embeddable":true,"href":"https:\/\/www.erothis.com\/es\/wp-json\/wp\/v2\/users\/4"}],"replies":[{"embeddable":true,"href":"https:\/\/www.erothis.com\/es\/wp-json\/wp\/v2\/comments?post=509707"}],"version-history":[{"count":7,"href":"https:\/\/www.erothis.com\/es\/wp-json\/wp\/v2\/pages\/509707\/revisions"}],"predecessor-version":[{"id":509714,"href":"https:\/\/www.erothis.com\/es\/wp-json\/wp\/v2\/pages\/509707\/revisions\/509714"}],"wp:attachment":[{"href":"https:\/\/www.erothis.com\/es\/wp-json\/wp\/v2\/media?parent=509707"}],"curies":[{"name":"wp","href":"https:\/\/api.w.org\/{rel}","templated":true}]}}