{"id":493545,"date":"2023-06-19T17:48:01","date_gmt":"2023-06-19T16:48:01","guid":{"rendered":"https:\/\/www.erothis.com\/?post_type=product&#038;p=493545"},"modified":"2026-02-04T08:39:51","modified_gmt":"2026-02-04T08:39:51","slug":"darkness-plug-anal-silver-8-cm-con-cola-negro","status":"publish","type":"product","link":"https:\/\/www.erothis.com\/es\/productos\/darkness-plug-anal-silver-8-cm-con-cola-negro\/","title":{"rendered":"DARKNESS &#8211; PLUG ANAL SILVER 8 CM CON COLA NEGRO"},"content":{"rendered":"<p>Esta cola est\u00e1 lista para dar rienda suelta a animal interior de su pareja.<\/p>\n<p>El plug es estimulante para todos, desde el principiante hasta el jugador m\u00e1s avanzado. Est\u00e1 dise\u00f1ado para ser a la vez visual y sexual, que se sienta muy c\u00f3modo e incluso se puede calentar o enfriar para el juego.<\/p>\n<p>Los usuarios pueden disfrutar de la sensaci\u00f3n de saciedad, proporcionado por el plug, al tiempo que proporcionan a su pareja alg\u00fan atractivo visual con la cola peluda que sobresale al final.<\/p>\n<p>\u00a1Deja que estos seductores dilatadores anales te proporcionen una satisfacci\u00f3n m\u00e1xima y realcen tu vida sexual!<\/p>\n<ul>\n<li>Longitud total del Plug: 8 cm<\/li>\n<li>Diametro; 3.4 cm<\/li>\n<li>Material Sintetico<\/li>\n<\/ul>\n<p>Darkness es una marca de nueva generaci\u00f3n 2020, todos nuestros materiales son de excelente calidad asegurando que la fabricaci\u00f3n compromete un resultado perfecto para principiantes o avanzados que le gusta el mundo Fetish o bdsm.<\/p>\n<p style=\"text-align: center;\">\n","protected":false},"excerpt":{"rendered":"<p>DARKNESS &#8211; BLACK TAIL BUTT PLUG SILVER 8 CM<\/p>\n","protected":false},"featured_media":232193,"comment_status":"open","ping_status":"closed","template":"","meta":[],"product_brand":[],"product_cat":[1263,1252,1265],"product_tag":[],"class_list":{"0":"post-493545","1":"product","2":"type-product","3":"status-publish","4":"has-post-thumbnail","6":"product_cat-anal-es","7":"product_cat-bdsm-es","8":"product_cat-plugs-es","10":"first","11":"outofstock","12":"taxable","13":"shipping-taxable","14":"purchasable","15":"product-type-simple"},"jetpack_sharing_enabled":true,"_links":{"self":[{"href":"https:\/\/www.erothis.com\/es\/wp-json\/wp\/v2\/product\/493545","targetHints":{"allow":["GET"]}}],"collection":[{"href":"https:\/\/www.erothis.com\/es\/wp-json\/wp\/v2\/product"}],"about":[{"href":"https:\/\/www.erothis.com\/es\/wp-json\/wp\/v2\/types\/product"}],"replies":[{"embeddable":true,"href":"https:\/\/www.erothis.com\/es\/wp-json\/wp\/v2\/comments?post=493545"}],"version-history":[{"count":2,"href":"https:\/\/www.erothis.com\/es\/wp-json\/wp\/v2\/product\/493545\/revisions"}],"predecessor-version":[{"id":509401,"href":"https:\/\/www.erothis.com\/es\/wp-json\/wp\/v2\/product\/493545\/revisions\/509401"}],"wp:featuredmedia":[{"embeddable":true,"href":"https:\/\/www.erothis.com\/es\/wp-json\/wp\/v2\/media\/232193"}],"wp:attachment":[{"href":"https:\/\/www.erothis.com\/es\/wp-json\/wp\/v2\/media?parent=493545"}],"wp:term":[{"taxonomy":"product_brand","embeddable":true,"href":"https:\/\/www.erothis.com\/es\/wp-json\/wp\/v2\/product_brand?post=493545"},{"taxonomy":"product_cat","embeddable":true,"href":"https:\/\/www.erothis.com\/es\/wp-json\/wp\/v2\/product_cat?post=493545"},{"taxonomy":"product_tag","embeddable":true,"href":"https:\/\/www.erothis.com\/es\/wp-json\/wp\/v2\/product_tag?post=493545"}],"curies":[{"name":"wp","href":"https:\/\/api.w.org\/{rel}","templated":true}]}}