{"id":494262,"date":"2023-06-19T18:06:13","date_gmt":"2023-06-19T17:06:13","guid":{"rendered":"https:\/\/www.erothis.com\/?post_type=product&#038;p=494262"},"modified":"2025-04-11T22:44:20","modified_gmt":"2025-04-11T21:44:20","slug":"bioaqua-lubricante-ingredientes-naturales-base-agua-50-ml","status":"publish","type":"product","link":"https:\/\/www.erothis.com\/es\/productos\/bioaqua-lubricante-ingredientes-naturales-base-agua-50-ml\/","title":{"rendered":"BIOAQUA LUBRICANTE INGREDIENTES NATURALES BASE AGUA 50 ML"},"content":{"rendered":"<p>Nuestro lubricante BIOAQUA\u00ae es la elecci\u00f3n perfecta para el placer natural: sin efectos, solo sensaciones sin fricci\u00f3n con un toque ligero. Se puede usar durante el sexo, pero gracias a su formulaci\u00f3n con base acuosa natural, tambi\u00e1n es delicado con los juguetes sexuales.<\/p>\n<p> \u00bfQu\u00e1 puede aportar el lubricante BIOAQUA\u00ae?<\/p>\n<p> La versi\u00f3n BIOAQUA del lubricante a base de agua, gracias a su f\u00f3rmula suave y 100% natural, ofrece una sensaci\u00f3n de piel sedosa que hace que la estimulaci\u00f3n resulte especialmente intensa. Es adecuado tanto para mujeres como para hombres o parejas y proporciona siempre un mayor placer deslizante. La f\u00f3rmula sin aceites ni componentes grasos tambi\u00e1n es compatible con los condones.<\/p>\n<p> \u00a1Este lubricante a base de agua es 100% natural, seguro para los juguetes y agradable para el cuerpo!<\/p>\n<p> BIOAQUA\u00ae tambi\u00e1n es excelente para usar con preservativos o simplemente piel con piel. A diferencia de muchos otros lubricantes a base de agua, BIOAQUA\u00ae no deja residuos. Adem\u00e1s, su transparente botella se ve genial en tu mesita de noche.<\/p>\n<p> Tenga en cuenta: El uso de lubricantes, aceites y cremas que no sean a base de agua puede causar da\u00f1os irreversibles a la unidad de control ya todo el juguete.<\/p>\n<p> Instrucciones de uso: aplica la cantidad de lubricante que quieras en las partes del cuerpo deseadas y rep\u00edtalo todas las veces que quieras.<\/p>\n<p> Los lubricantes BIOAQUA\u00ae son compatibles con preservativos de Latex.<\/p>\n<ul>\n<li> Apto para el sexo oral<\/li>\n<li> Ideal para utilizarlo con juguetes sexuales<\/li>\n<li> 100% Europeo.<\/li>\n<\/ul>\n<p> Tenga en cuenta: El uso de lubricantes, aceites y cremas que no sean a base de agua de calidad puede causar da\u00f1os irreversibles a la unidad de control ya todo el juguete.<\/p>\n<ul>\n<li> Ingredientes 100% naturales.<\/li>\n<li> Dermatol\u00f3gicamente probado<\/li>\n<li> Alto rendimiento<\/li>\n<li> Larga capacidad deslizante<\/li>\n<li> Apropiado para el uso con preservativos de l\u00e1tex<\/li>\n<li> Hidrosoluble<\/li>\n<li> Neutro al gusto<\/li>\n<li> Incoloro e inodoro<\/li>\n<li> No contiene aceite ni perfumes<\/li>\n<li> Homologado como producto medicinal con el distintivo CE<\/li>\n<\/ul>\n","protected":false},"excerpt":{"rendered":"<p>LUBRICANTE AL AGUA BIOAQUA INGREDIENTES NATURALES 50 ML<\/p>\n","protected":false},"featured_media":233840,"comment_status":"open","ping_status":"closed","template":"","meta":[],"product_brand":[],"product_cat":[1351,1355,1338],"product_tag":[],"class_list":{"0":"post-494262","1":"product","2":"type-product","3":"status-publish","4":"has-post-thumbnail","6":"product_cat-lubricantes","7":"product_cat-lubricantes-a-base-de-agua","8":"product_cat-sexo-oral-es","10":"first","11":"instock","12":"taxable","13":"shipping-taxable","14":"purchasable","15":"product-type-simple"},"jetpack_sharing_enabled":true,"_links":{"self":[{"href":"https:\/\/www.erothis.com\/es\/wp-json\/wp\/v2\/product\/494262","targetHints":{"allow":["GET"]}}],"collection":[{"href":"https:\/\/www.erothis.com\/es\/wp-json\/wp\/v2\/product"}],"about":[{"href":"https:\/\/www.erothis.com\/es\/wp-json\/wp\/v2\/types\/product"}],"replies":[{"embeddable":true,"href":"https:\/\/www.erothis.com\/es\/wp-json\/wp\/v2\/comments?post=494262"}],"version-history":[{"count":1,"href":"https:\/\/www.erothis.com\/es\/wp-json\/wp\/v2\/product\/494262\/revisions"}],"predecessor-version":[{"id":494292,"href":"https:\/\/www.erothis.com\/es\/wp-json\/wp\/v2\/product\/494262\/revisions\/494292"}],"wp:featuredmedia":[{"embeddable":true,"href":"https:\/\/www.erothis.com\/es\/wp-json\/wp\/v2\/media\/233840"}],"wp:attachment":[{"href":"https:\/\/www.erothis.com\/es\/wp-json\/wp\/v2\/media?parent=494262"}],"wp:term":[{"taxonomy":"product_brand","embeddable":true,"href":"https:\/\/www.erothis.com\/es\/wp-json\/wp\/v2\/product_brand?post=494262"},{"taxonomy":"product_cat","embeddable":true,"href":"https:\/\/www.erothis.com\/es\/wp-json\/wp\/v2\/product_cat?post=494262"},{"taxonomy":"product_tag","embeddable":true,"href":"https:\/\/www.erothis.com\/es\/wp-json\/wp\/v2\/product_tag?post=494262"}],"curies":[{"name":"wp","href":"https:\/\/api.w.org\/{rel}","templated":true}]}}