{"id":495094,"date":"2023-06-19T18:13:47","date_gmt":"2023-06-19T17:13:47","guid":{"rendered":"https:\/\/www.erothis.com\/?post_type=product&#038;p=495094"},"modified":"2025-04-30T00:02:08","modified_gmt":"2025-04-29T23:02:08","slug":"intt-for-him-gel-intimo-para-aumentar-ereccion-y-tamano-pene","status":"publish","type":"product","link":"https:\/\/www.erothis.com\/es\/productos\/intt-for-him-gel-intimo-para-aumentar-ereccion-y-tamano-pene\/","title":{"rendered":"INTT FOR HIM &#8211; GEL \u00cdNTIMO PARA AUMENTAR ERECCI\u00d3N Y TAMA\u00d1O PENE"},"content":{"rendered":"<p>Inflate XXL de INTT es un potente gel dise&ntilde;ado especialmente para aportar sensaci&oacute;n de firmeza y volumen al pene.<\/p>\n<p>Gracias a su composici&oacute;n vasodilatadora, aumenta la circulaci&oacute;n intensamente aportando mayor sensibilidad e hinchando la zona &iacute;ntima durante un tiempo limitado, potenciando la erecci&oacute;n e intensificando la sensibilidad. Tambi&eacute;n es apto para su uso en la zona de la vulva para experimentar sensaci&oacute;n de hinchaz&oacute;n y potenciar la sensibilidad del cl&iacute;toris. Es un producto besable, con sutil aroma a canela, haci&eacute;ndolo totalmente apto para sexo oral y ampliar las opciones de juego.<\/p>\n<p>Debe aplicarse una peque&ntilde;a cantidad en la zona del glande y del cuerpo del pene y masajear el producto hasta que se absorba.<\/p>\n<p>Viene en un c&oacute;modo y pr&aacute;ctico envase con dosificador de 15 ml.<\/p>\n<p>Caracter&iacute;sticas principales:<\/p>\n<ul>\n<li>Gel para potenciar la erecci&oacute;n.<\/li>\n<li>Vasodilatador.<\/li>\n<li>Aumenta la circulaci&oacute;n sangu&iacute;nea.<\/li>\n<li>Aporta mayor sensibilidad.<\/li>\n<li>Hincha la zona &iacute;ntima durante un tiempo limitado.<\/li>\n<li>Apto tambi&eacute;n para la vulva y cl&iacute;toris.<\/li>\n<li>Comestible.<\/li>\n<li>Sutil aroma a canela.<\/li>\n<li>Apto para el sexo oral.<\/li>\n<li>Formato c&oacute;modo y pr&aacute;ctico.<\/li>\n<li>Con dosificador.<\/li>\n<li>Envase de 15 ml.<\/li>\n<\/ul>\n","protected":false},"excerpt":{"rendered":"<p>PACKAGING DISPONIBLE EN: \/es\/en\/fr\/de\/it\/pt\/<\/p>\n","protected":false},"featured_media":234542,"comment_status":"open","ping_status":"closed","template":"","meta":[],"product_brand":[],"product_cat":[1243,1246,1339,1338],"product_tag":[],"class_list":{"0":"post-495094","1":"product","2":"type-product","3":"status-publish","4":"has-post-thumbnail","6":"product_cat-mas-poder","7":"product_cat-aumento-del-pene","8":"product_cat-experiencia-intensa-es","9":"product_cat-sexo-oral-es","11":"first","12":"instock","13":"taxable","14":"shipping-taxable","15":"purchasable","16":"product-type-simple"},"jetpack_sharing_enabled":true,"_links":{"self":[{"href":"https:\/\/www.erothis.com\/es\/wp-json\/wp\/v2\/product\/495094","targetHints":{"allow":["GET"]}}],"collection":[{"href":"https:\/\/www.erothis.com\/es\/wp-json\/wp\/v2\/product"}],"about":[{"href":"https:\/\/www.erothis.com\/es\/wp-json\/wp\/v2\/types\/product"}],"replies":[{"embeddable":true,"href":"https:\/\/www.erothis.com\/es\/wp-json\/wp\/v2\/comments?post=495094"}],"version-history":[{"count":1,"href":"https:\/\/www.erothis.com\/es\/wp-json\/wp\/v2\/product\/495094\/revisions"}],"predecessor-version":[{"id":495124,"href":"https:\/\/www.erothis.com\/es\/wp-json\/wp\/v2\/product\/495094\/revisions\/495124"}],"wp:featuredmedia":[{"embeddable":true,"href":"https:\/\/www.erothis.com\/es\/wp-json\/wp\/v2\/media\/234542"}],"wp:attachment":[{"href":"https:\/\/www.erothis.com\/es\/wp-json\/wp\/v2\/media?parent=495094"}],"wp:term":[{"taxonomy":"product_brand","embeddable":true,"href":"https:\/\/www.erothis.com\/es\/wp-json\/wp\/v2\/product_brand?post=495094"},{"taxonomy":"product_cat","embeddable":true,"href":"https:\/\/www.erothis.com\/es\/wp-json\/wp\/v2\/product_cat?post=495094"},{"taxonomy":"product_tag","embeddable":true,"href":"https:\/\/www.erothis.com\/es\/wp-json\/wp\/v2\/product_tag?post=495094"}],"curies":[{"name":"wp","href":"https:\/\/api.w.org\/{rel}","templated":true}]}}