{"id":495583,"date":"2023-06-19T18:18:49","date_gmt":"2023-06-19T17:18:49","guid":{"rendered":"https:\/\/www.erothis.com\/?post_type=product&#038;p=495583"},"modified":"2026-04-10T09:59:55","modified_gmt":"2026-04-10T08:59:55","slug":"taloka-brazilian-balls-gel-excitante-efecto-climax-2-bolas","status":"publish","type":"product","link":"https:\/\/www.erothis.com\/es\/productos\/taloka-brazilian-balls-gel-excitante-efecto-climax-2-bolas\/","title":{"rendered":"TALOKA &#8211; BRAZILIAN BALLS GEL EXCITANTE EFECTO CLIMAX 2 BOLAS"},"content":{"rendered":"<p><strong>PACK 2 BRAZILIAN BALLS GEL EXCITANTE &#8211; EFECTO CLIMAX<\/strong><\/p>\n<p>2 bolas brasile\u00f1as con LUBRICANTE DE GEL EXCITANTE EFECTO CLIMAX QUE PROPORCIONA UNA EXPLOSION DE PLACER QUE HAR\u00c1 QUE LA RELACI\u00d3N LLEGUE AL M\u00c1XIMO CL\u00cdMAX, PROPORCIONANDO UN MOMENTO INOLVIDABLE.<\/p>\n<p>Ideal para masajes. Al contacto con el calor del cuerpo, la bola se disuelve en poco tiempo, liberando el lubricante con el sabor que contienen.<\/p>\n<p>MODO DE USO: Enjuague sus manos con agua y envuelva la bola brasile\u00f1a durante 3 a 4 minutos hasta que comience a disolver un poco de aceite, luego col\u00f3quelo en la zona erogena y masaj\u00e1 suavemente hasta que se libere todo su aceite, poporcionando una explosi\u00f3n de placer y aroma.<\/p>\n<p>PRECAUCIONES: Conservar a temperatura ambiente y protegido de la luz solar y la humedad, mantener fuera del alcance de los ni\u00f1os y no colocar en el area de los ojos o en heridas.\u00ac\u2020Pueden ser usadas anal y vaginal. No son compatibles con el uso de preservativos al estar compuestas de aceite. NO INGERIR.<\/p>\n<p>DALE RIENDA SUELTA A TU IMAGINACION.<\/p>\n<p>&#8203;<strong>Diablo Picante<\/strong>, pioneros en Espa\u00f1a en la fabricaci\u00f3n\u00ac\u2020de art\u00edculos divertidos con tem\u00e1tica er\u00f3tica para todo tipo de celebraciones:\u00ac\u2020despedidas, cumplea\u00f1os, jubilaciones, bromas, fiestas y cualquier otro evento con amigos y compa\u00f1eros.<\/p>\n","protected":false},"excerpt":{"rendered":"<p>TALOKA &#8211; 2 BRAZILIAN BALLS CLIMAX EFFECT EXCITING GEL<\/p>\n","protected":false},"featured_media":235033,"comment_status":"open","ping_status":"closed","template":"","meta":[],"product_brand":[],"product_cat":[1352,1351],"product_tag":[],"class_list":{"0":"post-495583","1":"product","2":"type-product","3":"status-publish","4":"has-post-thumbnail","6":"product_cat-bolitas-explosivas","7":"product_cat-lubricantes","9":"first","10":"instock","11":"taxable","12":"shipping-taxable","13":"purchasable","14":"product-type-simple"},"jetpack_sharing_enabled":true,"_links":{"self":[{"href":"https:\/\/www.erothis.com\/es\/wp-json\/wp\/v2\/product\/495583","targetHints":{"allow":["GET"]}}],"collection":[{"href":"https:\/\/www.erothis.com\/es\/wp-json\/wp\/v2\/product"}],"about":[{"href":"https:\/\/www.erothis.com\/es\/wp-json\/wp\/v2\/types\/product"}],"replies":[{"embeddable":true,"href":"https:\/\/www.erothis.com\/es\/wp-json\/wp\/v2\/comments?post=495583"}],"version-history":[{"count":1,"href":"https:\/\/www.erothis.com\/es\/wp-json\/wp\/v2\/product\/495583\/revisions"}],"predecessor-version":[{"id":495613,"href":"https:\/\/www.erothis.com\/es\/wp-json\/wp\/v2\/product\/495583\/revisions\/495613"}],"wp:featuredmedia":[{"embeddable":true,"href":"https:\/\/www.erothis.com\/es\/wp-json\/wp\/v2\/media\/235033"}],"wp:attachment":[{"href":"https:\/\/www.erothis.com\/es\/wp-json\/wp\/v2\/media?parent=495583"}],"wp:term":[{"taxonomy":"product_brand","embeddable":true,"href":"https:\/\/www.erothis.com\/es\/wp-json\/wp\/v2\/product_brand?post=495583"},{"taxonomy":"product_cat","embeddable":true,"href":"https:\/\/www.erothis.com\/es\/wp-json\/wp\/v2\/product_cat?post=495583"},{"taxonomy":"product_tag","embeddable":true,"href":"https:\/\/www.erothis.com\/es\/wp-json\/wp\/v2\/product_tag?post=495583"}],"curies":[{"name":"wp","href":"https:\/\/api.w.org\/{rel}","templated":true}]}}