{"id":495703,"date":"2023-06-19T18:19:54","date_gmt":"2023-06-19T17:19:54","guid":{"rendered":"https:\/\/www.erothis.com\/?post_type=product&#038;p=495703"},"modified":"2025-04-12T01:20:55","modified_gmt":"2025-04-12T00:20:55","slug":"pjur-myglide-lubricante-estimulante-efecto-calor-100-ml","status":"publish","type":"product","link":"https:\/\/www.erothis.com\/es\/productos\/pjur-myglide-lubricante-estimulante-efecto-calor-100-ml\/","title":{"rendered":"PJUR &#8211; MYGLIDE LUBRICANTE ESTIMULANTE EFECTO CALOR 100 ML"},"content":{"rendered":"<p>Es un lubricante de formulaci\u00f3n ecol\u00f3gica a base de agua, que produce un agradable efecto de calor e incrementa la sensaci\u00f3n de placer personal.<\/p>\n<p>Sus principales cualidades son;<\/p>\n<ul>\n<li>Potencia la senbilidad y es estimulante<\/li>\n<li>Efecto Calor<\/li>\n<\/ul>\n<p>El Ginseng proporciona un estimulante efecto er\u00f3tico e intensifica la sensaci\u00f3n durante el acto sexual.<\/p>\n<p>Seguro para uso con preservativos.<\/p>\n<p>Ingredientes: Glycerin, Aqua, Hydroxypropyl, Panax Ginseng, etc.<\/p>\n<p>Pjur<strong>\u00ae<\/strong> es L\u00edder mundial en la fabricaci\u00f3n de lubricantes anales y vaginales, as\u00ed como de retardantes y potenciadores, son de larga duraci\u00f3n, su fiabilidad y durabilidad es un referente en el sector.<\/p>\n<p>Envase de 100ml.<\/p>\n","protected":false},"excerpt":{"rendered":"<p>PJUR &#8211; MYGLIDE STIMULATING LUBRICANT WITH HEAT EFFECT 100 ML<\/p>\n","protected":false},"featured_media":235144,"comment_status":"open","ping_status":"closed","template":"","meta":[],"product_brand":[],"product_cat":[1351,1355,1247],"product_tag":[],"class_list":{"0":"post-495703","1":"product","2":"type-product","3":"status-publish","4":"has-post-thumbnail","6":"product_cat-lubricantes","7":"product_cat-lubricantes-a-base-de-agua","8":"product_cat-sensibilizadores-es","10":"first","11":"instock","12":"taxable","13":"shipping-taxable","14":"purchasable","15":"product-type-simple"},"jetpack_sharing_enabled":true,"_links":{"self":[{"href":"https:\/\/www.erothis.com\/es\/wp-json\/wp\/v2\/product\/495703","targetHints":{"allow":["GET"]}}],"collection":[{"href":"https:\/\/www.erothis.com\/es\/wp-json\/wp\/v2\/product"}],"about":[{"href":"https:\/\/www.erothis.com\/es\/wp-json\/wp\/v2\/types\/product"}],"replies":[{"embeddable":true,"href":"https:\/\/www.erothis.com\/es\/wp-json\/wp\/v2\/comments?post=495703"}],"version-history":[{"count":1,"href":"https:\/\/www.erothis.com\/es\/wp-json\/wp\/v2\/product\/495703\/revisions"}],"predecessor-version":[{"id":495733,"href":"https:\/\/www.erothis.com\/es\/wp-json\/wp\/v2\/product\/495703\/revisions\/495733"}],"wp:featuredmedia":[{"embeddable":true,"href":"https:\/\/www.erothis.com\/es\/wp-json\/wp\/v2\/media\/235144"}],"wp:attachment":[{"href":"https:\/\/www.erothis.com\/es\/wp-json\/wp\/v2\/media?parent=495703"}],"wp:term":[{"taxonomy":"product_brand","embeddable":true,"href":"https:\/\/www.erothis.com\/es\/wp-json\/wp\/v2\/product_brand?post=495703"},{"taxonomy":"product_cat","embeddable":true,"href":"https:\/\/www.erothis.com\/es\/wp-json\/wp\/v2\/product_cat?post=495703"},{"taxonomy":"product_tag","embeddable":true,"href":"https:\/\/www.erothis.com\/es\/wp-json\/wp\/v2\/product_tag?post=495703"}],"curies":[{"name":"wp","href":"https:\/\/api.w.org\/{rel}","templated":true}]}}