{"id":495821,"date":"2023-06-19T18:21:21","date_gmt":"2023-06-19T17:21:21","guid":{"rendered":"https:\/\/www.erothis.com\/?post_type=product&#038;p=495821"},"modified":"2025-04-12T01:33:04","modified_gmt":"2025-04-12T00:33:04","slug":"tentacion-gel-orgasmico-femenino-punto-g-50-ml","status":"publish","type":"product","link":"https:\/\/www.erothis.com\/es\/productos\/tentacion-gel-orgasmico-femenino-punto-g-50-ml\/","title":{"rendered":"TENTACION &#8211; GEL ORGASMICO FEMENINO PUNTO G 50 ML"},"content":{"rendered":"<p>TENTACION GEL ORGASMICO FEMENINO PUNTO G 50 ML.<strong> (EUROSCENTS) <\/strong>El gel org\u00e1smico femenino Tentaci\u00f3n con efecto fr\u00edo, estimula la circulaci\u00f3n sanguinea y sensibiliza la zona clitorial favoreciendo el orgasmo femenino.<\/p>\n<p>Aplica un poca cantidad en la zona del cl\u00edtoris y siente como su efecto refrescante te provoca una agradable sensaci\u00f3n, ahora deja que tu pareja masaj\u00e1e tu cl\u00edtoris y el orgasmo tardar\u00e1 poco en hacer acto de presencia.<\/p>\n<p>El gel org\u00e1smico femenino Tentaci\u00f3n es ideal para juegos en pareja o con jueguetes de estimulaci\u00f3n externa.<\/p>\n<p>Envase 50 ml.<\/p>\n","protected":false},"excerpt":{"rendered":"<p>TENTACION &#8211; FEMALE ORGASMIC GEL G POINT 50 ML<\/p>\n","protected":false},"featured_media":235273,"comment_status":"open","ping_status":"closed","template":"","meta":[],"product_brand":[],"product_cat":[1243,1247],"product_tag":[],"class_list":{"0":"post-495821","1":"product","2":"type-product","3":"status-publish","4":"has-post-thumbnail","6":"product_cat-mas-poder","7":"product_cat-sensibilizadores-es","9":"first","10":"instock","11":"taxable","12":"shipping-taxable","13":"purchasable","14":"product-type-simple"},"jetpack_sharing_enabled":true,"_links":{"self":[{"href":"https:\/\/www.erothis.com\/es\/wp-json\/wp\/v2\/product\/495821","targetHints":{"allow":["GET"]}}],"collection":[{"href":"https:\/\/www.erothis.com\/es\/wp-json\/wp\/v2\/product"}],"about":[{"href":"https:\/\/www.erothis.com\/es\/wp-json\/wp\/v2\/types\/product"}],"replies":[{"embeddable":true,"href":"https:\/\/www.erothis.com\/es\/wp-json\/wp\/v2\/comments?post=495821"}],"version-history":[{"count":1,"href":"https:\/\/www.erothis.com\/es\/wp-json\/wp\/v2\/product\/495821\/revisions"}],"predecessor-version":[{"id":495851,"href":"https:\/\/www.erothis.com\/es\/wp-json\/wp\/v2\/product\/495821\/revisions\/495851"}],"wp:featuredmedia":[{"embeddable":true,"href":"https:\/\/www.erothis.com\/es\/wp-json\/wp\/v2\/media\/235273"}],"wp:attachment":[{"href":"https:\/\/www.erothis.com\/es\/wp-json\/wp\/v2\/media?parent=495821"}],"wp:term":[{"taxonomy":"product_brand","embeddable":true,"href":"https:\/\/www.erothis.com\/es\/wp-json\/wp\/v2\/product_brand?post=495821"},{"taxonomy":"product_cat","embeddable":true,"href":"https:\/\/www.erothis.com\/es\/wp-json\/wp\/v2\/product_cat?post=495821"},{"taxonomy":"product_tag","embeddable":true,"href":"https:\/\/www.erothis.com\/es\/wp-json\/wp\/v2\/product_tag?post=495821"}],"curies":[{"name":"wp","href":"https:\/\/api.w.org\/{rel}","templated":true}]}}