{"id":496351,"date":"2023-06-19T18:30:44","date_gmt":"2023-06-19T17:30:44","guid":{"rendered":"https:\/\/www.erothis.com\/?post_type=product&#038;p=496351"},"modified":"2025-04-12T03:08:24","modified_gmt":"2025-04-12T02:08:24","slug":"hotflowers-tanga-wafer-y-2-pezones-nina-sabor-vainilla-es-pt-es-fr-it","status":"publish","type":"product","link":"https:\/\/www.erothis.com\/es\/productos\/hotflowers-tanga-wafer-y-2-pezones-nina-sabor-vainilla-es-pt-es-fr-it\/","title":{"rendered":"HOTFLOWERS &#8211; TANGA WAFER Y 2 PEZONES NI\u00d1A SABOR VAINILLA \/es\/pt\/es\/fr\/it\/"},"content":{"rendered":"<p style=\"color: rgb(51, 51, 51); font-family: sans-serif, Arial, Verdana, &quot;Trebuchet MS&quot;; font-size: 13px;\"> <strong>TANGA WAFER Y 2 PEZONES NI\u00d1A SABOR VAINILLA.<\/strong> <\/p>\n<p style=\"color: rgb(51, 51, 51); font-family: sans-serif, Arial, Verdana, &quot;Trebuchet MS&quot;; font-size: 13px;\"> Dulces perfectos para dulces momentos fetichistas. Es flexible y se adapta a todos los tama\u00f1os. NO MANCHA NI DECOLORA CON LA HUMEDAD DE LOS LABIOS. <\/p>\n<p style=\"color: rgb(51, 51, 51); font-family: sans-serif, Arial, Verdana, &quot;Trebuchet MS&quot;; font-size: 13px;\"> \u00a1LAME Y MORDISTE HACIA EL \u00caXTASIS ER\u00d3TICO Y LA DIVERSI\u00d3N! <\/p>\n<p style=\"color: rgb(51, 51, 51); font-family: sans-serif, Arial, Verdana, &quot;Trebuchet MS&quot;; font-size: 13px;\"> Cuanto m\u00e1s lo lame, mejor sabe y m\u00e1s disfruta de la pasi\u00f3n. <strong>Sabor vainilla<\/strong> . No dejar\u00e1s de lamer y mordisquear, proporcion\u00e1ndole a tu pareja un cosquilleo picante.<\/p>\n","protected":false},"excerpt":{"rendered":"<p>HOTFLOWERS &#8211; TANGA WAFER Y 2 PEZONES NI\u00d1A SABOR VAINILLA \/es\/pt\/es\/fr\/it\/<\/p>\n","protected":false},"featured_media":236161,"comment_status":"open","ping_status":"closed","template":"","meta":[],"product_brand":[],"product_cat":[1345],"product_tag":[],"class_list":{"0":"post-496351","1":"product","2":"type-product","3":"status-publish","4":"has-post-thumbnail","6":"product_cat-golosinas-divertidas","8":"first","9":"instock","10":"taxable","11":"shipping-taxable","12":"purchasable","13":"product-type-simple"},"jetpack_sharing_enabled":true,"_links":{"self":[{"href":"https:\/\/www.erothis.com\/es\/wp-json\/wp\/v2\/product\/496351","targetHints":{"allow":["GET"]}}],"collection":[{"href":"https:\/\/www.erothis.com\/es\/wp-json\/wp\/v2\/product"}],"about":[{"href":"https:\/\/www.erothis.com\/es\/wp-json\/wp\/v2\/types\/product"}],"replies":[{"embeddable":true,"href":"https:\/\/www.erothis.com\/es\/wp-json\/wp\/v2\/comments?post=496351"}],"version-history":[{"count":1,"href":"https:\/\/www.erothis.com\/es\/wp-json\/wp\/v2\/product\/496351\/revisions"}],"predecessor-version":[{"id":496381,"href":"https:\/\/www.erothis.com\/es\/wp-json\/wp\/v2\/product\/496351\/revisions\/496381"}],"wp:featuredmedia":[{"embeddable":true,"href":"https:\/\/www.erothis.com\/es\/wp-json\/wp\/v2\/media\/236161"}],"wp:attachment":[{"href":"https:\/\/www.erothis.com\/es\/wp-json\/wp\/v2\/media?parent=496351"}],"wp:term":[{"taxonomy":"product_brand","embeddable":true,"href":"https:\/\/www.erothis.com\/es\/wp-json\/wp\/v2\/product_brand?post=496351"},{"taxonomy":"product_cat","embeddable":true,"href":"https:\/\/www.erothis.com\/es\/wp-json\/wp\/v2\/product_cat?post=496351"},{"taxonomy":"product_tag","embeddable":true,"href":"https:\/\/www.erothis.com\/es\/wp-json\/wp\/v2\/product_tag?post=496351"}],"curies":[{"name":"wp","href":"https:\/\/api.w.org\/{rel}","templated":true}]}}