{"id":498828,"date":"2023-06-19T19:39:53","date_gmt":"2023-06-19T18:39:53","guid":{"rendered":"https:\/\/www.erothis.com\/?post_type=product&#038;p=498828"},"modified":"2025-08-31T00:08:05","modified_gmt":"2025-08-30T23:08:05","slug":"metal-hard-anillo-con-gancho-anal-40mm","status":"publish","type":"product","link":"https:\/\/www.erothis.com\/es\/productos\/metal-hard-anillo-con-gancho-anal-40mm\/","title":{"rendered":"METAL HARD &#8211; ANILLO CON GANCHO ANAL 40MM"},"content":{"rendered":"<p>Este cockring es para BDSM pero puede ser utilizado por cualquiera que quiera un placer extra durante el acto sexual.<\/p>\n<p>Consiste en un aro de acero quir\u00fargico del que sale una barra con una bola en el extremo. La bola es para colocarla en el ano. Utiliza un poco de lubricante para introducirla. Est\u00e1 ergon\u00f3micamente dise\u00f1ado para que encaje perfectamente.<\/p>\n<p>Mantendr\u00e1 su funci\u00f3n de cockring para tu pene y test\u00edculos pero adem\u00e1s, con cada movimiento, sentir\u00e1s un placer incre\u00edble en el ano.<\/p>\n<p>Placer extremo!<br \/>\nTanto la bola como el cockring est\u00e1n fabricados en acero de grado quir\u00fargico y son hipoalerg\u00e9nicos.<br \/>\nColocar primero el pene y los test\u00edculos a trav\u00e9s del anillo y despu\u00e9s deslizar la bola<br \/>\nEste cockring con bola anal est\u00e1 ergon\u00f3micamente dise\u00f1ado.<\/p>\n<p>El cockring de acero mantendr\u00e1 m\u00e1s fuerte la erecci\u00f3n mientras que el gancho con bola anal te dar\u00e1 estimulaci\u00f3n extra. <\/p>\n<p>Medidas \/  Anilla de 40mm diametro + Bola Anal de 30 mm diametro<\/p>\n","protected":false},"excerpt":{"rendered":"<p>METAL HARD &#8211; RING WITH ANAL HOOK 40MM<\/p>\n","protected":false},"featured_media":245323,"comment_status":"open","ping_status":"closed","template":"","meta":[],"product_brand":[],"product_cat":[1263,1283,1282,1265],"product_tag":[],"class_list":{"0":"post-498828","1":"product","2":"type-product","3":"status-publish","4":"has-post-thumbnail","6":"product_cat-anal-es","7":"product_cat-anillos-peneanos","8":"product_cat-para-el","9":"product_cat-plugs-es","11":"first","12":"instock","13":"taxable","14":"shipping-taxable","15":"purchasable","16":"product-type-simple"},"jetpack_sharing_enabled":true,"_links":{"self":[{"href":"https:\/\/www.erothis.com\/es\/wp-json\/wp\/v2\/product\/498828","targetHints":{"allow":["GET"]}}],"collection":[{"href":"https:\/\/www.erothis.com\/es\/wp-json\/wp\/v2\/product"}],"about":[{"href":"https:\/\/www.erothis.com\/es\/wp-json\/wp\/v2\/types\/product"}],"replies":[{"embeddable":true,"href":"https:\/\/www.erothis.com\/es\/wp-json\/wp\/v2\/comments?post=498828"}],"version-history":[{"count":3,"href":"https:\/\/www.erothis.com\/es\/wp-json\/wp\/v2\/product\/498828\/revisions"}],"predecessor-version":[{"id":509183,"href":"https:\/\/www.erothis.com\/es\/wp-json\/wp\/v2\/product\/498828\/revisions\/509183"}],"wp:featuredmedia":[{"embeddable":true,"href":"https:\/\/www.erothis.com\/es\/wp-json\/wp\/v2\/media\/245323"}],"wp:attachment":[{"href":"https:\/\/www.erothis.com\/es\/wp-json\/wp\/v2\/media?parent=498828"}],"wp:term":[{"taxonomy":"product_brand","embeddable":true,"href":"https:\/\/www.erothis.com\/es\/wp-json\/wp\/v2\/product_brand?post=498828"},{"taxonomy":"product_cat","embeddable":true,"href":"https:\/\/www.erothis.com\/es\/wp-json\/wp\/v2\/product_cat?post=498828"},{"taxonomy":"product_tag","embeddable":true,"href":"https:\/\/www.erothis.com\/es\/wp-json\/wp\/v2\/product_tag?post=498828"}],"curies":[{"name":"wp","href":"https:\/\/api.w.org\/{rel}","templated":true}]}}