{"id":499472,"date":"2023-06-19T20:02:40","date_gmt":"2023-06-19T19:02:40","guid":{"rendered":"https:\/\/www.erothis.com\/?post_type=product&#038;p=499472"},"modified":"2025-05-19T14:25:11","modified_gmt":"2025-05-19T13:25:11","slug":"rocks-off-bala-vibradora-touch-of-velvet-soft-lilac","status":"publish","type":"product","link":"https:\/\/www.erothis.com\/es\/productos\/rocks-off-bala-vibradora-touch-of-velvet-soft-lilac\/","title":{"rendered":"ROCKS-OFF &#8211; BALA VIBRADORA TOUCH OF VELVET SOFT LILAC"},"content":{"rendered":"<p>Siente el hechizo de las suaves vibraciones de Touch of Velvet mientras sus puntas de precisi\u00f3n provocan y encienden con ternura tus zonas \u00edntimas permiti\u00e9ndote sentir como tu orgasmo florece y crece una y otra vez.<\/p>\n<p>Especificaciones<\/p>\n<ul>\n<li>Bala vibradora Soft lilac<\/li>\n<li>Estimulaci\u00f3n precisa<\/li>\n<li>10 funciones<\/li>\n<li>100% resistente al agua<\/li>\n<li>F\u00e1cil de limpiar<\/li>\n<li>Material bodysafe<\/li>\n<li>1 pila AAA (incluida)<\/li>\n<\/ul>\n","protected":false},"excerpt":{"rendered":"<p>ROCKS-OFF &#8211; VIBRATING BULLET TOUCH OF VELVET SOFT LILAC<\/p>\n","protected":false},"featured_media":248494,"comment_status":"open","ping_status":"closed","template":"","meta":[],"product_brand":[],"product_cat":[1281,1279],"product_tag":[],"class_list":{"0":"post-499472","1":"product","2":"type-product","3":"status-publish","4":"has-post-thumbnail","6":"product_cat-estimuladores-es","7":"product_cat-para-ella","9":"first","10":"instock","11":"taxable","12":"shipping-taxable","13":"purchasable","14":"product-type-simple"},"jetpack_sharing_enabled":true,"_links":{"self":[{"href":"https:\/\/www.erothis.com\/es\/wp-json\/wp\/v2\/product\/499472","targetHints":{"allow":["GET"]}}],"collection":[{"href":"https:\/\/www.erothis.com\/es\/wp-json\/wp\/v2\/product"}],"about":[{"href":"https:\/\/www.erothis.com\/es\/wp-json\/wp\/v2\/types\/product"}],"replies":[{"embeddable":true,"href":"https:\/\/www.erothis.com\/es\/wp-json\/wp\/v2\/comments?post=499472"}],"version-history":[{"count":2,"href":"https:\/\/www.erothis.com\/es\/wp-json\/wp\/v2\/product\/499472\/revisions"}],"predecessor-version":[{"id":510405,"href":"https:\/\/www.erothis.com\/es\/wp-json\/wp\/v2\/product\/499472\/revisions\/510405"}],"wp:featuredmedia":[{"embeddable":true,"href":"https:\/\/www.erothis.com\/es\/wp-json\/wp\/v2\/media\/248494"}],"wp:attachment":[{"href":"https:\/\/www.erothis.com\/es\/wp-json\/wp\/v2\/media?parent=499472"}],"wp:term":[{"taxonomy":"product_brand","embeddable":true,"href":"https:\/\/www.erothis.com\/es\/wp-json\/wp\/v2\/product_brand?post=499472"},{"taxonomy":"product_cat","embeddable":true,"href":"https:\/\/www.erothis.com\/es\/wp-json\/wp\/v2\/product_cat?post=499472"},{"taxonomy":"product_tag","embeddable":true,"href":"https:\/\/www.erothis.com\/es\/wp-json\/wp\/v2\/product_tag?post=499472"}],"curies":[{"name":"wp","href":"https:\/\/api.w.org\/{rel}","templated":true}]}}