{"id":500255,"date":"2023-06-19T21:05:20","date_gmt":"2023-06-19T20:05:20","guid":{"rendered":"https:\/\/www.erothis.com\/?post_type=product&#038;p=500255"},"modified":"2025-04-12T18:55:53","modified_gmt":"2025-04-12T17:55:53","slug":"harness-attraction-arnes-daniel-con-vibracion-y-rotacion-18-cm-o-3-5-cm","status":"publish","type":"product","link":"https:\/\/www.erothis.com\/es\/productos\/harness-attraction-arnes-daniel-con-vibracion-y-rotacion-18-cm-o-3-5-cm\/","title":{"rendered":"HARNESS ATTRACTION &#8211; ARN\u00caS  DANIEL CON VIBRACI\u00d3N Y ROTACI\u00d3N 18 CM -O- 3.5 CM"},"content":{"rendered":"<p>Harness Attraction es la colecci&oacute;n de arneses m&aacute;s completa!&nbsp; Real&iacute;sticos, rotadores, con vibraci&oacute;n, huecos etc.. Ahora es la oportunidad de realizar tus fantas&iacute;as con la total Garant&iacute;a de Harness Attracion. Calidad cuidadosamente revisada para un resultado de perfecto.<\/p>\n<p>Este arn&eacute;s de Harness Attraction est&aacute; dotado de un pene real&iacute;stico vibrador rotador, con unas formas muy bien dise&ntilde;adas para mejorar el placer en las relaciones.<\/p>\n<p>Gracias a su sistema de correa, adem&aacute;s de adecuarse en muchas cinturas, se mantiene en su sitio durante toda la actividad.<\/p>\n<p>El sistema &nbsp;&nbsp;Harness click&nbsp;&nbsp;es un tipo de encaje patentado por Harness Attraction, con el cual podr&aacute;s intercambiar infinidad de penes y dongs al mismo arn&eacute;s.<\/p>\n<ul>\n<li>Incorpora dos potentes vibradores vaginal y clitorial de velocidad regulable.<\/li>\n<li>Sus perlas giratorias para estimular la vagina, su cabezal rotatorio para dar placer a tu punto G y su estimulador de cl&iacute;toris independiente, trabajar&aacute;n&nbsp; a la vez para proporcionarte un torrente de placer insospechado, todo ello al ritmo que tu pareja desee.<\/li>\n<li>Pene real&iacute;stico Tpr libre de Phalatos<\/li>\n<li>Suave y sedoso al tacto<\/li>\n<li>Pene real&iacute;stico Tpr libre de Phalatos<\/li>\n<li>Arn&eacute;s de neopreno y cuero vegano.&nbsp;<\/li>\n<li>Medidas del Pene real&iacute;stico; &nbsp;18&nbsp;x 3.5cm<\/li>\n<\/ul>\n<p>Este arn&eacute;s est&aacute; pensado para el uso de mujeres y hombres indistintamente.<\/p>\n","protected":false},"excerpt":{"rendered":"<p>HARNESS ATTRACTION &#8211; DANIEL WITH VIBRATION AND ROTATION 18 CM -O- 3.5 CM<\/p>\n","protected":false},"featured_media":252064,"comment_status":"open","ping_status":"closed","template":"","meta":[],"product_brand":[],"product_cat":[1262,1287,1289],"product_tag":[],"class_list":{"0":"post-500255","1":"product","2":"type-product","3":"status-publish","4":"has-post-thumbnail","6":"product_cat-juguetes-sexuales","7":"product_cat-strap-on-es","8":"product_cat-strap-on-clasicos","10":"first","11":"instock","12":"taxable","13":"shipping-taxable","14":"purchasable","15":"product-type-simple"},"jetpack_sharing_enabled":true,"_links":{"self":[{"href":"https:\/\/www.erothis.com\/es\/wp-json\/wp\/v2\/product\/500255","targetHints":{"allow":["GET"]}}],"collection":[{"href":"https:\/\/www.erothis.com\/es\/wp-json\/wp\/v2\/product"}],"about":[{"href":"https:\/\/www.erothis.com\/es\/wp-json\/wp\/v2\/types\/product"}],"replies":[{"embeddable":true,"href":"https:\/\/www.erothis.com\/es\/wp-json\/wp\/v2\/comments?post=500255"}],"version-history":[{"count":1,"href":"https:\/\/www.erothis.com\/es\/wp-json\/wp\/v2\/product\/500255\/revisions"}],"predecessor-version":[{"id":500285,"href":"https:\/\/www.erothis.com\/es\/wp-json\/wp\/v2\/product\/500255\/revisions\/500285"}],"wp:featuredmedia":[{"embeddable":true,"href":"https:\/\/www.erothis.com\/es\/wp-json\/wp\/v2\/media\/252064"}],"wp:attachment":[{"href":"https:\/\/www.erothis.com\/es\/wp-json\/wp\/v2\/media?parent=500255"}],"wp:term":[{"taxonomy":"product_brand","embeddable":true,"href":"https:\/\/www.erothis.com\/es\/wp-json\/wp\/v2\/product_brand?post=500255"},{"taxonomy":"product_cat","embeddable":true,"href":"https:\/\/www.erothis.com\/es\/wp-json\/wp\/v2\/product_cat?post=500255"},{"taxonomy":"product_tag","embeddable":true,"href":"https:\/\/www.erothis.com\/es\/wp-json\/wp\/v2\/product_tag?post=500255"}],"curies":[{"name":"wp","href":"https:\/\/api.w.org\/{rel}","templated":true}]}}