{"id":501304,"date":"2023-06-19T21:53:10","date_gmt":"2023-06-19T20:53:10","guid":{"rendered":"https:\/\/www.erothis.com\/?post_type=product&#038;p=501304"},"modified":"2025-05-13T12:33:51","modified_gmt":"2025-05-13T11:33:51","slug":"calexotics-arnes-con-dildo-hueco-natural-2","status":"publish","type":"product","link":"https:\/\/www.erothis.com\/es\/productos\/calexotics-arnes-con-dildo-hueco-natural-2\/","title":{"rendered":"CALEXOTICS &#8211; ARN\u00c9S CON DILDO HUECO NATURAL"},"content":{"rendered":"<p>Arn\u00e9s con dildo hueco a modo de funda para aumentar el volumen del pene en 9 cm.\u00a0 El arn\u00e9s es suave, el\u00e1stico y c\u00f3modo para llevarlo puesto.<\/p>\n<p>Dise\u00f1ado para tener el grosor y la longitud y el grosor que siempre se ha so\u00f1ado. Este arn\u00e9s es muy c\u00f3mo de llevar puesto, con el\u00e1stico que se ajusta f\u00e1cilmente para poder adaptarse a la mayor\u00e1 de tama\u00f1os.<\/p>\n<ul>\n<li>Un ajuste perfecto es todo tuyo con esta extensi\u00f3n hueca con arn\u00e9s.<\/li>\n<li>Disfrutar\u00e1s de un placer el\u00e1stico y c\u00f3modo.<\/li>\n<li>F\u00e1cil de limpiar y de usar.<\/li>\n<li>Resistente al agua.<\/li>\n<li>Material: dildo de silicona y anilla de acero inoxidable.<\/li>\n<\/ul>\n<p>Medidas:<\/p>\n<ul>\n<li>Anilla: 5 cm de di\u00e1metro<\/li>\n<li>Dildo: 17,75 x 5 cm<\/li>\n<li>Medidas Insertables: 8,25 x 3,75 cm<\/li>\n<\/ul>\n<p>\u00a1\u00a1\u00a1Es perfecto para hombres con disfunci\u00f3n er\u00e9ctil!!!<\/p>\n<p>\u00a1California exotics siempre a la vanguardia de la sexualidad!<\/p>\n","protected":false},"excerpt":{"rendered":"<p>CALEXOTICS &#8211; PPA WITH JOCK STRAP FLESH<\/p>\n","protected":false},"featured_media":257641,"comment_status":"open","ping_status":"closed","template":"","meta":[],"product_brand":[],"product_cat":[1287,1291],"product_tag":[],"class_list":{"0":"post-501304","1":"product","2":"type-product","3":"status-publish","4":"has-post-thumbnail","6":"product_cat-strap-on-es","7":"product_cat-strap-on-huecos","9":"first","10":"instock","11":"taxable","12":"shipping-taxable","13":"purchasable","14":"product-type-simple"},"jetpack_sharing_enabled":true,"_links":{"self":[{"href":"https:\/\/www.erothis.com\/es\/wp-json\/wp\/v2\/product\/501304","targetHints":{"allow":["GET"]}}],"collection":[{"href":"https:\/\/www.erothis.com\/es\/wp-json\/wp\/v2\/product"}],"about":[{"href":"https:\/\/www.erothis.com\/es\/wp-json\/wp\/v2\/types\/product"}],"replies":[{"embeddable":true,"href":"https:\/\/www.erothis.com\/es\/wp-json\/wp\/v2\/comments?post=501304"}],"version-history":[{"count":2,"href":"https:\/\/www.erothis.com\/es\/wp-json\/wp\/v2\/product\/501304\/revisions"}],"predecessor-version":[{"id":510046,"href":"https:\/\/www.erothis.com\/es\/wp-json\/wp\/v2\/product\/501304\/revisions\/510046"}],"wp:featuredmedia":[{"embeddable":true,"href":"https:\/\/www.erothis.com\/es\/wp-json\/wp\/v2\/media\/257641"}],"wp:attachment":[{"href":"https:\/\/www.erothis.com\/es\/wp-json\/wp\/v2\/media?parent=501304"}],"wp:term":[{"taxonomy":"product_brand","embeddable":true,"href":"https:\/\/www.erothis.com\/es\/wp-json\/wp\/v2\/product_brand?post=501304"},{"taxonomy":"product_cat","embeddable":true,"href":"https:\/\/www.erothis.com\/es\/wp-json\/wp\/v2\/product_cat?post=501304"},{"taxonomy":"product_tag","embeddable":true,"href":"https:\/\/www.erothis.com\/es\/wp-json\/wp\/v2\/product_tag?post=501304"}],"curies":[{"name":"wp","href":"https:\/\/api.w.org\/{rel}","templated":true}]}}