{"id":501348,"date":"2023-06-19T21:53:54","date_gmt":"2023-06-19T20:53:54","guid":{"rendered":"https:\/\/www.erothis.com\/?post_type=product&#038;p=501348"},"modified":"2025-05-13T15:50:00","modified_gmt":"2025-05-13T14:50:00","slug":"harness-attraction-arnes-hueco-blake-15-5cm-o-4cm","status":"publish","type":"product","link":"https:\/\/www.erothis.com\/es\/productos\/harness-attraction-arnes-hueco-blake-15-5cm-o-4cm\/","title":{"rendered":"HARNESS ATTRACTION &#8211; ARN\u00c9S HUECO BLAKE 15.5CM -O- 4CM"},"content":{"rendered":"<p>\u00bfSiempre ha querido tener un pene grande y sentirse m\u00e1s confiado con su tama\u00f1o? Su amante sabe que el tama\u00f1o s\u00ed importa, y nadie puede cumplir con sus fantas\u00edas y satisfacer a su pareja como un semental.<\/p>\n<p>Fant\u00e1stico arn\u00e9s hueco para hombre en color natural. Fabricado con TPR de primera calidad, libre de Phalatos, pertenece a la colecci\u00f3n Harness Attracion.<\/p>\n<p>Ahora usted puede tener la longitud y el grosor que siempre ha so\u00f1ado con este arn\u00e9s hueco con buena sujeci\u00f3n. Reciba una sonrisa satisfactoria de su amante.<\/p>\n<p>El arn\u00e9s el\u00e1stico y c\u00f3modo, se ajusta f\u00e1cilmente para adaptarse a la mayor\u00eda de los tama\u00f1os. Es perfecto para los hombre con disfunci\u00f3n er\u00e9ctil, para las mujeres, o para las parejas que fantasean acerca de sus deseos m\u00e1s oscuros.<\/p>\n<p>Gracias a su sistema de correa, adem\u00e1s de adecuarse en muchas cinturas, se mantiene en su sitio durante toda la actividad.<\/p>\n<p>Para una mejor conservaci\u00f3n, recomendamos su limpieza despu\u00e9s de cada uso con Waterfeel \u00a0Toy Cleaner y agua tibia.<\/p>\n<ul>\n<li>Medidas; 15.5 X 4CM cm Exterior, el interior se adapta a la mayor\u00eda de tama\u00f1os con un di\u00e1metro de hasta 3.5 cm.<\/li>\n<li>Pene real\u00edstico Tpr libre de Phalatos<\/li>\n<li>Arn\u00e9s de neopreno y cuero vegano.<\/li>\n<\/ul>\n<p>Explore su lado dominante o sumiso.<\/p>\n","protected":false},"excerpt":{"rendered":"<p>HARNESS ATTRACTION &#8211; BLAKE STRAP-ON HOLLOW EXTENDER 15.5 CM -O- 4 CM<\/p>\n","protected":false},"featured_media":257760,"comment_status":"open","ping_status":"closed","template":"","meta":[],"product_brand":[],"product_cat":[1262,1287,1291],"product_tag":[],"class_list":{"0":"post-501348","1":"product","2":"type-product","3":"status-publish","4":"has-post-thumbnail","6":"product_cat-juguetes-sexuales","7":"product_cat-strap-on-es","8":"product_cat-strap-on-huecos","10":"first","11":"instock","12":"taxable","13":"shipping-taxable","14":"purchasable","15":"product-type-simple"},"jetpack_sharing_enabled":true,"_links":{"self":[{"href":"https:\/\/www.erothis.com\/es\/wp-json\/wp\/v2\/product\/501348","targetHints":{"allow":["GET"]}}],"collection":[{"href":"https:\/\/www.erothis.com\/es\/wp-json\/wp\/v2\/product"}],"about":[{"href":"https:\/\/www.erothis.com\/es\/wp-json\/wp\/v2\/types\/product"}],"replies":[{"embeddable":true,"href":"https:\/\/www.erothis.com\/es\/wp-json\/wp\/v2\/comments?post=501348"}],"version-history":[{"count":3,"href":"https:\/\/www.erothis.com\/es\/wp-json\/wp\/v2\/product\/501348\/revisions"}],"predecessor-version":[{"id":510061,"href":"https:\/\/www.erothis.com\/es\/wp-json\/wp\/v2\/product\/501348\/revisions\/510061"}],"wp:featuredmedia":[{"embeddable":true,"href":"https:\/\/www.erothis.com\/es\/wp-json\/wp\/v2\/media\/257760"}],"wp:attachment":[{"href":"https:\/\/www.erothis.com\/es\/wp-json\/wp\/v2\/media?parent=501348"}],"wp:term":[{"taxonomy":"product_brand","embeddable":true,"href":"https:\/\/www.erothis.com\/es\/wp-json\/wp\/v2\/product_brand?post=501348"},{"taxonomy":"product_cat","embeddable":true,"href":"https:\/\/www.erothis.com\/es\/wp-json\/wp\/v2\/product_cat?post=501348"},{"taxonomy":"product_tag","embeddable":true,"href":"https:\/\/www.erothis.com\/es\/wp-json\/wp\/v2\/product_tag?post=501348"}],"curies":[{"name":"wp","href":"https:\/\/api.w.org\/{rel}","templated":true}]}}