{"id":501525,"date":"2023-06-19T22:02:38","date_gmt":"2023-06-19T21:02:38","guid":{"rendered":"https:\/\/www.erothis.com\/?post_type=product&#038;p=501525"},"modified":"2025-05-12T17:56:40","modified_gmt":"2025-05-12T16:56:40","slug":"pdx-plus-perfect-10-torso-piel-clara-2","status":"publish","type":"product","link":"https:\/\/www.erothis.com\/es\/productos\/pdx-plus-perfect-10-torso-piel-clara-2\/","title":{"rendered":"PDX PLUS &#8211; PERFECT 10 TORSO PIEL CLARA"},"content":{"rendered":"<p>Descubre el nuevo torso\u00a0 perfectamente redondo y sus partes \u00edntimas perfectamente colocadas y sabr\u00e1 por qu\u00e9 la llamamos Perfect 10! El PDX Plus + Perfect 10 Torso no solo se ve incre\u00edble; \u00a1Se siente tan realista que podr\u00edas olvidar que se tratade una mu\u00f1eca!<\/p>\n<p>Hecha de nuestro galardonado Fanta Flesh TPE, esta f\u00f3rmula ultra premium imita el aspecto y la sensaci\u00f3n de la piel natural para lograr un realismo incre\u00edble y cl\u00edmax explosivos.<\/p>\n<p>Se mueve y se sacude cuando lo aprietas, suena como algo real cuando lo golpeas y se siente como el cielo cuando te deslizas dentro de \u00e9l. Con m\u00e1s de 4.5 kilos\u00a0de Fanta Flesh masajeando y envolviendo cada cent\u00edmetro de tu miembro esta nena tetona sabe lo que quieren los chicos y c\u00f3mo sacarte.<\/p>\n<p>Dale la vuelta sobre su ombligo y disfruta de un f\u00e1cil acceso a sus nalgas\u00a0y su trasero curvil\u00edneo \u00a1Cada detalle ha sido cuidadosamente elaborado para brindarte la mejor experiencia realista!<\/p>\n<p>Caracter\u00edsticas<\/p>\n<ul>\n<li>Informaci\u00f3n adicional: Dise\u00f1o 3D ultrarrealista: \u00a1sin fondo plano! \u00a1Dale la vuelta y disfruta de m\u00faltiples posiciones!<\/li>\n<li>Elige el agujero: \u00a1Perfecto para aquellos que anhelan variedad!<\/li>\n<li>Intrincado dise\u00f1o de t\u00fanel: dise\u00f1ado profesionalmente para el m\u00e1ximo placer. \u00a1Cada agujero tiene un patr\u00f3n diferente!<\/li>\n<li>Acci\u00f3n delantera y trasera: \u00a1Haz el\u00a0misionero, dale la vuelta y hazlo estilo perrito!<\/li>\n<li>Dimensiones del producto: 44.5 x 21.6 x 13.9 cm<\/li>\n<li>Longitud total: 44.5 cm<\/li>\n<li>Di\u00e1metro: Tunnel Diameter stretches to over 7.6 cm<\/li>\n<li>Longitud insertable:\n<ul>\n<li>Longitud tunel anal : 12.7 cm<\/li>\n<li>Longitud tunel Vagina: 12.7 cm<\/li>\n<\/ul>\n<\/li>\n<li>Bodysafe: Si<\/li>\n<li>Material: FantaFlesh TPE<\/li>\n<\/ul>\n","protected":false},"excerpt":{"rendered":"<p>PDX PLUS &#8211; PERFECT 10 TORSO LIGHT SKIN<\/p>\n","protected":false},"featured_media":258612,"comment_status":"open","ping_status":"closed","template":"","meta":[],"product_brand":[],"product_cat":[1271],"product_tag":[],"class_list":{"0":"post-501525","1":"product","2":"type-product","3":"status-publish","4":"has-post-thumbnail","6":"product_cat-munecos-de-tamano-real","8":"first","9":"instock","10":"taxable","11":"shipping-taxable","12":"purchasable","13":"product-type-simple"},"jetpack_sharing_enabled":true,"_links":{"self":[{"href":"https:\/\/www.erothis.com\/es\/wp-json\/wp\/v2\/product\/501525","targetHints":{"allow":["GET"]}}],"collection":[{"href":"https:\/\/www.erothis.com\/es\/wp-json\/wp\/v2\/product"}],"about":[{"href":"https:\/\/www.erothis.com\/es\/wp-json\/wp\/v2\/types\/product"}],"replies":[{"embeddable":true,"href":"https:\/\/www.erothis.com\/es\/wp-json\/wp\/v2\/comments?post=501525"}],"version-history":[{"count":2,"href":"https:\/\/www.erothis.com\/es\/wp-json\/wp\/v2\/product\/501525\/revisions"}],"predecessor-version":[{"id":509989,"href":"https:\/\/www.erothis.com\/es\/wp-json\/wp\/v2\/product\/501525\/revisions\/509989"}],"wp:featuredmedia":[{"embeddable":true,"href":"https:\/\/www.erothis.com\/es\/wp-json\/wp\/v2\/media\/258612"}],"wp:attachment":[{"href":"https:\/\/www.erothis.com\/es\/wp-json\/wp\/v2\/media?parent=501525"}],"wp:term":[{"taxonomy":"product_brand","embeddable":true,"href":"https:\/\/www.erothis.com\/es\/wp-json\/wp\/v2\/product_brand?post=501525"},{"taxonomy":"product_cat","embeddable":true,"href":"https:\/\/www.erothis.com\/es\/wp-json\/wp\/v2\/product_cat?post=501525"},{"taxonomy":"product_tag","embeddable":true,"href":"https:\/\/www.erothis.com\/es\/wp-json\/wp\/v2\/product_tag?post=501525"}],"curies":[{"name":"wp","href":"https:\/\/api.w.org\/{rel}","templated":true}]}}