{"id":501655,"date":"2023-06-20T12:34:04","date_gmt":"2023-06-20T11:34:04","guid":{"rendered":"https:\/\/www.erothis.com\/?post_type=product&#038;p=501655"},"modified":"2025-05-09T15:35:00","modified_gmt":"2025-05-09T14:35:00","slug":"ohmama-fetish-anillos-y-plug-silicona-2","status":"publish","type":"product","link":"https:\/\/www.erothis.com\/es\/productos\/ohmama-fetish-anillos-y-plug-silicona-2\/","title":{"rendered":"OHMAMA FETISH &#8211; ANILLOS Y PLUG SILICONA"},"content":{"rendered":"<p>\u00a1Oh mama! Sabemos que hay pocas cosas mejores que un buen orgasmo y de la importancia de mantener una buena salud sexual\u00a0por sus numerosas ventajas:\u00a0mejora el flujo sangu\u00edneo, levanta el \u00e1nimo, favorece el sue\u00f1o, mantiene sano el cerebro, es un analg\u00e9sico natural, disminuye el estr\u00e9s, ademas de otorgar bienestar y mejorar la salud emocional.<\/p>\n<p>\u00a1Somos conscientes de todo esto, por eso con la gama de juguetes para hombre de\u00a0<strong>Ohmama<\/strong>\u00a0te ayudaremos para que puedas conseguirlo!<\/p>\n<p><strong>Caracter\u00edsticas\u00a0<\/strong><\/p>\n<ul>\n<li>Anillo pene y test\u00edculos\u00a0con plug anal \u00a13 en 1!<\/li>\n<li>Material: Silicona hipoalerg\u00e9nica<\/li>\n<li>Sin ftalatos<\/li>\n<li>Presentaci\u00f3n en bolsa higi\u00e9nica precintada<\/li>\n<li>Medidas:<\/li>\n<li>\n<ul>\n<li>Longitud total: 34 cm<\/li>\n<li>Longitud insertable plug: 5 cm<\/li>\n<li>Di\u00e1metros\n<ul>\n<li>Anillos: 2 x 3.4\u00a0cm \/ 4.6 cm<\/li>\n<li>Plug: 2.8 cm<\/li>\n<\/ul>\n<\/li>\n<\/ul>\n<\/li>\n<li>Ohmama recomienda su uso con los lubricantes Black Hole<\/li>\n<\/ul>\n<p><strong>LA MARCA<\/strong><\/p>\n<p>La gama de productos OHMAMA es perfecta para regalar. Un producto al alcance de todos con una calidad perfecta. Una combinaci\u00f3n \u00fanica en esta l\u00ednea de juguetes especial para adultos<\/p>\n","protected":false},"excerpt":{"rendered":"<p>OHMAMA FETISH &#8211; SILICONE RINGS AND PLUG<\/p>\n","protected":false},"featured_media":259035,"comment_status":"open","ping_status":"closed","template":"","meta":[],"product_brand":[],"product_cat":[1263,1283,1265],"product_tag":[],"class_list":{"0":"post-501655","1":"product","2":"type-product","3":"status-publish","4":"has-post-thumbnail","6":"product_cat-anal-es","7":"product_cat-anillos-peneanos","8":"product_cat-plugs-es","10":"first","11":"instock","12":"taxable","13":"shipping-taxable","14":"purchasable","15":"product-type-simple"},"jetpack_sharing_enabled":true,"_links":{"self":[{"href":"https:\/\/www.erothis.com\/es\/wp-json\/wp\/v2\/product\/501655","targetHints":{"allow":["GET"]}}],"collection":[{"href":"https:\/\/www.erothis.com\/es\/wp-json\/wp\/v2\/product"}],"about":[{"href":"https:\/\/www.erothis.com\/es\/wp-json\/wp\/v2\/types\/product"}],"replies":[{"embeddable":true,"href":"https:\/\/www.erothis.com\/es\/wp-json\/wp\/v2\/comments?post=501655"}],"version-history":[{"count":3,"href":"https:\/\/www.erothis.com\/es\/wp-json\/wp\/v2\/product\/501655\/revisions"}],"predecessor-version":[{"id":509757,"href":"https:\/\/www.erothis.com\/es\/wp-json\/wp\/v2\/product\/501655\/revisions\/509757"}],"wp:featuredmedia":[{"embeddable":true,"href":"https:\/\/www.erothis.com\/es\/wp-json\/wp\/v2\/media\/259035"}],"wp:attachment":[{"href":"https:\/\/www.erothis.com\/es\/wp-json\/wp\/v2\/media?parent=501655"}],"wp:term":[{"taxonomy":"product_brand","embeddable":true,"href":"https:\/\/www.erothis.com\/es\/wp-json\/wp\/v2\/product_brand?post=501655"},{"taxonomy":"product_cat","embeddable":true,"href":"https:\/\/www.erothis.com\/es\/wp-json\/wp\/v2\/product_cat?post=501655"},{"taxonomy":"product_tag","embeddable":true,"href":"https:\/\/www.erothis.com\/es\/wp-json\/wp\/v2\/product_tag?post=501655"}],"curies":[{"name":"wp","href":"https:\/\/api.w.org\/{rel}","templated":true}]}}