{"id":501782,"date":"2023-06-20T12:43:32","date_gmt":"2023-06-20T11:43:32","guid":{"rendered":"https:\/\/www.erothis.com\/?post_type=product&#038;p=501782"},"modified":"2025-05-12T17:31:52","modified_gmt":"2025-05-12T16:31:52","slug":"calexotics-sizzling-sergeant-love-doll-modelo-2-2","status":"publish","type":"product","link":"https:\/\/www.erothis.com\/es\/productos\/calexotics-sizzling-sergeant-love-doll-modelo-2-2\/","title":{"rendered":"CALEXOTICS &#8211; SIZZLING SERGEANT LOVE DOLL MODELO 2"},"content":{"rendered":"<ul>\n<li>El Sargento Love Doll seguramente estar\u00e1 atento a usted en el dormitorio. La emocionante mu\u00f1eca sexual masculina presenta un dise\u00f1o inflable realista, 2 agujeros de amor traviesos y polla dura como una roca que siempre est\u00e1 lista para dar un paseo. Los apretados agujeros de amor seguramente crear\u00e1n un pa\u00eds de las maravillas de placer para cualquier miembro dispuesto a deslizarse dentro. El Dong de roca tiene una textura realista para un viaje que sacude la rodilla. El dise\u00f1o del cuerpo completo es ideal para cualquiera que quiera un poco m\u00e1s de su juego de placer. 2 agujeros de amor\n<ul>\n<li>Cock duro de roca realista y culo apretado<\/li>\n<li>calexotics ha estado convirtiendo constantemente fantas\u00eda en realidad durante m\u00e1s de una d\u00e9cada. Con una atenci\u00f3n incomparable al detalle, la fundadora y propietaria de Calexotics, Susan Colvin, ha hecho que la marca de novedad ex\u00f3tica de California sea sin\u00f3nimo de juguetes para adultos de calidad. El hecho de que Calexotics es una empresa de propiedad y operaci\u00f3n femenina, no juega un papel peque\u00f1o en su ascenso mete\u00f3rico hasta la cima de la industria de juguetes para adultos y novedades.<\/li>\n<\/ul>\n<\/li>\n<\/ul>\n","protected":false},"excerpt":{"rendered":"<p>CALEXOTICS &#8211; SIZZLING SERGEANT LOVE DOLL MODEL 2<\/p>\n","protected":false},"featured_media":259681,"comment_status":"open","ping_status":"closed","template":"","meta":[],"product_brand":[],"product_cat":[1270],"product_tag":[],"class_list":{"0":"post-501782","1":"product","2":"type-product","3":"status-publish","4":"has-post-thumbnail","6":"product_cat-munecos-hinchables","8":"first","9":"instock","10":"taxable","11":"shipping-taxable","12":"purchasable","13":"product-type-simple"},"jetpack_sharing_enabled":true,"_links":{"self":[{"href":"https:\/\/www.erothis.com\/es\/wp-json\/wp\/v2\/product\/501782","targetHints":{"allow":["GET"]}}],"collection":[{"href":"https:\/\/www.erothis.com\/es\/wp-json\/wp\/v2\/product"}],"about":[{"href":"https:\/\/www.erothis.com\/es\/wp-json\/wp\/v2\/types\/product"}],"replies":[{"embeddable":true,"href":"https:\/\/www.erothis.com\/es\/wp-json\/wp\/v2\/comments?post=501782"}],"version-history":[{"count":3,"href":"https:\/\/www.erothis.com\/es\/wp-json\/wp\/v2\/product\/501782\/revisions"}],"predecessor-version":[{"id":509978,"href":"https:\/\/www.erothis.com\/es\/wp-json\/wp\/v2\/product\/501782\/revisions\/509978"}],"wp:featuredmedia":[{"embeddable":true,"href":"https:\/\/www.erothis.com\/es\/wp-json\/wp\/v2\/media\/259681"}],"wp:attachment":[{"href":"https:\/\/www.erothis.com\/es\/wp-json\/wp\/v2\/media?parent=501782"}],"wp:term":[{"taxonomy":"product_brand","embeddable":true,"href":"https:\/\/www.erothis.com\/es\/wp-json\/wp\/v2\/product_brand?post=501782"},{"taxonomy":"product_cat","embeddable":true,"href":"https:\/\/www.erothis.com\/es\/wp-json\/wp\/v2\/product_cat?post=501782"},{"taxonomy":"product_tag","embeddable":true,"href":"https:\/\/www.erothis.com\/es\/wp-json\/wp\/v2\/product_tag?post=501782"}],"curies":[{"name":"wp","href":"https:\/\/api.w.org\/{rel}","templated":true}]}}