{"id":501951,"date":"2023-06-20T12:51:33","date_gmt":"2023-06-20T11:51:33","guid":{"rendered":"https:\/\/www.erothis.com\/?post_type=product&#038;p=501951"},"modified":"2025-05-12T17:08:31","modified_gmt":"2025-05-12T16:08:31","slug":"calexotics-the-blonde-starlet-love-doll","status":"publish","type":"product","link":"https:\/\/www.erothis.com\/es\/productos\/calexotics-the-blonde-starlet-love-doll\/","title":{"rendered":"CALEXOTICS &#8211; THE GIRL NEXT DOOR LOVE DOLL"},"content":{"rendered":"<p>Abre las piernas y sum\u00e9rgete en un placer emocionante con la mu\u00f1eca CalExotics Girl Next Door Love Doll. La mu\u00f1eca sexual t\u00edmida presenta un dise\u00f1o de tama\u00f1o real, 3 agujeros de amor traviesos y un cuerpo comprimible. No importa cu\u00e1l elijas, las c\u00e1maras estrechas seguramente crear\u00e1n un para\u00edso de placer para cualquier miembro dispuesto a deslizarse dentro. El Stroker de cuerpo completo es ideal para cualquiera que quiera un poco m\u00e1s de su juego de placer con un cuerpo curvil\u00edneo de tama\u00f1o completo que espera ser exprimido.<\/p>\n<p>La mu\u00f1eca de amor pecaminosamente sexy es incre\u00edble para misionero, anal, vaquera inversa y mucho m\u00e1s. Esta mu\u00f1eca duradera es f\u00e1cil de usar, f\u00e1cil de limpiar y no requiere cuidados especiales. Antes y despu\u00e9s de cada uso, lave la funda interna y externamente con agua tibia y jab\u00f3n, luego desinfecte con Universal Toy Cleaner.<\/p>\n<p><strong>FUNCIONES<\/strong><\/p>\n<ul>\n<li>Mu\u00f1eca hinchable de tama\u00f1o natural con caracter\u00edsticas moldeadas de primera calidad<\/li>\n<li>Cara de 4 colores; 3 agujeros de amor<\/li>\n<li>Co\u00f1o y culo realistas<\/li>\n<li>Perfecto para misionero, de pie, anal y m\u00e1s<\/li>\n<li>Seguro para el cuerpo: S\u00ed<\/li>\n<li>Material: PVC sin ftalatos<\/li>\n<\/ul>\n<p>CalExotics ha estado convirtiendo constantemente \u2018la fantas\u00eda en realidad\u2019 por mas de una decada. Con una atenci\u00f3n al detalle sin igual, CalExotics\u2019 La fundadora y propietaria, Susan Colvin, ha convertido la marca California Exotic Novelty en sin\u00f3nimo de juguetes para adultos de calidad. El hecho de que CalExotics sea una empresa de propiedad y operaci\u00f3n femenina juega un papel importante en su ascenso mete\u00f3rico a la cima de la industria de juguetes y novedades para adultos.<\/p>\n","protected":false},"excerpt":{"rendered":"<p>CALEXOTICS &#8211; THE BLONDE STARLET LOVE DOLL<\/p>\n","protected":false},"featured_media":260304,"comment_status":"open","ping_status":"closed","template":"","meta":[],"product_brand":[],"product_cat":[1270],"product_tag":[],"class_list":{"0":"post-501951","1":"product","2":"type-product","3":"status-publish","4":"has-post-thumbnail","6":"product_cat-munecos-hinchables","8":"first","9":"instock","10":"taxable","11":"shipping-taxable","12":"purchasable","13":"product-type-simple"},"jetpack_sharing_enabled":true,"_links":{"self":[{"href":"https:\/\/www.erothis.com\/es\/wp-json\/wp\/v2\/product\/501951","targetHints":{"allow":["GET"]}}],"collection":[{"href":"https:\/\/www.erothis.com\/es\/wp-json\/wp\/v2\/product"}],"about":[{"href":"https:\/\/www.erothis.com\/es\/wp-json\/wp\/v2\/types\/product"}],"replies":[{"embeddable":true,"href":"https:\/\/www.erothis.com\/es\/wp-json\/wp\/v2\/comments?post=501951"}],"version-history":[{"count":3,"href":"https:\/\/www.erothis.com\/es\/wp-json\/wp\/v2\/product\/501951\/revisions"}],"predecessor-version":[{"id":509968,"href":"https:\/\/www.erothis.com\/es\/wp-json\/wp\/v2\/product\/501951\/revisions\/509968"}],"wp:featuredmedia":[{"embeddable":true,"href":"https:\/\/www.erothis.com\/es\/wp-json\/wp\/v2\/media\/260304"}],"wp:attachment":[{"href":"https:\/\/www.erothis.com\/es\/wp-json\/wp\/v2\/media?parent=501951"}],"wp:term":[{"taxonomy":"product_brand","embeddable":true,"href":"https:\/\/www.erothis.com\/es\/wp-json\/wp\/v2\/product_brand?post=501951"},{"taxonomy":"product_cat","embeddable":true,"href":"https:\/\/www.erothis.com\/es\/wp-json\/wp\/v2\/product_cat?post=501951"},{"taxonomy":"product_tag","embeddable":true,"href":"https:\/\/www.erothis.com\/es\/wp-json\/wp\/v2\/product_tag?post=501951"}],"curies":[{"name":"wp","href":"https:\/\/api.w.org\/{rel}","templated":true}]}}