{"id":501953,"date":"2023-06-20T12:52:01","date_gmt":"2023-06-20T11:52:01","guid":{"rendered":"https:\/\/www.erothis.com\/?post_type=product&#038;p=501953"},"modified":"2025-05-12T16:48:33","modified_gmt":"2025-05-12T15:48:33","slug":"calexotics-personal-trainer-love-doll-2","status":"publish","type":"product","link":"https:\/\/www.erothis.com\/es\/productos\/calexotics-personal-trainer-love-doll-2\/","title":{"rendered":"CALEXOTICS &#8211; PERSONAL TRAINER LOVE DOLL"},"content":{"rendered":"<p>Seguro que el entrenador personal Love Doll te ayudar\u00e1 a ejercitarte a la perfecci\u00f3n. La emocionante mu\u00f1eca sexual masculina presenta un dise\u00f1o inflable realista, una cara de 4 colores y una polla dura como una roca que siempre est\u00e1 lista para un paseo. Un apretado agujero de amor seguramente crear\u00e1 un pa\u00eds de las maravillas de placer para cualquier miembro dispuesto a deslizarse dentro. El dong duro como una roca tiene una textura ondulada y realista para un paseo que hace temblar las rodillas. El Stroker de cuerpo completo es ideal para cualquiera que quiera un poco m\u00e1s de su juego de placer con un cuerpo esculpido que espera ser exprimido.<\/p>\n<p>La mu\u00f1eca de amor pecaminosamente sexy es incre\u00edble para misionero, anal, vaquera inversa y mucho m\u00e1s. Esta mu\u00f1eca duradera es f\u00e1cil de usar, f\u00e1cil de limpiar y no requiere cuidados especiales. Antes y despu\u00e9s de cada uso, lave la funda interna y externamente con agua tibia y jab\u00f3n, luego desinfecte con Universal Toy Cleaner.<\/p>\n<p><b>CARACTERISTICAS<\/b><\/p>\n<ul>\n<li>Mu\u00f1eca hinchable de tama\u00f1o natural con caracter\u00edsticas moldeadas de primera calidad<\/li>\n<li>Cara de 4 colores; 1 agujero de amor<\/li>\n<li>Largo total 14 cm<\/li>\n<li>Seguro para el cuerpo: S\u00ed<\/li>\n<li>Material: PVC sin ftalatos<\/li>\n<\/ul>\n<p>CalExotics ha estado convirtiendo constantemente \u2018la fantas\u00eda en realidad\u2019 por mas de una decada. Con una atenci\u00f3n al detalle sin igual, CalExotics\u2019 La fundadora y propietaria, Susan Colvin, ha convertido la marca California Exotic Novelty en sin\u00f3nimo de juguetes para adultos de calidad. El hecho de que CalExotics sea una empresa de propiedad y operaci\u00f3n femenina juega un papel importante en su ascenso mete\u00f3rico a la cima de la industria de juguetes y novedades para adultos.<\/p>\n","protected":false},"excerpt":{"rendered":"<p>CALEXOTICS &#8211; PERSONAL TRAINER LOVE DOLL<\/p>\n","protected":false},"featured_media":260317,"comment_status":"open","ping_status":"closed","template":"","meta":[],"product_brand":[],"product_cat":[1270],"product_tag":[],"class_list":{"0":"post-501953","1":"product","2":"type-product","3":"status-publish","4":"has-post-thumbnail","6":"product_cat-munecos-hinchables","8":"first","9":"instock","10":"taxable","11":"shipping-taxable","12":"purchasable","13":"product-type-simple"},"jetpack_sharing_enabled":true,"_links":{"self":[{"href":"https:\/\/www.erothis.com\/es\/wp-json\/wp\/v2\/product\/501953","targetHints":{"allow":["GET"]}}],"collection":[{"href":"https:\/\/www.erothis.com\/es\/wp-json\/wp\/v2\/product"}],"about":[{"href":"https:\/\/www.erothis.com\/es\/wp-json\/wp\/v2\/types\/product"}],"replies":[{"embeddable":true,"href":"https:\/\/www.erothis.com\/es\/wp-json\/wp\/v2\/comments?post=501953"}],"version-history":[{"count":3,"href":"https:\/\/www.erothis.com\/es\/wp-json\/wp\/v2\/product\/501953\/revisions"}],"predecessor-version":[{"id":509964,"href":"https:\/\/www.erothis.com\/es\/wp-json\/wp\/v2\/product\/501953\/revisions\/509964"}],"wp:featuredmedia":[{"embeddable":true,"href":"https:\/\/www.erothis.com\/es\/wp-json\/wp\/v2\/media\/260317"}],"wp:attachment":[{"href":"https:\/\/www.erothis.com\/es\/wp-json\/wp\/v2\/media?parent=501953"}],"wp:term":[{"taxonomy":"product_brand","embeddable":true,"href":"https:\/\/www.erothis.com\/es\/wp-json\/wp\/v2\/product_brand?post=501953"},{"taxonomy":"product_cat","embeddable":true,"href":"https:\/\/www.erothis.com\/es\/wp-json\/wp\/v2\/product_cat?post=501953"},{"taxonomy":"product_tag","embeddable":true,"href":"https:\/\/www.erothis.com\/es\/wp-json\/wp\/v2\/product_tag?post=501953"}],"curies":[{"name":"wp","href":"https:\/\/api.w.org\/{rel}","templated":true}]}}