{"id":502016,"date":"2023-06-20T12:55:10","date_gmt":"2023-06-20T11:55:10","guid":{"rendered":"https:\/\/www.erothis.com\/?post_type=product&#038;p=502016"},"modified":"2025-05-14T11:30:40","modified_gmt":"2025-05-14T10:30:40","slug":"fetish-fantasy-series-11-arnes-vibrador-con-testiculos-hueco-man-27-9cm-natural","status":"publish","type":"product","link":"https:\/\/www.erothis.com\/es\/productos\/fetish-fantasy-series-11-arnes-vibrador-con-testiculos-hueco-man-27-9cm-natural\/","title":{"rendered":"FETISH FANTASY SERIES &#8211; 11 ARNES VIBRADOR CON TESTICULOS HUECO MAN 27.9CM NATURAL"},"content":{"rendered":"<p>\u00bfNo has querido sentirte siempre m\u00e1s seguro del tama\u00f1o de tu pene y disfrutar del sexo con tu pareja hasta alcanzar juntos el orgasmo?<\/p>\n<p>Ahora puedes tener el ancho y largo que siempre so\u00f1aste con el 11\u2019\u2019Hollow Strap-On with Balls de la serie Fetish Fantasy. Su arn\u00e9s el\u00e1stico se ajusta f\u00e1cilmente a la mayor\u00eda de los tama\u00f1os, mientras que el dildo da en el punto exacto.<\/p>\n<p>Es perfecto para hombres con ED, problemas de eyaculaci\u00f3n precoz o que simplemente buscan a\u00f1adir algo de grosor y tama\u00f1o extra.<\/p>\n<p>El dildo est\u00e1 fabricado en un material libre de f\u00e1latos y compatible con la mayor\u00eda de lubricantes de agua y silicona.<\/p>\n<p>Elige la velocidad que desees para que las poderosas vibraciones hagan el resto. Una bala s\u00faper potente y multivelocidad env\u00eda vibraciones en la punta del dildo. El exclusivo clip de cintura manos libres te permite mantener el controlador contigo.<\/p>\n<p>Limpiar despu\u00e9s de usar con Pipedream Toy Cleaner y agua tibia.<\/p>\n<ul>\n<li>Longitud total: 29 cm (27.9 cm insertables)<\/li>\n<li>Di\u00e1metro: 4.8 cm<\/li>\n<li>Longitud de la parte interior: 11 cm<\/li>\n<li>Di\u00e1metro de la parte interior: 4.3 cm<\/li>\n<li>Tama\u00f1o pretina: De 71.1 cm hasta 132.1 cm<\/li>\n<\/ul>\n","protected":false},"excerpt":{"rendered":"<p>FETISH FANTASY SERIES &#8211; SERIES 11 HOLLOW STRAP-ON VIBRATING WITH BALLS 27.9CM FLESH<\/p>\n","protected":false},"featured_media":260598,"comment_status":"open","ping_status":"closed","template":"","meta":[],"product_brand":[],"product_cat":[1262,1287,1291],"product_tag":[],"class_list":{"0":"post-502016","1":"product","2":"type-product","3":"status-publish","4":"has-post-thumbnail","6":"product_cat-juguetes-sexuales","7":"product_cat-strap-on-es","8":"product_cat-strap-on-huecos","10":"first","11":"instock","12":"taxable","13":"shipping-taxable","14":"purchasable","15":"product-type-simple"},"jetpack_sharing_enabled":true,"_links":{"self":[{"href":"https:\/\/www.erothis.com\/es\/wp-json\/wp\/v2\/product\/502016","targetHints":{"allow":["GET"]}}],"collection":[{"href":"https:\/\/www.erothis.com\/es\/wp-json\/wp\/v2\/product"}],"about":[{"href":"https:\/\/www.erothis.com\/es\/wp-json\/wp\/v2\/types\/product"}],"replies":[{"embeddable":true,"href":"https:\/\/www.erothis.com\/es\/wp-json\/wp\/v2\/comments?post=502016"}],"version-history":[{"count":3,"href":"https:\/\/www.erothis.com\/es\/wp-json\/wp\/v2\/product\/502016\/revisions"}],"predecessor-version":[{"id":510118,"href":"https:\/\/www.erothis.com\/es\/wp-json\/wp\/v2\/product\/502016\/revisions\/510118"}],"wp:featuredmedia":[{"embeddable":true,"href":"https:\/\/www.erothis.com\/es\/wp-json\/wp\/v2\/media\/260598"}],"wp:attachment":[{"href":"https:\/\/www.erothis.com\/es\/wp-json\/wp\/v2\/media?parent=502016"}],"wp:term":[{"taxonomy":"product_brand","embeddable":true,"href":"https:\/\/www.erothis.com\/es\/wp-json\/wp\/v2\/product_brand?post=502016"},{"taxonomy":"product_cat","embeddable":true,"href":"https:\/\/www.erothis.com\/es\/wp-json\/wp\/v2\/product_cat?post=502016"},{"taxonomy":"product_tag","embeddable":true,"href":"https:\/\/www.erothis.com\/es\/wp-json\/wp\/v2\/product_tag?post=502016"}],"curies":[{"name":"wp","href":"https:\/\/api.w.org\/{rel}","templated":true}]}}