{"id":502023,"date":"2023-06-20T12:56:41","date_gmt":"2023-06-20T11:56:41","guid":{"rendered":"https:\/\/www.erothis.com\/?post_type=product&#038;p=502023"},"modified":"2025-05-14T11:55:52","modified_gmt":"2025-05-14T10:55:52","slug":"fetish-fantasy-series-arnes-hueco-ajustable-chocolate-22cm","status":"publish","type":"product","link":"https:\/\/www.erothis.com\/es\/productos\/fetish-fantasy-series-arnes-hueco-ajustable-chocolate-22cm\/","title":{"rendered":"FETISH FANTASY SERIES &#8211; ARN\u00c9S HUECO AJUSTABLE CHOCOLATE 22CM"},"content":{"rendered":"<p>Fant\u00e1stico arn\u00e9s hueco para hombre en color chocolate, de la prestigiosa colecci\u00f3n FETISH FANTASY SERIES.<\/p>\n<p>Ahora usted puede tener la longitud y el grosor que siempre ha so\u00f1ado con este arn\u00e9s huevo con buena sujeci\u00f3n. Diga adi\u00f3s a la verg\u00fcenza de quedarse a mitad de camino y reciba una sonrisa satisfactoria de su amante.<\/p>\n<ul>\n<li>\u00bfSiempre ha querido tener un pene grande y sentirse m\u00e1s confiado con su tama\u00f1o? Su amante sabe que el tama\u00f1o s\u00ed importa, y nadie puede cumplir con sus fantas\u00edas y satisfacer a su pareja como un semental<\/li>\n<li>El arn\u00e9s el\u00e1stico y c\u00f3modo, se ajusta f\u00e1cilmente para adaptarse a la mayor\u00eda de los tama\u00f1os.<\/li>\n<li>Es perfecto para los hombres con disfunci\u00f3n er\u00e9ctil, para las mujeres, o para la pareja que fantasean acerca de sus deseos m\u00e1s oscuros.<\/li>\n<\/ul>\n<p>Medidas: 22 cm x 4,5 cm.<\/p>\n<p>Incluye m\u00e1scara de regalo.<\/p>\n","protected":false},"excerpt":{"rendered":"<p>FETISH FANTASY SERIES &#8211; CHOCOLATE DREAM HOLLOW STRAP-ON<\/p>\n","protected":false},"featured_media":260669,"comment_status":"open","ping_status":"closed","template":"","meta":[],"product_brand":[],"product_cat":[1262,1287,1291],"product_tag":[],"class_list":{"0":"post-502023","1":"product","2":"type-product","3":"status-publish","4":"has-post-thumbnail","6":"product_cat-juguetes-sexuales","7":"product_cat-strap-on-es","8":"product_cat-strap-on-huecos","10":"first","11":"instock","12":"taxable","13":"shipping-taxable","14":"purchasable","15":"product-type-simple"},"jetpack_sharing_enabled":true,"_links":{"self":[{"href":"https:\/\/www.erothis.com\/es\/wp-json\/wp\/v2\/product\/502023","targetHints":{"allow":["GET"]}}],"collection":[{"href":"https:\/\/www.erothis.com\/es\/wp-json\/wp\/v2\/product"}],"about":[{"href":"https:\/\/www.erothis.com\/es\/wp-json\/wp\/v2\/types\/product"}],"replies":[{"embeddable":true,"href":"https:\/\/www.erothis.com\/es\/wp-json\/wp\/v2\/comments?post=502023"}],"version-history":[{"count":3,"href":"https:\/\/www.erothis.com\/es\/wp-json\/wp\/v2\/product\/502023\/revisions"}],"predecessor-version":[{"id":510124,"href":"https:\/\/www.erothis.com\/es\/wp-json\/wp\/v2\/product\/502023\/revisions\/510124"}],"wp:featuredmedia":[{"embeddable":true,"href":"https:\/\/www.erothis.com\/es\/wp-json\/wp\/v2\/media\/260669"}],"wp:attachment":[{"href":"https:\/\/www.erothis.com\/es\/wp-json\/wp\/v2\/media?parent=502023"}],"wp:term":[{"taxonomy":"product_brand","embeddable":true,"href":"https:\/\/www.erothis.com\/es\/wp-json\/wp\/v2\/product_brand?post=502023"},{"taxonomy":"product_cat","embeddable":true,"href":"https:\/\/www.erothis.com\/es\/wp-json\/wp\/v2\/product_cat?post=502023"},{"taxonomy":"product_tag","embeddable":true,"href":"https:\/\/www.erothis.com\/es\/wp-json\/wp\/v2\/product_tag?post=502023"}],"curies":[{"name":"wp","href":"https:\/\/api.w.org\/{rel}","templated":true}]}}