{"id":502075,"date":"2023-06-20T12:58:13","date_gmt":"2023-06-20T11:58:13","guid":{"rendered":"https:\/\/www.erothis.com\/?post_type=product&#038;p=502075"},"modified":"2025-05-14T12:18:00","modified_gmt":"2025-05-14T11:18:00","slug":"king-cock-strap-on-con-dildo-hueco-28cm-y-tirantes-color-carne","status":"publish","type":"product","link":"https:\/\/www.erothis.com\/es\/productos\/king-cock-strap-on-con-dildo-hueco-28cm-y-tirantes-color-carne\/","title":{"rendered":"KING COCK &#8211; STRAP-ON CON DILDO HUECO 28CM Y TIRANTES COLOR CARNE"},"content":{"rendered":"<p>Cuando el tama\u00f1o importa y est\u00e1s buscando un strap-on hueco extremo, el Sistema de suspensi\u00f3n de King Cock es la perfecta elecci\u00f3n para resultados incre\u00edbles.<\/p>\n<p>Consta de dos tirantes de resistente nylon en los hombros que se ajustan f\u00e1cilmente para soportar el peso del dildo, que a su vez es sujetado por un anillo de metal y lo mantiene en su sitio cuando la acci\u00f3n comienza. Adem\u00e1s consta de una tira de velcro que lo rodea y sujeta.<\/p>\n<p>El Strap-on hueco es enorme (25 cm)y libre de ftalatos y tiene un tubo de pl\u00e1stico de 3.8 cm de di\u00e1metro dentro del dildo de goma que lo hacen perfecto tanto para mujeres como para hombres con problemas de rendimiento. \u00a1Quien diga que el tama\u00f1o no importa es que no ha probado esta maravillosa experiencia!<\/p>\n<p>Cada dildo de King Cock est\u00e1n fabricados cuidadosamente con el m\u00e1ximo detalle y son los dildos de goma m\u00e1s vendidos en el mundo.<\/p>\n<ul>\n<li>Libre de ftalatos<\/li>\n<li>Longitud dildo: 28\u00a0cm<\/li>\n<li>Color: Carne<\/li>\n<\/ul>\n","protected":false},"excerpt":{"rendered":"<p>KING COCK &#8211; 28 CM HOLLOW STRAP-ON SUSPENDER SYSTEM FLESH<\/p>\n","protected":false},"featured_media":260793,"comment_status":"open","ping_status":"closed","template":"","meta":[],"product_brand":[],"product_cat":[1287,1291],"product_tag":[],"class_list":{"0":"post-502075","1":"product","2":"type-product","3":"status-publish","4":"has-post-thumbnail","6":"product_cat-strap-on-es","7":"product_cat-strap-on-huecos","9":"first","10":"instock","11":"taxable","12":"shipping-taxable","13":"purchasable","14":"product-type-simple"},"jetpack_sharing_enabled":true,"_links":{"self":[{"href":"https:\/\/www.erothis.com\/es\/wp-json\/wp\/v2\/product\/502075","targetHints":{"allow":["GET"]}}],"collection":[{"href":"https:\/\/www.erothis.com\/es\/wp-json\/wp\/v2\/product"}],"about":[{"href":"https:\/\/www.erothis.com\/es\/wp-json\/wp\/v2\/types\/product"}],"replies":[{"embeddable":true,"href":"https:\/\/www.erothis.com\/es\/wp-json\/wp\/v2\/comments?post=502075"}],"version-history":[{"count":3,"href":"https:\/\/www.erothis.com\/es\/wp-json\/wp\/v2\/product\/502075\/revisions"}],"predecessor-version":[{"id":510134,"href":"https:\/\/www.erothis.com\/es\/wp-json\/wp\/v2\/product\/502075\/revisions\/510134"}],"wp:featuredmedia":[{"embeddable":true,"href":"https:\/\/www.erothis.com\/es\/wp-json\/wp\/v2\/media\/260793"}],"wp:attachment":[{"href":"https:\/\/www.erothis.com\/es\/wp-json\/wp\/v2\/media?parent=502075"}],"wp:term":[{"taxonomy":"product_brand","embeddable":true,"href":"https:\/\/www.erothis.com\/es\/wp-json\/wp\/v2\/product_brand?post=502075"},{"taxonomy":"product_cat","embeddable":true,"href":"https:\/\/www.erothis.com\/es\/wp-json\/wp\/v2\/product_cat?post=502075"},{"taxonomy":"product_tag","embeddable":true,"href":"https:\/\/www.erothis.com\/es\/wp-json\/wp\/v2\/product_tag?post=502075"}],"curies":[{"name":"wp","href":"https:\/\/api.w.org\/{rel}","templated":true}]}}