{"id":502384,"date":"2023-06-20T13:17:24","date_gmt":"2023-06-20T12:17:24","guid":{"rendered":"https:\/\/www.erothis.com\/?post_type=product&#038;p=502384"},"modified":"2025-11-01T14:43:51","modified_gmt":"2025-11-01T14:43:51","slug":"metal-hard-plug-anal-metalico-con-bloqueo-2","status":"publish","type":"product","link":"https:\/\/www.erothis.com\/es\/productos\/metal-hard-plug-anal-metalico-con-bloqueo-2\/","title":{"rendered":"METAL HARD &#8211; PLUG ANAL METALICO CON BLOQUEO"},"content":{"rendered":"<p>Este Plug de bloqueo anal\u00a0de acero inoxidable Deluxe es un juguete anal premium hecho para el placer extremo.<\/p>\n<p>Est\u00e1 especialmente dise\u00f1ado para llegar a todos los lugares correctos y para ofrecer una excitaci\u00f3n sin igual. Tres secciones de acero con bisagras florecen dentro de usted, y el pasador de bloqueo mantiene el plug apretado en su lugar hasta que decida cu\u00e1ndo viene la liberaci\u00f3n. El material liso tiene un peso lujoso y una sensaci\u00f3n intensa y emocionante juego de temperatura.<\/p>\n<ul>\n<li>Dimensiones del producto 12.8 x 3.4 cm<\/li>\n<li>Peso del producto 400 gram<\/li>\n<li>Longitud: 12,8 cm<\/li>\n<li>Longitud insertable: 10 cm<\/li>\n<li>Di\u00e1metro: 3,4 &#8211; 4,8 cm<\/li>\n<li>Material: Acero inoxidable<\/li>\n<\/ul>\n","protected":false},"excerpt":{"rendered":"<p>METAL HARD &#8211; METAL ANAL PLUG WITH LOCK<\/p>\n","protected":false},"featured_media":262050,"comment_status":"open","ping_status":"closed","template":"","meta":[],"product_brand":[],"product_cat":[1263,1252,1265],"product_tag":[],"class_list":{"0":"post-502384","1":"product","2":"type-product","3":"status-publish","4":"has-post-thumbnail","6":"product_cat-anal-es","7":"product_cat-bdsm-es","8":"product_cat-plugs-es","10":"first","11":"instock","12":"taxable","13":"shipping-taxable","14":"purchasable","15":"product-type-simple"},"jetpack_sharing_enabled":true,"_links":{"self":[{"href":"https:\/\/www.erothis.com\/es\/wp-json\/wp\/v2\/product\/502384","targetHints":{"allow":["GET"]}}],"collection":[{"href":"https:\/\/www.erothis.com\/es\/wp-json\/wp\/v2\/product"}],"about":[{"href":"https:\/\/www.erothis.com\/es\/wp-json\/wp\/v2\/types\/product"}],"replies":[{"embeddable":true,"href":"https:\/\/www.erothis.com\/es\/wp-json\/wp\/v2\/comments?post=502384"}],"version-history":[{"count":2,"href":"https:\/\/www.erothis.com\/es\/wp-json\/wp\/v2\/product\/502384\/revisions"}],"predecessor-version":[{"id":509329,"href":"https:\/\/www.erothis.com\/es\/wp-json\/wp\/v2\/product\/502384\/revisions\/509329"}],"wp:featuredmedia":[{"embeddable":true,"href":"https:\/\/www.erothis.com\/es\/wp-json\/wp\/v2\/media\/262050"}],"wp:attachment":[{"href":"https:\/\/www.erothis.com\/es\/wp-json\/wp\/v2\/media?parent=502384"}],"wp:term":[{"taxonomy":"product_brand","embeddable":true,"href":"https:\/\/www.erothis.com\/es\/wp-json\/wp\/v2\/product_brand?post=502384"},{"taxonomy":"product_cat","embeddable":true,"href":"https:\/\/www.erothis.com\/es\/wp-json\/wp\/v2\/product_cat?post=502384"},{"taxonomy":"product_tag","embeddable":true,"href":"https:\/\/www.erothis.com\/es\/wp-json\/wp\/v2\/product_tag?post=502384"}],"curies":[{"name":"wp","href":"https:\/\/api.w.org\/{rel}","templated":true}]}}