{"id":502416,"date":"2023-06-20T13:17:24","date_gmt":"2023-06-20T12:17:24","guid":{"rendered":"https:\/\/www.erothis.com\/?post_type=product&#038;p=502416"},"modified":"2025-08-31T00:08:09","modified_gmt":"2025-08-30T23:08:09","slug":"g-vibe-gplug-twist-con-vibracion-negro-2","status":"publish","type":"product","link":"https:\/\/www.erothis.com\/es\/productos\/g-vibe-gplug-twist-con-vibracion-negro-2\/","title":{"rendered":"G-VIBE &#8211; GPLUG TWIST CON VIBRACI\u00d3N NEGRO"},"content":{"rendered":"<p>Gplug Twist tama\u00f1o 3.9 cm (1.54 in).<br \/>\n\u00a1Su \u00fanica forma twist fue dise\u00f1ada para los verdaderos connoisseurs de los juegos anales!<br \/>\nNo tiene limites. Se gira y entra f\u00e1cilmente sin esfuerzos adicionales. Estando dentro, debido a su forma nervada, Gplug Twist masajea con cada costilla, entregando vibraci\u00f3n y placer.<br \/>\nDentro del Gplug Twist est\u00e1n los motores de nueva generaci\u00f3n. La vibraci\u00f3n m\u00e1s potente y al mismo tiempo silenciosa.<\/p>\n<ul>\n<li>Motor potente y silencioso.<\/li>\n<li>Dise\u00f1o ergon\u00f3mico.<\/li>\n<li>Seis modos de vibraci\u00f3n con intensidad regulable, desde temblores ligeros hasta Fuertes vibraciones.<\/li>\n<li>Hecho de silicona m\u00e9dica, hipoalerg\u00e9nica, suave y de primera calidad.<\/li>\n<li>Controles intuitivos.<\/li>\n<li>Hasta 4 horas de funcionamiento con una carga de la bater\u00eda.<\/li>\n<li>Tama\u00f1o: 3.9 cm (1.54 in).<\/li>\n<li>100% resistente al agua.<\/li>\n<li>Cargador magn\u00e9tico.<\/li>\n<li>Garant\u00eda de 3 a\u00f1os.<\/li>\n<li>Bloqueo para viajes (Pulse ON y mantenga pulsado durante 2 segundos).<\/li>\n<\/ul>\n","protected":false},"excerpt":{"rendered":"<p>G-VIBE &#8211; GPLUG TWIST WITH VIBRATION BLACK<\/p>\n","protected":false},"featured_media":262062,"comment_status":"open","ping_status":"closed","template":"","meta":[],"product_brand":[],"product_cat":[1266],"product_tag":[],"class_list":{"0":"post-502416","1":"product","2":"type-product","3":"status-publish","4":"has-post-thumbnail","6":"product_cat-vibradores-anales","8":"first","9":"instock","10":"taxable","11":"shipping-taxable","12":"purchasable","13":"product-type-simple"},"jetpack_sharing_enabled":true,"_links":{"self":[{"href":"https:\/\/www.erothis.com\/es\/wp-json\/wp\/v2\/product\/502416","targetHints":{"allow":["GET"]}}],"collection":[{"href":"https:\/\/www.erothis.com\/es\/wp-json\/wp\/v2\/product"}],"about":[{"href":"https:\/\/www.erothis.com\/es\/wp-json\/wp\/v2\/types\/product"}],"replies":[{"embeddable":true,"href":"https:\/\/www.erothis.com\/es\/wp-json\/wp\/v2\/comments?post=502416"}],"version-history":[{"count":3,"href":"https:\/\/www.erothis.com\/es\/wp-json\/wp\/v2\/product\/502416\/revisions"}],"predecessor-version":[{"id":509331,"href":"https:\/\/www.erothis.com\/es\/wp-json\/wp\/v2\/product\/502416\/revisions\/509331"}],"wp:featuredmedia":[{"embeddable":true,"href":"https:\/\/www.erothis.com\/es\/wp-json\/wp\/v2\/media\/262062"}],"wp:attachment":[{"href":"https:\/\/www.erothis.com\/es\/wp-json\/wp\/v2\/media?parent=502416"}],"wp:term":[{"taxonomy":"product_brand","embeddable":true,"href":"https:\/\/www.erothis.com\/es\/wp-json\/wp\/v2\/product_brand?post=502416"},{"taxonomy":"product_cat","embeddable":true,"href":"https:\/\/www.erothis.com\/es\/wp-json\/wp\/v2\/product_cat?post=502416"},{"taxonomy":"product_tag","embeddable":true,"href":"https:\/\/www.erothis.com\/es\/wp-json\/wp\/v2\/product_tag?post=502416"}],"curies":[{"name":"wp","href":"https:\/\/api.w.org\/{rel}","templated":true}]}}