{"id":502421,"date":"2023-06-20T13:18:07","date_gmt":"2023-06-20T12:18:07","guid":{"rendered":"https:\/\/www.erothis.com\/?post_type=product&#038;p=502421"},"modified":"2025-08-31T00:08:10","modified_gmt":"2025-08-30T23:08:10","slug":"addicted-toys-masajeador-plug-anal-con-vibracion-negro-2","status":"publish","type":"product","link":"https:\/\/www.erothis.com\/es\/productos\/addicted-toys-masajeador-plug-anal-con-vibracion-negro-2\/","title":{"rendered":"ADDICTED TOYS &#8211; MASAJEADOR PLUG ANAL CON VIBRACI\u00d3N NEGRO"},"content":{"rendered":"<p>Dentro de toda la extensa gama de productos ADDICTED TOYS queremos ofrecerte la posibilidad de explorar el juego sexual con formas excitantes y sensuales experiencias.<\/p>\n<p>Este masajeador de pr\u00f3stata premium utiliza tecnolog\u00eda innovadora y materiales de alta calidad para brindarte el placer anal que has deseado.<\/p>\n<p>Experimenta una vibraci\u00f3n poderosa anal y contra tu perineo. Posiblemente a\u00fan mejor, una cuenta en la cabeza del masajeador est\u00e1 posicionada para el placer espec\u00edfico de la pr\u00f3stata.<\/p>\n<p>Fabricado con silicona de grado m\u00e9dico supersuave, agradable para la piel, suave al tacto y extremadamente higi\u00e9nica<\/p>\n<ul>\n<li>Ideal para principiantes y para probar experiencias anales<\/li>\n<li>Medidas del Plug; 8 X 14cm ( Mirad imagen para detallar medidas )<\/li>\n<li>Motor Potente<\/li>\n<li>Vibraci\u00f3n intensa<\/li>\n<li>Flexible<\/li>\n<li>Material Seguro<\/li>\n<li>Resistente al agua<\/li>\n<li>Funciona con 1 pila AAA \u00a0no incluida.<\/li>\n<\/ul>\n<p>\u00bfQu\u00e9 debo tener en cuenta al utilizar juguetes anales?<\/p>\n<p>Para conseguir una experiencia \u00f3ptima y poder disfrutar de manera placentera y sin sentir dolor, Addicted toys recomienda el uso de los lubricantes de la marca Black Hole<\/p>\n<p>Con el fin de que puedas disfrutar del juguete anal el mayor tiempo posible, te aconsejamos que lo limpies y desinfectes con un limpiador de juguetes antes y despu\u00e9s de cada uso. La composici\u00f3n de Desinfectante Spray de Waterfeel se adapta a la silicona suave y es cuidadosa con el material para que la superficie permanezca lisa y flexible.<\/p>\n","protected":false},"excerpt":{"rendered":"<p>ADDICTED TOYS &#8211; MASSAGER PLUG ANAL WITH VIBRATION BLACK<\/p>\n","protected":false},"featured_media":262083,"comment_status":"open","ping_status":"closed","template":"","meta":[],"product_brand":[],"product_cat":[1263,1285,1265,1266],"product_tag":[],"class_list":{"0":"post-502421","1":"product","2":"type-product","3":"status-publish","4":"has-post-thumbnail","6":"product_cat-anal-es","7":"product_cat-especial-prostata-es","8":"product_cat-plugs-es","9":"product_cat-vibradores-anales","11":"first","12":"instock","13":"taxable","14":"shipping-taxable","15":"purchasable","16":"product-type-simple"},"jetpack_sharing_enabled":true,"_links":{"self":[{"href":"https:\/\/www.erothis.com\/es\/wp-json\/wp\/v2\/product\/502421","targetHints":{"allow":["GET"]}}],"collection":[{"href":"https:\/\/www.erothis.com\/es\/wp-json\/wp\/v2\/product"}],"about":[{"href":"https:\/\/www.erothis.com\/es\/wp-json\/wp\/v2\/types\/product"}],"replies":[{"embeddable":true,"href":"https:\/\/www.erothis.com\/es\/wp-json\/wp\/v2\/comments?post=502421"}],"version-history":[{"count":3,"href":"https:\/\/www.erothis.com\/es\/wp-json\/wp\/v2\/product\/502421\/revisions"}],"predecessor-version":[{"id":509633,"href":"https:\/\/www.erothis.com\/es\/wp-json\/wp\/v2\/product\/502421\/revisions\/509633"}],"wp:featuredmedia":[{"embeddable":true,"href":"https:\/\/www.erothis.com\/es\/wp-json\/wp\/v2\/media\/262083"}],"wp:attachment":[{"href":"https:\/\/www.erothis.com\/es\/wp-json\/wp\/v2\/media?parent=502421"}],"wp:term":[{"taxonomy":"product_brand","embeddable":true,"href":"https:\/\/www.erothis.com\/es\/wp-json\/wp\/v2\/product_brand?post=502421"},{"taxonomy":"product_cat","embeddable":true,"href":"https:\/\/www.erothis.com\/es\/wp-json\/wp\/v2\/product_cat?post=502421"},{"taxonomy":"product_tag","embeddable":true,"href":"https:\/\/www.erothis.com\/es\/wp-json\/wp\/v2\/product_tag?post=502421"}],"curies":[{"name":"wp","href":"https:\/\/api.w.org\/{rel}","templated":true}]}}