{"id":502423,"date":"2023-06-20T13:18:29","date_gmt":"2023-06-20T12:18:29","guid":{"rendered":"https:\/\/www.erothis.com\/?post_type=product&#038;p=502423"},"modified":"2025-08-31T00:08:10","modified_gmt":"2025-08-30T23:08:10","slug":"satisfyer-plug-ilicious-1-plug-vibrador-verde-2","status":"publish","type":"product","link":"https:\/\/www.erothis.com\/es\/productos\/satisfyer-plug-ilicious-1-plug-vibrador-verde-2\/","title":{"rendered":"SATISFYER &#8211; PLUG ILICIOUS 1 PLUG VIBRADOR VERDE"},"content":{"rendered":"<p>Las profundas vibraciones\u00a0del plug son impulsadas por 2 motores que se pueden controlar de forma inutitiva a trav\u00e9s de la aplicaci\u00f3n. El Plug-ilicious 1 tambi\u00e9n le impresionar\u00e1 con su superficie de silicona suave, forma c\u00f3nica y base ancha y segura.<\/p>\n<p>Informaci\u00f3n del producto<\/p>\n<ul>\n<li>Las vibraciones profundas del enchufe son impulsadas por 2 motores que se pueden controlar de forma inutitiva a trav\u00e9s de la aplicaci\u00f3n.<\/li>\n<li>El Plug-ilicious 1 tambi\u00e9n le impresionar\u00e1 con su superficie de silicona suave, forma c\u00f3nica y base ancha y segura.<\/li>\n<li>Compatible con la aplicaci\u00f3n gratuita Satisfyer &#8211; Disponible en iOS y Android<\/li>\n<li>Los 2 motores se pueden controlar por separado, lo que permite numerosas opciones de combinaci\u00f3n de vibraciones<\/li>\n<li>Apto para todos los g\u00e9neros<\/li>\n<li>15 a\u00f1os de garant\u00eda<\/li>\n<li>Tambi\u00e9n se puede utilizar sin la aplicaci\u00f3n<\/li>\n<li>Vibraci\u00f3n profunda s\u00faper fuerte<\/li>\n<li>Los programas preestablecidos se pueden editar<\/li>\n<li>Silicona amigable con el cuerpo<\/li>\n<li>La aplicaci\u00f3n ofrece una gama interminable de programas<\/li>\n<li>Impermeable (IPX7)<\/li>\n<li>Modo Susurro<\/li>\n<li>Bater\u00eda recargable de iones de litio Cable de carga USB magn\u00e9tico incluido<\/li>\n<li>F\u00e1cil de limpiar<\/li>\n<\/ul>\n<p><strong>Sensual masaje prost\u00e1tico con el Satisfyer Plug-ilicious 1.<\/strong><\/p>\n<p>Disfruta de una seductora estimulaci\u00f3n por la puerta trasera con el Satisfyer Plug-ilicious 1. El vibrador anal est\u00e1 hecho de silicona suave y amigable con el cuerpo y es f\u00e1cil de insertar, y la base ancha garantiza un momento seguro cuando te diviertes. Con su forma c\u00f3nica y punta redondeada, el vibrador anal se puede utilizar para hombres y mujeres. Dado que el Plug-ilicious 1 es resistente al agua (IPX7), tambi\u00e9n puede unirse a usted en la ducha o la ba\u00f1era, y se puede limpiar f\u00e1cilmente con agua tibia y jab\u00f3n suave. Siempre recomendamos el uso de un lubricante a base de agua para la acci\u00f3n de puerta trasera. Los lubricantes Satisfyer est\u00e1n disponibles en diferentes versiones y son el complemento ideal para el juego anal.<\/p>\n<p><strong>Plug vibrador\u00a0con control de aplicaciones<\/strong><\/p>\n<p>El Plug-ilicious 1 tambi\u00e9n te ofrece la opci\u00f3n de controlarlo por app con la nueva App Satisfyer Connect. La aplicaci\u00f3n no solo le permite a usted o a su pareja controlar de forma remota a este portador de placer desde cualquier parte del mundo a trav\u00e9s de Internet, sino que tambi\u00e9n puede crear sus propios programas de vibraci\u00f3n o vincular la aplicaci\u00f3n a su cuenta de Spotify.<\/p>\n<p>\u00a1Las posibilidades son infinitas! La aplicaci\u00f3n est\u00e1 disponible para Android, iOS y Apple Watches. Despu\u00e9s de disfrutar, puede recargar las bater\u00edas integradas en su Plug-ilicious 1 con el cable de carga USB incluido.<\/p>\n","protected":false},"excerpt":{"rendered":"<p>SATISFYER &#8211; PLUG ILICIOUS 1 PLUG VIBRATOR GREEN<\/p>\n","protected":false},"featured_media":262111,"comment_status":"open","ping_status":"closed","template":"","meta":[],"product_brand":[],"product_cat":[1266],"product_tag":[],"class_list":{"0":"post-502423","1":"product","2":"type-product","3":"status-publish","4":"has-post-thumbnail","6":"product_cat-vibradores-anales","8":"first","9":"instock","10":"taxable","11":"shipping-taxable","12":"purchasable","13":"product-type-simple"},"jetpack_sharing_enabled":true,"_links":{"self":[{"href":"https:\/\/www.erothis.com\/es\/wp-json\/wp\/v2\/product\/502423","targetHints":{"allow":["GET"]}}],"collection":[{"href":"https:\/\/www.erothis.com\/es\/wp-json\/wp\/v2\/product"}],"about":[{"href":"https:\/\/www.erothis.com\/es\/wp-json\/wp\/v2\/types\/product"}],"replies":[{"embeddable":true,"href":"https:\/\/www.erothis.com\/es\/wp-json\/wp\/v2\/comments?post=502423"}],"version-history":[{"count":3,"href":"https:\/\/www.erothis.com\/es\/wp-json\/wp\/v2\/product\/502423\/revisions"}],"predecessor-version":[{"id":509723,"href":"https:\/\/www.erothis.com\/es\/wp-json\/wp\/v2\/product\/502423\/revisions\/509723"}],"wp:featuredmedia":[{"embeddable":true,"href":"https:\/\/www.erothis.com\/es\/wp-json\/wp\/v2\/media\/262111"}],"wp:attachment":[{"href":"https:\/\/www.erothis.com\/es\/wp-json\/wp\/v2\/media?parent=502423"}],"wp:term":[{"taxonomy":"product_brand","embeddable":true,"href":"https:\/\/www.erothis.com\/es\/wp-json\/wp\/v2\/product_brand?post=502423"},{"taxonomy":"product_cat","embeddable":true,"href":"https:\/\/www.erothis.com\/es\/wp-json\/wp\/v2\/product_cat?post=502423"},{"taxonomy":"product_tag","embeddable":true,"href":"https:\/\/www.erothis.com\/es\/wp-json\/wp\/v2\/product_tag?post=502423"}],"curies":[{"name":"wp","href":"https:\/\/api.w.org\/{rel}","templated":true}]}}