{"id":502425,"date":"2023-06-20T13:18:29","date_gmt":"2023-06-20T12:18:29","guid":{"rendered":"https:\/\/www.erothis.com\/?post_type=product&#038;p=502425"},"modified":"2025-08-31T00:08:10","modified_gmt":"2025-08-30T23:08:10","slug":"satisfyer-plug-ilicious-2-plug-vibrador-berry-2","status":"publish","type":"product","link":"https:\/\/www.erothis.com\/es\/productos\/satisfyer-plug-ilicious-2-plug-vibrador-berry-2\/","title":{"rendered":"SATISFYER &#8211; PLUG ILICIOUS 2 PLUG VIBRADOR BERRY"},"content":{"rendered":"<p>Gracias a su forma c\u00f3nica y punta redondeada, el Plug-ilicious 2 golpea el punto P con precisi\u00f3n, estimul\u00e1ndolo con vibraciones de 2 motores. El maravilloso dise\u00f1o se completa con una base ancha, material de silicona suave y control de aplicaciones.<\/p>\n<p><strong>Informaci\u00f3n del producto \u00abPlug-ilicious 2\u00bb<\/strong><\/p>\n<ul>\n<li>Gracias a su forma c\u00f3nica y punta redondeada, el Plug-ilicious 2 golpea el punto P con precisi\u00f3n, estimul\u00e1ndolo con vibraciones de 2 motores. El maravilloso dise\u00f1o se completa con una base ancha, material de silicona suave y control de aplicaciones.<\/li>\n<li>Compatible con la aplicaci\u00f3n gratuita Satisfyer &#8211; Disponible en iOS y Android<\/li>\n<li>Los 2 motores se pueden controlar por separado, lo que permite numerosas opciones de combinaci\u00f3n de vibraciones<\/li>\n<li>Apto para todos los g\u00e9neros<\/li>\n<li>15 a\u00f1os de garant\u00eda<\/li>\n<li>Tambi\u00e9n se puede utilizar sin la aplicaci\u00f3n<\/li>\n<li>Vibraci\u00f3n profunda s\u00faper fuerte<\/li>\n<li>Los programas preestablecidos se pueden editar<\/li>\n<li>Silicona amigable con el cuerpo<\/li>\n<li>La aplicaci\u00f3n ofrece una gama interminable de programas<\/li>\n<li>Impermeable (IPX7)<\/li>\n<li>Modo Susurro<\/li>\n<li>Bater\u00eda recargable de iones de litio<\/li>\n<li>Cable de carga USB magn\u00e9tico incluido<\/li>\n<li>F\u00e1cil de limpiar<\/li>\n<\/ul>\n<p><strong>Satisfyer Plug-ilicious 2: Tap\u00f3n vibratorio para hombres y mujeres<\/strong><\/p>\n<p>\u00a1Disfruta del \u00e9xtasis sensual con el Satisfyer Plug-ilicious 2! El vibrador anal para hombres y mujeres tiene una forma c\u00f3nica y una punta aplanada, que llena agradablemente tu espalda, estimul\u00e1ndote con vibraciones intensas. Los programas de vibraci\u00f3n se pueden controlar tanto a trav\u00e9s del panel de control integrado como a trav\u00e9s de la aplicaci\u00f3n Satisfyer Connect. Hay mucho que descubrir con la aplicaci\u00f3n gratuita: adem\u00e1s de crear tus propios patrones de vibraci\u00f3n, tambi\u00e9n puedes intercambiar informaci\u00f3n con otros usuarios o disfrutar de llamadas de video y audio con tu pareja. La aplicaci\u00f3n Satisfyer Connect est\u00e1 disponible para Android, iOS y Apple Watches.<\/p>\n<p><strong>\u00bfQu\u00e9 otras excelentes caracter\u00edsticas tiene el vibrador anal controlado por aplicaciones?<\/strong><\/p>\n<p>El Satisfyer Plug-ilicious 2 est\u00e1 hecho de silicona suave y amigable con el cuerpo y es f\u00e1cil de insertar gracias a su superficie lisa. La amplia base tambi\u00e9n funciona como un asa y garantiza un juego seguro. Para una experiencia fluida, recomendamos el uso adicional de lubricante: los lubricantes Satisfyer est\u00e1n disponibles en diferentes variantes y son ideales para el material del tap\u00f3n de gl\u00fateos. El Plug-ilicious 2 tambi\u00e9n es resistente al agua (IPX7), lo que lo convierte no solo en el compa\u00f1ero ideal para jugar en la ducha, sino tambi\u00e9n en f\u00e1cil de limpiar con agua tibia y jab\u00f3n suave. Si su dispositivo alguna vez se queda sin vapor, puede recargar las bater\u00edas integradas con el cable de carga USB incluido.<\/p>\n","protected":false},"excerpt":{"rendered":"<p>SATISFYER &#8211; PLUG ILICIOUS 2 PLUG VIBRATOR BERRY<\/p>\n","protected":false},"featured_media":262126,"comment_status":"open","ping_status":"closed","template":"","meta":[],"product_brand":[],"product_cat":[1266],"product_tag":[],"class_list":{"0":"post-502425","1":"product","2":"type-product","3":"status-publish","4":"has-post-thumbnail","6":"product_cat-vibradores-anales","8":"first","9":"instock","10":"taxable","11":"shipping-taxable","12":"purchasable","13":"product-type-simple"},"jetpack_sharing_enabled":true,"_links":{"self":[{"href":"https:\/\/www.erothis.com\/es\/wp-json\/wp\/v2\/product\/502425","targetHints":{"allow":["GET"]}}],"collection":[{"href":"https:\/\/www.erothis.com\/es\/wp-json\/wp\/v2\/product"}],"about":[{"href":"https:\/\/www.erothis.com\/es\/wp-json\/wp\/v2\/types\/product"}],"replies":[{"embeddable":true,"href":"https:\/\/www.erothis.com\/es\/wp-json\/wp\/v2\/comments?post=502425"}],"version-history":[{"count":3,"href":"https:\/\/www.erothis.com\/es\/wp-json\/wp\/v2\/product\/502425\/revisions"}],"predecessor-version":[{"id":509727,"href":"https:\/\/www.erothis.com\/es\/wp-json\/wp\/v2\/product\/502425\/revisions\/509727"}],"wp:featuredmedia":[{"embeddable":true,"href":"https:\/\/www.erothis.com\/es\/wp-json\/wp\/v2\/media\/262126"}],"wp:attachment":[{"href":"https:\/\/www.erothis.com\/es\/wp-json\/wp\/v2\/media?parent=502425"}],"wp:term":[{"taxonomy":"product_brand","embeddable":true,"href":"https:\/\/www.erothis.com\/es\/wp-json\/wp\/v2\/product_brand?post=502425"},{"taxonomy":"product_cat","embeddable":true,"href":"https:\/\/www.erothis.com\/es\/wp-json\/wp\/v2\/product_cat?post=502425"},{"taxonomy":"product_tag","embeddable":true,"href":"https:\/\/www.erothis.com\/es\/wp-json\/wp\/v2\/product_tag?post=502425"}],"curies":[{"name":"wp","href":"https:\/\/api.w.org\/{rel}","templated":true}]}}