{"id":502437,"date":"2023-06-20T13:19:42","date_gmt":"2023-06-20T12:19:42","guid":{"rendered":"https:\/\/www.erothis.com\/?post_type=product&#038;p=502437"},"modified":"2025-08-31T00:08:12","modified_gmt":"2025-08-30T23:08:12","slug":"satisfyer-rotator-plug-2-plug-vibrador-app-rojo","status":"publish","type":"product","link":"https:\/\/www.erothis.com\/es\/productos\/satisfyer-rotator-plug-2-plug-vibrador-app-rojo\/","title":{"rendered":"SATISFYER &#8211; ROTATOR PLUG 2+ PLUG VIBRADOR APP ROJO"},"content":{"rendered":"<p>\u00bfDeseando un poco&#8230; m\u00e1s? Descubre la estimulaci\u00f3n anal m\u00e1s apasionante con el nuevo tap\u00f3n anal con vibraciones, Rotator Plug 2+. Provisto de dos motores, Rotator Plug 2+ cuenta con un motor destinado a generar unas vibraciones intensas y otro que se encarga de las intrincadas bolas giratorias situadas en la mitad inferior.<\/p>\n<p><strong>Informaci\u00f3n del producto \u00abSatisfyer Rotator Plug 2+ Connect App\u00bb<\/strong><\/p>\n<ul>\n<li>Compatible con la aplicaci\u00f3n gratuita de Satisfyer, disponible para iOS y Android<\/li>\n<li>Dos potentes motores transmiten intensos ritmos de vibraci\u00f3n y de rotaci\u00f3n<\/li>\n<li>Unisex, apto para todos los g\u00e9neros<\/li>\n<li>12 programas de vibraci\u00f3n<\/li>\n<li>12 programas de rotaci\u00f3n<\/li>\n<li>15 a\u00f1os de garant\u00eda<\/li>\n<li>Tambi\u00e9n se puede utilizar sin la aplicaci\u00f3n<\/li>\n<li>Los programas preestablecidos se pueden editar<\/li>\n<li>Silicona amigable con el cuerpo<\/li>\n<li>La aplicaci\u00f3n ofrece una gama interminable de programas<\/li>\n<li>Impermeable (IPX7)<\/li>\n<li>Modo Susurro<\/li>\n<li>Bater\u00eda recargable de iones de litio<\/li>\n<li>Cable de carga USB magn\u00e9tico incluido<\/li>\n<li>F\u00e1cil de limpiar<\/li>\n<\/ul>\n<p><strong>\u00bfQu\u00e9 otras ventajas presenta el vibrador Satisfyer Rotator Plug 2+ Connect App?<\/strong><\/p>\n<p>Un producto m\u00e1s bien para avanzados, Rotator Plug 2+ resulta f\u00e1cil de introducir gracias a su resistencia y es extremadamente potente, ya que las bolas giratorias aportan una estimulaci\u00f3n inigualable. Gracias a su parte superior m\u00e1s delgada y puntiaguda, la inserci\u00f3n resulta todav\u00eda m\u00e1s f\u00e1cil.<\/p>\n<p>Rotator Plug 1+, con tecnolog\u00eda Bluetooth, se puede conectar a la galardonada aplicaci\u00f3n gratuita Satisfyer Connect, ofreci\u00e9ndote la opci\u00f3n de tener un control total sobre el potente motor y personalizar de verdad el placer. Rotator Plug 1+ est\u00e1 fabricado con silicona inocua para el cuerpo, es recargable e impermeable (IPX7).<\/p>\n<p>\u00a1Descubre la sensaci\u00f3n de llenado hoy mismo!<\/p>\n","protected":false},"excerpt":{"rendered":"<p>SATISFYER &#8211; ROTATOR PLUG 2+ VIBRATING PLUG APP RED<\/p>\n","protected":false},"featured_media":262179,"comment_status":"open","ping_status":"closed","template":"","meta":[],"product_brand":[],"product_cat":[1263,1266],"product_tag":[],"class_list":{"0":"post-502437","1":"product","2":"type-product","3":"status-publish","4":"has-post-thumbnail","6":"product_cat-anal-es","7":"product_cat-vibradores-anales","9":"first","10":"instock","11":"taxable","12":"shipping-taxable","13":"purchasable","14":"product-type-simple"},"jetpack_sharing_enabled":true,"_links":{"self":[{"href":"https:\/\/www.erothis.com\/es\/wp-json\/wp\/v2\/product\/502437","targetHints":{"allow":["GET"]}}],"collection":[{"href":"https:\/\/www.erothis.com\/es\/wp-json\/wp\/v2\/product"}],"about":[{"href":"https:\/\/www.erothis.com\/es\/wp-json\/wp\/v2\/types\/product"}],"replies":[{"embeddable":true,"href":"https:\/\/www.erothis.com\/es\/wp-json\/wp\/v2\/comments?post=502437"}],"version-history":[{"count":3,"href":"https:\/\/www.erothis.com\/es\/wp-json\/wp\/v2\/product\/502437\/revisions"}],"predecessor-version":[{"id":509821,"href":"https:\/\/www.erothis.com\/es\/wp-json\/wp\/v2\/product\/502437\/revisions\/509821"}],"wp:featuredmedia":[{"embeddable":true,"href":"https:\/\/www.erothis.com\/es\/wp-json\/wp\/v2\/media\/262179"}],"wp:attachment":[{"href":"https:\/\/www.erothis.com\/es\/wp-json\/wp\/v2\/media?parent=502437"}],"wp:term":[{"taxonomy":"product_brand","embeddable":true,"href":"https:\/\/www.erothis.com\/es\/wp-json\/wp\/v2\/product_brand?post=502437"},{"taxonomy":"product_cat","embeddable":true,"href":"https:\/\/www.erothis.com\/es\/wp-json\/wp\/v2\/product_cat?post=502437"},{"taxonomy":"product_tag","embeddable":true,"href":"https:\/\/www.erothis.com\/es\/wp-json\/wp\/v2\/product_tag?post=502437"}],"curies":[{"name":"wp","href":"https:\/\/api.w.org\/{rel}","templated":true}]}}