{"id":502439,"date":"2023-06-20T13:19:42","date_gmt":"2023-06-20T12:19:42","guid":{"rendered":"https:\/\/www.erothis.com\/?post_type=product&#038;p=502439"},"modified":"2025-08-31T00:08:12","modified_gmt":"2025-08-30T23:08:12","slug":"mr-play-plug-anal-vibrador-de-silicona-negro","status":"publish","type":"product","link":"https:\/\/www.erothis.com\/es\/productos\/mr-play-plug-anal-vibrador-de-silicona-negro\/","title":{"rendered":"MR PLAY &#8211; PLUG ANAL VIBRADOR DE SILICONA NEGRO"},"content":{"rendered":"<p>Para un placer fuera de este mundo, no busque m\u00e1s all\u00e1 de este tap\u00f3n anal vibrador de 10 funciones. Siente los efectos de rizar los dedos de los pies de cada secci\u00f3n a medida que te sumerges m\u00e1s profundamente en este sensacional tap\u00f3n. Destacando contra la silicona negra, la bala azul est\u00e1 a la espera de ser utilizada. Descubre 10 modos de vibraci\u00f3n mientras te pierdes en velocidades constantes y patrones de burla. Mientras juegas, el cuello angosto mantiene el enchufe seguro y c\u00f3modo en su lugar.<\/p>\n<ul>\n<li>Funci\u00f3n: 10 funciones de vibraci\u00f3n<\/li>\n<li>Potencia: 1 bater\u00eda AAA<\/li>\n<li>Material: ABS de silicona<\/li>\n<li>Color: 0801S negro.<\/li>\n<li>Tama\u00f1o del embalaje (mm): 175*100*80<\/li>\n<\/ul>\n<p>Pretty Love fabrica productos con altos est\u00e1ndares de calidad. Todos sus productos est\u00e1n dise\u00f1ados en USA y tienen 1 a\u00f1o de garant\u00eda en defectos t\u00e9cnicos.<\/p>\n","protected":false},"excerpt":{"rendered":"<p>MR PLAY &#8211; BLACK SILICONE VIBRATOR ANAL PLUG<\/p>\n","protected":false},"featured_media":262184,"comment_status":"open","ping_status":"closed","template":"","meta":[],"product_brand":[],"product_cat":[1266],"product_tag":[],"class_list":{"0":"post-502439","1":"product","2":"type-product","3":"status-publish","4":"has-post-thumbnail","6":"product_cat-vibradores-anales","8":"first","9":"instock","10":"taxable","11":"shipping-taxable","12":"purchasable","13":"product-type-simple"},"jetpack_sharing_enabled":true,"_links":{"self":[{"href":"https:\/\/www.erothis.com\/es\/wp-json\/wp\/v2\/product\/502439","targetHints":{"allow":["GET"]}}],"collection":[{"href":"https:\/\/www.erothis.com\/es\/wp-json\/wp\/v2\/product"}],"about":[{"href":"https:\/\/www.erothis.com\/es\/wp-json\/wp\/v2\/types\/product"}],"replies":[{"embeddable":true,"href":"https:\/\/www.erothis.com\/es\/wp-json\/wp\/v2\/comments?post=502439"}],"version-history":[{"count":2,"href":"https:\/\/www.erothis.com\/es\/wp-json\/wp\/v2\/product\/502439\/revisions"}],"predecessor-version":[{"id":509855,"href":"https:\/\/www.erothis.com\/es\/wp-json\/wp\/v2\/product\/502439\/revisions\/509855"}],"wp:featuredmedia":[{"embeddable":true,"href":"https:\/\/www.erothis.com\/es\/wp-json\/wp\/v2\/media\/262184"}],"wp:attachment":[{"href":"https:\/\/www.erothis.com\/es\/wp-json\/wp\/v2\/media?parent=502439"}],"wp:term":[{"taxonomy":"product_brand","embeddable":true,"href":"https:\/\/www.erothis.com\/es\/wp-json\/wp\/v2\/product_brand?post=502439"},{"taxonomy":"product_cat","embeddable":true,"href":"https:\/\/www.erothis.com\/es\/wp-json\/wp\/v2\/product_cat?post=502439"},{"taxonomy":"product_tag","embeddable":true,"href":"https:\/\/www.erothis.com\/es\/wp-json\/wp\/v2\/product_tag?post=502439"}],"curies":[{"name":"wp","href":"https:\/\/api.w.org\/{rel}","templated":true}]}}