{"id":502442,"date":"2023-06-20T13:20:07","date_gmt":"2023-06-20T12:20:07","guid":{"rendered":"https:\/\/www.erothis.com\/?post_type=product&#038;p=502442"},"modified":"2025-08-31T00:08:12","modified_gmt":"2025-08-30T23:08:12","slug":"pretty-love-buttplug-analtwist-ii-2","status":"publish","type":"product","link":"https:\/\/www.erothis.com\/es\/productos\/pretty-love-buttplug-analtwist-ii-2\/","title":{"rendered":"PRETTY LOVE &#8211; BUTTPLUG ANALTWIST II"},"content":{"rendered":"<p>Pretty Love plug vibrador es un plug tacto suave de alta calidad que sin lugar a dudas no te va\u00a0 a dejar indiferente, lleva incorporado un vibrador de 10 velocidades para una gran estimulaci\u00f3n<\/p>\n<p>Sus principales cualidades son;<\/p>\n<ul>\n<li>100% Silicona libre de phalatos.<\/li>\n<li>10 ritmos de vibraci\u00f3n<\/li>\n<li>Con Ventosa de gran sujecci\u00f3n<\/li>\n<li>100% Acuatico<\/li>\n<li>Medidas; 13 x 3 CM<\/li>\n<li>Funciona con 3 bater\u00edas LR44 incluidas.<\/li>\n<li>Incluye bolsa de tela para guardar el producto despues de su uso!<\/li>\n<\/ul>\n<p>Gracias a su base con ventosa lo podr\u00e1s utilizar en la ducha o cualquier lugar que dese\u00e9s.<\/p>\n<p>Pretty Love fabrica productos con exigentes normas de calidad, todos sus productos estan dise\u00f1ados en Estados Unidos y tienen 1 a\u00f1o de garant\u00eda en defectos tecnicos.<\/p>\n","protected":false},"excerpt":{"rendered":"<p>PRETTY LOVE &#8211; BUTPLUG ANALTWIST II<\/p>\n","protected":false},"featured_media":262200,"comment_status":"open","ping_status":"closed","template":"","meta":[],"product_brand":[],"product_cat":[1266],"product_tag":[],"class_list":{"0":"post-502442","1":"product","2":"type-product","3":"status-publish","4":"has-post-thumbnail","6":"product_cat-vibradores-anales","8":"first","9":"instock","10":"taxable","11":"shipping-taxable","12":"purchasable","13":"product-type-simple"},"jetpack_sharing_enabled":true,"_links":{"self":[{"href":"https:\/\/www.erothis.com\/es\/wp-json\/wp\/v2\/product\/502442","targetHints":{"allow":["GET"]}}],"collection":[{"href":"https:\/\/www.erothis.com\/es\/wp-json\/wp\/v2\/product"}],"about":[{"href":"https:\/\/www.erothis.com\/es\/wp-json\/wp\/v2\/types\/product"}],"replies":[{"embeddable":true,"href":"https:\/\/www.erothis.com\/es\/wp-json\/wp\/v2\/comments?post=502442"}],"version-history":[{"count":3,"href":"https:\/\/www.erothis.com\/es\/wp-json\/wp\/v2\/product\/502442\/revisions"}],"predecessor-version":[{"id":509167,"href":"https:\/\/www.erothis.com\/es\/wp-json\/wp\/v2\/product\/502442\/revisions\/509167"}],"wp:featuredmedia":[{"embeddable":true,"href":"https:\/\/www.erothis.com\/es\/wp-json\/wp\/v2\/media\/262200"}],"wp:attachment":[{"href":"https:\/\/www.erothis.com\/es\/wp-json\/wp\/v2\/media?parent=502442"}],"wp:term":[{"taxonomy":"product_brand","embeddable":true,"href":"https:\/\/www.erothis.com\/es\/wp-json\/wp\/v2\/product_brand?post=502442"},{"taxonomy":"product_cat","embeddable":true,"href":"https:\/\/www.erothis.com\/es\/wp-json\/wp\/v2\/product_cat?post=502442"},{"taxonomy":"product_tag","embeddable":true,"href":"https:\/\/www.erothis.com\/es\/wp-json\/wp\/v2\/product_tag?post=502442"}],"curies":[{"name":"wp","href":"https:\/\/api.w.org\/{rel}","templated":true}]}}