{"id":502482,"date":"2023-06-20T13:20:52","date_gmt":"2023-06-20T12:20:52","guid":{"rendered":"https:\/\/www.erothis.com\/?post_type=product&#038;p=502482"},"modified":"2026-01-29T09:52:18","modified_gmt":"2026-01-29T09:52:18","slug":"intense-danti-anal-negro-2","status":"publish","type":"product","link":"https:\/\/www.erothis.com\/es\/productos\/intense-danti-anal-negro-2\/","title":{"rendered":"INTENSE &#8211; DANTI ANAL NEGRO"},"content":{"rendered":"<p>Intensifica tu placer con Intese toys, un concepto clasico que no todos consiguen hacer.<\/p>\n<p>Con Danti,\u00a0\u00a0este sencillo estimulador abrir\u00e1s horizontes, de facil uso y con un poco de lubricante base agua waterfeel o ninakik\u00ed podr\u00e1s abrir tu zona anal de forma suave potenciando la dilatacion y posterior penetracion. Adem\u00e1s es completamente valido como masajeador previo a tus relaciones sexuales.<\/p>\n<ul>\n<li>Silicona suave y sedosa resistente para el juego anal.<\/li>\n<li>Medidas; 3.3 x 17.5 cm<\/li>\n<li>Libre de Phalatos.<\/li>\n<li>Material seguro para el cuerpo.<\/li>\n<\/ul>\n","protected":false},"excerpt":{"rendered":"<p>INTENSE &#8211; BLACK ANAL DANTI<\/p>\n","protected":false},"featured_media":262236,"comment_status":"open","ping_status":"closed","template":"","meta":[],"product_brand":[],"product_cat":[1263,1265],"product_tag":[],"class_list":{"0":"post-502482","1":"product","2":"type-product","3":"status-publish","4":"has-post-thumbnail","6":"product_cat-anal-es","7":"product_cat-plugs-es","9":"first","10":"instock","11":"taxable","12":"shipping-taxable","13":"purchasable","14":"product-type-simple"},"jetpack_sharing_enabled":true,"_links":{"self":[{"href":"https:\/\/www.erothis.com\/es\/wp-json\/wp\/v2\/product\/502482","targetHints":{"allow":["GET"]}}],"collection":[{"href":"https:\/\/www.erothis.com\/es\/wp-json\/wp\/v2\/product"}],"about":[{"href":"https:\/\/www.erothis.com\/es\/wp-json\/wp\/v2\/types\/product"}],"replies":[{"embeddable":true,"href":"https:\/\/www.erothis.com\/es\/wp-json\/wp\/v2\/comments?post=502482"}],"version-history":[{"count":3,"href":"https:\/\/www.erothis.com\/es\/wp-json\/wp\/v2\/product\/502482\/revisions"}],"predecessor-version":[{"id":509244,"href":"https:\/\/www.erothis.com\/es\/wp-json\/wp\/v2\/product\/502482\/revisions\/509244"}],"wp:featuredmedia":[{"embeddable":true,"href":"https:\/\/www.erothis.com\/es\/wp-json\/wp\/v2\/media\/262236"}],"wp:attachment":[{"href":"https:\/\/www.erothis.com\/es\/wp-json\/wp\/v2\/media?parent=502482"}],"wp:term":[{"taxonomy":"product_brand","embeddable":true,"href":"https:\/\/www.erothis.com\/es\/wp-json\/wp\/v2\/product_brand?post=502482"},{"taxonomy":"product_cat","embeddable":true,"href":"https:\/\/www.erothis.com\/es\/wp-json\/wp\/v2\/product_cat?post=502482"},{"taxonomy":"product_tag","embeddable":true,"href":"https:\/\/www.erothis.com\/es\/wp-json\/wp\/v2\/product_tag?post=502482"}],"curies":[{"name":"wp","href":"https:\/\/api.w.org\/{rel}","templated":true}]}}