{"id":502500,"date":"2023-06-20T13:22:04","date_gmt":"2023-06-20T12:22:04","guid":{"rendered":"https:\/\/www.erothis.com\/?post_type=product&#038;p=502500"},"modified":"2025-08-31T00:08:15","modified_gmt":"2025-08-30T23:08:15","slug":"all-black-anal-plug-12-cm-2","status":"publish","type":"product","link":"https:\/\/www.erothis.com\/es\/productos\/all-black-anal-plug-12-cm-2\/","title":{"rendered":"ALL BLACK &#8211; ANAL PLUG 12 CM"},"content":{"rendered":"<p>\u00a1Este buttplug de All Black es de tama\u00f1o peque\u00f1o pero su di\u00e1metro es una verdadera sorpresa para tu anal! Los lubricantes basados tanto en agua como en silicona se pueden usar aqu\u00ed. Es importante limpiar bien el buttplug despu\u00e9s de su uso.<\/p>\n<p>Cada juguete se envuelve individualmente con una funda protectora de pl\u00e1stico transparente.<\/p>\n<ul>\n<li>Dimensiones; 12 x 7 x 7 cm<\/li>\n<\/ul>\n<p>* Para conseguir una experiencia \u00f3ptima y poder disfrutar de manera placentera y sin dolor, ALL BLACK recomienda el uso de los lubricantes de la marca Black Hole<\/p>\n","protected":false},"excerpt":{"rendered":"<p>ALL BLACK &#8211; ANAL PLUG 12 CM<\/p>\n","protected":false},"featured_media":262331,"comment_status":"open","ping_status":"closed","template":"","meta":[],"product_brand":[],"product_cat":[1263,1265],"product_tag":[],"class_list":{"0":"post-502500","1":"product","2":"type-product","3":"status-publish","4":"has-post-thumbnail","6":"product_cat-anal-es","7":"product_cat-plugs-es","9":"first","10":"instock","11":"taxable","12":"shipping-taxable","13":"purchasable","14":"product-type-simple"},"jetpack_sharing_enabled":true,"_links":{"self":[{"href":"https:\/\/www.erothis.com\/es\/wp-json\/wp\/v2\/product\/502500","targetHints":{"allow":["GET"]}}],"collection":[{"href":"https:\/\/www.erothis.com\/es\/wp-json\/wp\/v2\/product"}],"about":[{"href":"https:\/\/www.erothis.com\/es\/wp-json\/wp\/v2\/types\/product"}],"replies":[{"embeddable":true,"href":"https:\/\/www.erothis.com\/es\/wp-json\/wp\/v2\/comments?post=502500"}],"version-history":[{"count":3,"href":"https:\/\/www.erothis.com\/es\/wp-json\/wp\/v2\/product\/502500\/revisions"}],"predecessor-version":[{"id":509279,"href":"https:\/\/www.erothis.com\/es\/wp-json\/wp\/v2\/product\/502500\/revisions\/509279"}],"wp:featuredmedia":[{"embeddable":true,"href":"https:\/\/www.erothis.com\/es\/wp-json\/wp\/v2\/media\/262331"}],"wp:attachment":[{"href":"https:\/\/www.erothis.com\/es\/wp-json\/wp\/v2\/media?parent=502500"}],"wp:term":[{"taxonomy":"product_brand","embeddable":true,"href":"https:\/\/www.erothis.com\/es\/wp-json\/wp\/v2\/product_brand?post=502500"},{"taxonomy":"product_cat","embeddable":true,"href":"https:\/\/www.erothis.com\/es\/wp-json\/wp\/v2\/product_cat?post=502500"},{"taxonomy":"product_tag","embeddable":true,"href":"https:\/\/www.erothis.com\/es\/wp-json\/wp\/v2\/product_tag?post=502500"}],"curies":[{"name":"wp","href":"https:\/\/api.w.org\/{rel}","templated":true}]}}