{"id":502552,"date":"2023-06-20T13:23:11","date_gmt":"2023-06-20T12:23:11","guid":{"rendered":"https:\/\/www.erothis.com\/?post_type=product&#038;p=502552"},"modified":"2025-08-31T00:08:17","modified_gmt":"2025-08-30T23:08:17","slug":"all-black-plug-negro-11-cm-2","status":"publish","type":"product","link":"https:\/\/www.erothis.com\/es\/productos\/all-black-plug-negro-11-cm-2\/","title":{"rendered":"ALL BLACK &#8211; PLUG NEGRO 11 CM"},"content":{"rendered":"<div>\n<p>Con su forma de penetrador anal iniciador,\u00a0\u00a0este Buttplug All Black es un juguete peque\u00f1o pero pervertido para llenar tu totalidad anal.<\/p>\n<p>Los lubricantes a base de agua y silicona se pueden usar aqu\u00ed. Es importante limpiar bien el tap\u00f3n despu\u00e9s de usarlo. Cada juguete est\u00e1 envuelto herm\u00e9ticamente en una funda protectora de pl\u00e1stico transparente.<\/p>\n<ul>\n<li>Material: PVC<\/li>\n<li>Medidas: 11 x 3 cm<\/li>\n<\/ul>\n<p>* Para conseguir una experiencia \u00f3ptima y poder disfrutar de manera placentera y sin sentir dolor, ALL BLACK\u00a0 recomienda el uso de los lubricantes de la marca Black Hole<\/p>\n<\/div>\n","protected":false},"excerpt":{"rendered":"<p>ALL BLACK &#8211; PLUG BLACK 11 CM<\/p>\n","protected":false},"featured_media":262404,"comment_status":"open","ping_status":"closed","template":"","meta":[],"product_brand":[],"product_cat":[1263,1264],"product_tag":[],"class_list":{"0":"post-502552","1":"product","2":"type-product","3":"status-publish","4":"has-post-thumbnail","6":"product_cat-anal-es","7":"product_cat-dildos-anales","9":"first","10":"instock","11":"taxable","12":"shipping-taxable","13":"purchasable","14":"product-type-simple"},"jetpack_sharing_enabled":true,"_links":{"self":[{"href":"https:\/\/www.erothis.com\/es\/wp-json\/wp\/v2\/product\/502552","targetHints":{"allow":["GET"]}}],"collection":[{"href":"https:\/\/www.erothis.com\/es\/wp-json\/wp\/v2\/product"}],"about":[{"href":"https:\/\/www.erothis.com\/es\/wp-json\/wp\/v2\/types\/product"}],"replies":[{"embeddable":true,"href":"https:\/\/www.erothis.com\/es\/wp-json\/wp\/v2\/comments?post=502552"}],"version-history":[{"count":3,"href":"https:\/\/www.erothis.com\/es\/wp-json\/wp\/v2\/product\/502552\/revisions"}],"predecessor-version":[{"id":509417,"href":"https:\/\/www.erothis.com\/es\/wp-json\/wp\/v2\/product\/502552\/revisions\/509417"}],"wp:featuredmedia":[{"embeddable":true,"href":"https:\/\/www.erothis.com\/es\/wp-json\/wp\/v2\/media\/262404"}],"wp:attachment":[{"href":"https:\/\/www.erothis.com\/es\/wp-json\/wp\/v2\/media?parent=502552"}],"wp:term":[{"taxonomy":"product_brand","embeddable":true,"href":"https:\/\/www.erothis.com\/es\/wp-json\/wp\/v2\/product_brand?post=502552"},{"taxonomy":"product_cat","embeddable":true,"href":"https:\/\/www.erothis.com\/es\/wp-json\/wp\/v2\/product_cat?post=502552"},{"taxonomy":"product_tag","embeddable":true,"href":"https:\/\/www.erothis.com\/es\/wp-json\/wp\/v2\/product_tag?post=502552"}],"curies":[{"name":"wp","href":"https:\/\/api.w.org\/{rel}","templated":true}]}}