{"id":502599,"date":"2023-06-20T13:24:44","date_gmt":"2023-06-20T12:24:44","guid":{"rendered":"https:\/\/www.erothis.com\/?post_type=product&#038;p=502599"},"modified":"2025-08-31T00:08:18","modified_gmt":"2025-08-30T23:08:18","slug":"all-black-pene-realistico-anal-23-cm-2","status":"publish","type":"product","link":"https:\/\/www.erothis.com\/es\/productos\/all-black-pene-realistico-anal-23-cm-2\/","title":{"rendered":"ALL BLACK &#8211; PENE REAL\u00cdSTICO ANAL 23 CM"},"content":{"rendered":"<p>Este All Black se ve como un pene realista, ideal para disfrutar de tus mayores experiencias anales.<\/p>\n<p>La textura ondulada de este consolador te har\u00e1 disfrutar del est\u00edmulo definitivo.<\/p>\n<p>Se pueden usar lubricantes a base de agua y silicona. Es importante limpiar el consolador a fondo despu\u00e9s de su uso. Cada juguete est\u00e1 envuelto herm\u00e9ticamente en una funda protectora de pl\u00e1stico transparente.<\/p>\n<ul>\n<li>Material: PVC.<\/li>\n<li>Medidas: 23 x 5 cm<\/li>\n<\/ul>\n<p>Descubre toda la gama de productos ALLBLACK, todos los tama\u00f1os y todas las formas disponibles desatan la imaginaci\u00f3n en la versi\u00f3n black m\u00e1s variada del mercado, todos los productos cuentan con un material hipoalerg\u00e9nico libre de phalatos perfecto para todos los p\u00fablicos.<\/p>\n<p>* Para conseguir una experiencia \u00f3ptima y poder disfrutar de manera placentera y sin sentir dolor, ALL BLACK recomienda el uso de los lubricantes de la marca Black Hole<\/p>\n","protected":false},"excerpt":{"rendered":"<p>ALL BLACK &#8211; PENE REALISTIC ANAL 23 CM<\/p>\n","protected":false},"featured_media":262470,"comment_status":"open","ping_status":"closed","template":"","meta":[],"product_brand":[],"product_cat":[1263,1264],"product_tag":[],"class_list":{"0":"post-502599","1":"product","2":"type-product","3":"status-publish","4":"has-post-thumbnail","6":"product_cat-anal-es","7":"product_cat-dildos-anales","9":"first","10":"instock","11":"taxable","12":"shipping-taxable","13":"purchasable","14":"product-type-simple"},"jetpack_sharing_enabled":true,"_links":{"self":[{"href":"https:\/\/www.erothis.com\/es\/wp-json\/wp\/v2\/product\/502599","targetHints":{"allow":["GET"]}}],"collection":[{"href":"https:\/\/www.erothis.com\/es\/wp-json\/wp\/v2\/product"}],"about":[{"href":"https:\/\/www.erothis.com\/es\/wp-json\/wp\/v2\/types\/product"}],"replies":[{"embeddable":true,"href":"https:\/\/www.erothis.com\/es\/wp-json\/wp\/v2\/comments?post=502599"}],"version-history":[{"count":3,"href":"https:\/\/www.erothis.com\/es\/wp-json\/wp\/v2\/product\/502599\/revisions"}],"predecessor-version":[{"id":509462,"href":"https:\/\/www.erothis.com\/es\/wp-json\/wp\/v2\/product\/502599\/revisions\/509462"}],"wp:featuredmedia":[{"embeddable":true,"href":"https:\/\/www.erothis.com\/es\/wp-json\/wp\/v2\/media\/262470"}],"wp:attachment":[{"href":"https:\/\/www.erothis.com\/es\/wp-json\/wp\/v2\/media?parent=502599"}],"wp:term":[{"taxonomy":"product_brand","embeddable":true,"href":"https:\/\/www.erothis.com\/es\/wp-json\/wp\/v2\/product_brand?post=502599"},{"taxonomy":"product_cat","embeddable":true,"href":"https:\/\/www.erothis.com\/es\/wp-json\/wp\/v2\/product_cat?post=502599"},{"taxonomy":"product_tag","embeddable":true,"href":"https:\/\/www.erothis.com\/es\/wp-json\/wp\/v2\/product_tag?post=502599"}],"curies":[{"name":"wp","href":"https:\/\/api.w.org\/{rel}","templated":true}]}}