{"id":502607,"date":"2023-06-20T13:25:08","date_gmt":"2023-06-20T12:25:08","guid":{"rendered":"https:\/\/www.erothis.com\/?post_type=product&#038;p=502607"},"modified":"2025-08-31T00:08:18","modified_gmt":"2025-08-30T23:08:18","slug":"all-black-anal-plug-185-cm-2","status":"publish","type":"product","link":"https:\/\/www.erothis.com\/es\/productos\/all-black-anal-plug-185-cm-2\/","title":{"rendered":"ALL BLACK &#8211; ANAL PLUG 18,5 CM"},"content":{"rendered":"<p>Este buttplug All Black tiene forma de cono y facilita su inserci\u00f3n y estiramiento para obtener el m\u00e1ximo placer anal.<\/p>\n<p>Los lubricantes a base de agua y silicona se pueden usar aqu\u00ed. Es importante limpiar bien el tap\u00f3n trasero despu\u00e9s de su uso.<\/p>\n<p>Cada juguete est\u00e1 envuelto individualmente en una funda protectora de pl\u00e1stico transparente.<\/p>\n<p>Caracter\u00edsticas:<\/p>\n<ul>\n<li>Dimensiones del producto: 18,5 x 9 x 9 cm<\/li>\n<li>Peso del producto: 816 gr<\/li>\n<li>Di\u00e1metro del producto: 9,0 cm<\/li>\n<li>Longitud insertable: 14 cm<\/li>\n<li>A prueba de agua: S\u00ed<\/li>\n<li>Materiales: PVC<\/li>\n<\/ul>\n<p>Descubre toda la gama de productos ALLBLACK, todos los tama\u00f1os y todas las formas disponibles desatan la imaginaci\u00f3n en la versi\u00f3n black m\u00e1s variada del mercado, todos los productos cuentan con un material hipoalerg\u00e9nico libre de phalatos perfecto para todos los p\u00fablicos.<\/p>\n<p>* Para conseguir una experiencia \u00f3ptima y poder disfrutar de manera placentera y sin sentir dolor, ALL BLACK\u00a0recomienda el uso de los lubricantes de la marca Black Hole<\/p>\n","protected":false},"excerpt":{"rendered":"<p>ALL BLACK &#8211; ANAL PLUG 18,5 CM<\/p>\n","protected":false},"featured_media":262494,"comment_status":"open","ping_status":"closed","template":"","meta":[],"product_brand":[],"product_cat":[1263,1265],"product_tag":[],"class_list":{"0":"post-502607","1":"product","2":"type-product","3":"status-publish","4":"has-post-thumbnail","6":"product_cat-anal-es","7":"product_cat-plugs-es","9":"first","10":"instock","11":"taxable","12":"shipping-taxable","13":"purchasable","14":"product-type-simple"},"jetpack_sharing_enabled":true,"_links":{"self":[{"href":"https:\/\/www.erothis.com\/es\/wp-json\/wp\/v2\/product\/502607","targetHints":{"allow":["GET"]}}],"collection":[{"href":"https:\/\/www.erothis.com\/es\/wp-json\/wp\/v2\/product"}],"about":[{"href":"https:\/\/www.erothis.com\/es\/wp-json\/wp\/v2\/types\/product"}],"replies":[{"embeddable":true,"href":"https:\/\/www.erothis.com\/es\/wp-json\/wp\/v2\/comments?post=502607"}],"version-history":[{"count":3,"href":"https:\/\/www.erothis.com\/es\/wp-json\/wp\/v2\/product\/502607\/revisions"}],"predecessor-version":[{"id":509480,"href":"https:\/\/www.erothis.com\/es\/wp-json\/wp\/v2\/product\/502607\/revisions\/509480"}],"wp:featuredmedia":[{"embeddable":true,"href":"https:\/\/www.erothis.com\/es\/wp-json\/wp\/v2\/media\/262494"}],"wp:attachment":[{"href":"https:\/\/www.erothis.com\/es\/wp-json\/wp\/v2\/media?parent=502607"}],"wp:term":[{"taxonomy":"product_brand","embeddable":true,"href":"https:\/\/www.erothis.com\/es\/wp-json\/wp\/v2\/product_brand?post=502607"},{"taxonomy":"product_cat","embeddable":true,"href":"https:\/\/www.erothis.com\/es\/wp-json\/wp\/v2\/product_cat?post=502607"},{"taxonomy":"product_tag","embeddable":true,"href":"https:\/\/www.erothis.com\/es\/wp-json\/wp\/v2\/product_tag?post=502607"}],"curies":[{"name":"wp","href":"https:\/\/api.w.org\/{rel}","templated":true}]}}