{"id":502616,"date":"2023-06-20T13:25:30","date_gmt":"2023-06-20T12:25:30","guid":{"rendered":"https:\/\/www.erothis.com\/?post_type=product&#038;p=502616"},"modified":"2025-08-31T00:08:19","modified_gmt":"2025-08-30T23:08:19","slug":"all-black-anal-bottle-345cm","status":"publish","type":"product","link":"https:\/\/www.erothis.com\/es\/productos\/all-black-anal-bottle-345cm\/","title":{"rendered":"ALL BLACK &#8211; ANAL BOTTLE 34,5CM"},"content":{"rendered":"<div>Este buttplug All Black tiene la forma de una botella de champ\u00e1n que brinda una sensaci\u00f3n anal \u00fanica.<\/div>\n<div>Los lubricantes a base de agua y silicona se pueden usar aqu\u00ed. Es importante limpiar bien el tap\u00f3n trasero despu\u00e9s de su uso. Cada juguete est\u00e1 envuelto individualmente en una funda protectora de pl\u00e1stico transparente.<\/div>\n<ul>\n<li>\u2022 Dimensiones del producto: 34,5 x 9 x 9 cm<\/li>\n<li>\u2022 Peso del producto: 1612gr<\/li>\n<li>\u2022 Di\u00e1metro del producto: 9 cm<\/li>\n<li>\u2022 Longitud insertable: 30 cm<\/li>\n<li>\u2022 A prueba de agua<\/li>\n<li>\u2022 Materiales: PVC<\/li>\n<\/ul>\n<div>Descubre toda la gama de productos ALLBLACK, todos los tama\u00f1os y todas las formas disponibles desatan la imaginaci\u00f3n en la versi\u00f3n black m\u00e1s variada del mercado, todos los productos cuentan con un material hipoalerg\u00e9nico libre de\u00a0 phalatos perfecto para todos los p\u00fablicos.<\/div>\n","protected":false},"excerpt":{"rendered":"<p>ALL BLACK &#8211; ANAL BOTTLE 34,5 CM<\/p>\n","protected":false},"featured_media":262521,"comment_status":"open","ping_status":"closed","template":"","meta":[],"product_brand":[],"product_cat":[1263,1265],"product_tag":[],"class_list":{"0":"post-502616","1":"product","2":"type-product","3":"status-publish","4":"has-post-thumbnail","6":"product_cat-anal-es","7":"product_cat-plugs-es","9":"first","10":"instock","11":"taxable","12":"shipping-taxable","13":"purchasable","14":"product-type-simple"},"jetpack_sharing_enabled":true,"_links":{"self":[{"href":"https:\/\/www.erothis.com\/es\/wp-json\/wp\/v2\/product\/502616","targetHints":{"allow":["GET"]}}],"collection":[{"href":"https:\/\/www.erothis.com\/es\/wp-json\/wp\/v2\/product"}],"about":[{"href":"https:\/\/www.erothis.com\/es\/wp-json\/wp\/v2\/types\/product"}],"replies":[{"embeddable":true,"href":"https:\/\/www.erothis.com\/es\/wp-json\/wp\/v2\/comments?post=502616"}],"version-history":[{"count":3,"href":"https:\/\/www.erothis.com\/es\/wp-json\/wp\/v2\/product\/502616\/revisions"}],"predecessor-version":[{"id":509493,"href":"https:\/\/www.erothis.com\/es\/wp-json\/wp\/v2\/product\/502616\/revisions\/509493"}],"wp:featuredmedia":[{"embeddable":true,"href":"https:\/\/www.erothis.com\/es\/wp-json\/wp\/v2\/media\/262521"}],"wp:attachment":[{"href":"https:\/\/www.erothis.com\/es\/wp-json\/wp\/v2\/media?parent=502616"}],"wp:term":[{"taxonomy":"product_brand","embeddable":true,"href":"https:\/\/www.erothis.com\/es\/wp-json\/wp\/v2\/product_brand?post=502616"},{"taxonomy":"product_cat","embeddable":true,"href":"https:\/\/www.erothis.com\/es\/wp-json\/wp\/v2\/product_cat?post=502616"},{"taxonomy":"product_tag","embeddable":true,"href":"https:\/\/www.erothis.com\/es\/wp-json\/wp\/v2\/product_tag?post=502616"}],"curies":[{"name":"wp","href":"https:\/\/api.w.org\/{rel}","templated":true}]}}