{"id":502621,"date":"2023-06-20T13:25:52","date_gmt":"2023-06-20T12:25:52","guid":{"rendered":"https:\/\/www.erothis.com\/?post_type=product&#038;p=502621"},"modified":"2025-08-31T00:08:19","modified_gmt":"2025-08-30T23:08:19","slug":"all-black-plug-anal-23cm","status":"publish","type":"product","link":"https:\/\/www.erothis.com\/es\/productos\/all-black-plug-anal-23cm\/","title":{"rendered":"ALL BLACK &#8211; PLUG ANAL 23CM"},"content":{"rendered":"<p>Este tap\u00f3n All Black tiene una forma cl\u00e1sica con su parte superior redonda y su base s\u00f3lida. Perfecto para jugar solo o con tu pareja.<\/p>\n<p>Los lubricantes a base de agua y silicona se pueden usar aqu\u00ed. Es importante limpiar bien el tap\u00f3n despu\u00e9s de usarlo. Cada juguete est\u00e1 envuelto herm\u00e9ticamente en una funda protectora de pl\u00e1stico transparente.<\/p>\n<ul>\n<li>Material: PVC<\/li>\n<li>Medidas: 23 x 14 cm<\/li>\n<\/ul>\n<p>Descubre toda la gama de productos ALLBLACK, todos los tama\u00f1os y todas las formas disponibles desatan la imaginaci\u00f3n en la versi\u00f3n black m\u00e1s variada del mercado, todos los productos cuentan con un material hipoalerg\u00e9nico libre de\u00a0 phalatos perfecto para todos los p\u00fablicos.<\/p>\n","protected":false},"excerpt":{"rendered":"<p>ALL BLACK &#8211; PLUG ANAL 23 CM<\/p>\n","protected":false},"featured_media":262536,"comment_status":"open","ping_status":"closed","template":"","meta":[],"product_brand":[],"product_cat":[1263,1265],"product_tag":[],"class_list":{"0":"post-502621","1":"product","2":"type-product","3":"status-publish","4":"has-post-thumbnail","6":"product_cat-anal-es","7":"product_cat-plugs-es","9":"first","10":"instock","11":"taxable","12":"shipping-taxable","13":"purchasable","14":"product-type-simple"},"jetpack_sharing_enabled":true,"_links":{"self":[{"href":"https:\/\/www.erothis.com\/es\/wp-json\/wp\/v2\/product\/502621","targetHints":{"allow":["GET"]}}],"collection":[{"href":"https:\/\/www.erothis.com\/es\/wp-json\/wp\/v2\/product"}],"about":[{"href":"https:\/\/www.erothis.com\/es\/wp-json\/wp\/v2\/types\/product"}],"replies":[{"embeddable":true,"href":"https:\/\/www.erothis.com\/es\/wp-json\/wp\/v2\/comments?post=502621"}],"version-history":[{"count":2,"href":"https:\/\/www.erothis.com\/es\/wp-json\/wp\/v2\/product\/502621\/revisions"}],"predecessor-version":[{"id":509503,"href":"https:\/\/www.erothis.com\/es\/wp-json\/wp\/v2\/product\/502621\/revisions\/509503"}],"wp:featuredmedia":[{"embeddable":true,"href":"https:\/\/www.erothis.com\/es\/wp-json\/wp\/v2\/media\/262536"}],"wp:attachment":[{"href":"https:\/\/www.erothis.com\/es\/wp-json\/wp\/v2\/media?parent=502621"}],"wp:term":[{"taxonomy":"product_brand","embeddable":true,"href":"https:\/\/www.erothis.com\/es\/wp-json\/wp\/v2\/product_brand?post=502621"},{"taxonomy":"product_cat","embeddable":true,"href":"https:\/\/www.erothis.com\/es\/wp-json\/wp\/v2\/product_cat?post=502621"},{"taxonomy":"product_tag","embeddable":true,"href":"https:\/\/www.erothis.com\/es\/wp-json\/wp\/v2\/product_tag?post=502621"}],"curies":[{"name":"wp","href":"https:\/\/api.w.org\/{rel}","templated":true}]}}