{"id":502655,"date":"2023-06-20T13:26:15","date_gmt":"2023-06-20T12:26:15","guid":{"rendered":"https:\/\/www.erothis.com\/?post_type=product&#038;p=502655"},"modified":"2025-08-31T00:08:19","modified_gmt":"2025-08-30T23:08:19","slug":"all-black-pene-anal-32m","status":"publish","type":"product","link":"https:\/\/www.erothis.com\/es\/productos\/all-black-pene-anal-32m\/","title":{"rendered":"ALL BLACK &#8211; PENE ANAL 32M"},"content":{"rendered":"<p>Este consolador All Black, con su bonito y s\u00f3lido tir\u00f3n y su hermoso eje abovedado, no tiene test\u00edculos, lo que le permite empujarlo completamente en su conjunto.<\/p>\n<p>\u00a1Bonito juguete para que disfrutes t\u00fa o tu pareja!<\/p>\n<p>Los lubricantes a base de agua y silicona se pueden usar aqu\u00ed. Es importante limpiar el consolador a fondo despu\u00e9s de su uso. Cada juguete est\u00e1 envuelto herm\u00e9ticamente en una funda protectora de pl\u00e1stico transparente.<\/p>\n<ul>\n<li>Material: PVC<\/li>\n<li>Medidas: 32 x 17 cm<\/li>\n<\/ul>\n<p>Descubre toda la gama de productos ALLBLACK, todos los tama\u00f1os y todas las formas disponibles desatan la imaginaci\u00f3n en la versi\u00f3n black m\u00e1s variada del mercado, todos los productos cuentan con un material hipoalerg\u00e9nico libre de\u00a0 phalatos perfecto para todos los p\u00fablicos.<\/p>\n","protected":false},"excerpt":{"rendered":"<p>ALL BLACK &#8211; PENE ANAL 32 CM<\/p>\n","protected":false},"featured_media":262548,"comment_status":"open","ping_status":"closed","template":"","meta":[],"product_brand":[],"product_cat":[1263,1264],"product_tag":[],"class_list":{"0":"post-502655","1":"product","2":"type-product","3":"status-publish","4":"has-post-thumbnail","6":"product_cat-anal-es","7":"product_cat-dildos-anales","9":"first","10":"instock","11":"taxable","12":"shipping-taxable","13":"purchasable","14":"product-type-simple"},"jetpack_sharing_enabled":true,"_links":{"self":[{"href":"https:\/\/www.erothis.com\/es\/wp-json\/wp\/v2\/product\/502655","targetHints":{"allow":["GET"]}}],"collection":[{"href":"https:\/\/www.erothis.com\/es\/wp-json\/wp\/v2\/product"}],"about":[{"href":"https:\/\/www.erothis.com\/es\/wp-json\/wp\/v2\/types\/product"}],"replies":[{"embeddable":true,"href":"https:\/\/www.erothis.com\/es\/wp-json\/wp\/v2\/comments?post=502655"}],"version-history":[{"count":3,"href":"https:\/\/www.erothis.com\/es\/wp-json\/wp\/v2\/product\/502655\/revisions"}],"predecessor-version":[{"id":509507,"href":"https:\/\/www.erothis.com\/es\/wp-json\/wp\/v2\/product\/502655\/revisions\/509507"}],"wp:featuredmedia":[{"embeddable":true,"href":"https:\/\/www.erothis.com\/es\/wp-json\/wp\/v2\/media\/262548"}],"wp:attachment":[{"href":"https:\/\/www.erothis.com\/es\/wp-json\/wp\/v2\/media?parent=502655"}],"wp:term":[{"taxonomy":"product_brand","embeddable":true,"href":"https:\/\/www.erothis.com\/es\/wp-json\/wp\/v2\/product_brand?post=502655"},{"taxonomy":"product_cat","embeddable":true,"href":"https:\/\/www.erothis.com\/es\/wp-json\/wp\/v2\/product_cat?post=502655"},{"taxonomy":"product_tag","embeddable":true,"href":"https:\/\/www.erothis.com\/es\/wp-json\/wp\/v2\/product_tag?post=502655"}],"curies":[{"name":"wp","href":"https:\/\/api.w.org\/{rel}","templated":true}]}}