{"id":502657,"date":"2023-06-20T13:26:15","date_gmt":"2023-06-20T12:26:15","guid":{"rendered":"https:\/\/www.erothis.com\/?post_type=product&#038;p=502657"},"modified":"2025-08-31T00:08:20","modified_gmt":"2025-08-30T23:08:20","slug":"hung-system-plug-anal-rolling-color-negro-24cm","status":"publish","type":"product","link":"https:\/\/www.erothis.com\/es\/productos\/hung-system-plug-anal-rolling-color-negro-24cm\/","title":{"rendered":"HUNG SYSTEM &#8211; PLUG ANAL ROLLING COLOR NEGRO 24CM"},"content":{"rendered":"<div>Hung System es una serie que consiste diferentes plug anales y varios dildos. El sistema de succi\u00f3n es s\u00faper fuerte y proporciona una infinidad de variaciones posibles \u00fanica en su clase.<\/div>\n<div><\/div>\n<div>Rolling es un plug anal de 24 cm de longitud y 9.7 cm de di\u00e1metro. Es totalmente negro y compatible con cualquier producto de Hung System y cuenta con un cuerpo especial para el placer.<\/div>\n<div><\/div>\n<div>Dise\u00f1ado para darte unas sensaciones impresionantes es compatible con todos los lubricantes, no es t\u00f3xico y muy sencillo de limpiar.<\/div>\n<ul>\n<li>\u2022 Medidas: 24 cm x 9.7 cm<\/li>\n<\/ul>\n","protected":false},"excerpt":{"rendered":"<p>HUNG SYSTEM &#8211; ANAL PLUG BLACK 24 CM<\/p>\n","protected":false},"featured_media":262552,"comment_status":"open","ping_status":"closed","template":"","meta":[],"product_brand":[],"product_cat":[1263,1265],"product_tag":[],"class_list":{"0":"post-502657","1":"product","2":"type-product","3":"status-publish","4":"has-post-thumbnail","6":"product_cat-anal-es","7":"product_cat-plugs-es","9":"first","10":"instock","11":"taxable","12":"shipping-taxable","13":"purchasable","14":"product-type-simple"},"jetpack_sharing_enabled":true,"_links":{"self":[{"href":"https:\/\/www.erothis.com\/es\/wp-json\/wp\/v2\/product\/502657","targetHints":{"allow":["GET"]}}],"collection":[{"href":"https:\/\/www.erothis.com\/es\/wp-json\/wp\/v2\/product"}],"about":[{"href":"https:\/\/www.erothis.com\/es\/wp-json\/wp\/v2\/types\/product"}],"replies":[{"embeddable":true,"href":"https:\/\/www.erothis.com\/es\/wp-json\/wp\/v2\/comments?post=502657"}],"version-history":[{"count":2,"href":"https:\/\/www.erothis.com\/es\/wp-json\/wp\/v2\/product\/502657\/revisions"}],"predecessor-version":[{"id":509510,"href":"https:\/\/www.erothis.com\/es\/wp-json\/wp\/v2\/product\/502657\/revisions\/509510"}],"wp:featuredmedia":[{"embeddable":true,"href":"https:\/\/www.erothis.com\/es\/wp-json\/wp\/v2\/media\/262552"}],"wp:attachment":[{"href":"https:\/\/www.erothis.com\/es\/wp-json\/wp\/v2\/media?parent=502657"}],"wp:term":[{"taxonomy":"product_brand","embeddable":true,"href":"https:\/\/www.erothis.com\/es\/wp-json\/wp\/v2\/product_brand?post=502657"},{"taxonomy":"product_cat","embeddable":true,"href":"https:\/\/www.erothis.com\/es\/wp-json\/wp\/v2\/product_cat?post=502657"},{"taxonomy":"product_tag","embeddable":true,"href":"https:\/\/www.erothis.com\/es\/wp-json\/wp\/v2\/product_tag?post=502657"}],"curies":[{"name":"wp","href":"https:\/\/api.w.org\/{rel}","templated":true}]}}