{"id":502674,"date":"2023-06-20T13:27:22","date_gmt":"2023-06-20T12:27:22","guid":{"rendered":"https:\/\/www.erothis.com\/?post_type=product&#038;p=502674"},"modified":"2025-08-31T00:08:21","modified_gmt":"2025-08-30T23:08:21","slug":"calexotics-beaded-dual-penetrator-penetrador-doble-2","status":"publish","type":"product","link":"https:\/\/www.erothis.com\/es\/productos\/calexotics-beaded-dual-penetrator-penetrador-doble-2\/","title":{"rendered":"CALEXOTICS &#8211; BEADED DUAL PENETRATOR PENETRADOR DOBLE"},"content":{"rendered":"<p>El penetrador doble de silicona Love Rider Beaded convierte tus encuentros en una experiencia org\u00e1smica memorable.<\/p>\n<p>La robusta sonda con cuentas le permite darles vida a sus actividades er\u00f3ticas sin la necesidad de invitar a una tercera persona.<\/p>\n<p>Con este penetrador vers\u00e1til, puede compartir la experiencia de la sensaci\u00f3n de doble penetraci\u00f3n llena con tu amante.<\/p>\n<p>El penetrador doble de silicona Love Rider Beaded mide 14,5 cm x 2,5 cm y est\u00e1 hecho de silicona premium sin perfume.<\/p>\n<p>El eje flexible presenta una selecci\u00f3n de cuentas suaves y graduadas que proporcionan un placer intenso. Para una inserci\u00f3n c\u00f3moda y placentera, el eje del penetrador tambi\u00e9n tiene bucles el\u00e1sticos que se deslizan sobre el pene erecto y brindan soporte testicular.<\/p>\n<p>Para una mayor satisfacci\u00f3n, te recomendamos usar un lubricante de calidad con este juguete.<\/p>\n<p>El penetrador ofrece opciones flexibles de estimulaci\u00f3n y cl\u00edmax, y tambi\u00e9n se puede usar con una correa. El Silicone Love Rider Beaded Dual Penetrator es perfecto para usuarios principiantes y experimentados que deseen disfrutar de una experiencia doble.<\/p>\n<p>Alterna la ubicaci\u00f3n de inserci\u00f3n para obtener la m\u00e1xima emoci\u00f3n y \u00e9xtasis ilimitado. Antes y despu\u00e9s de cada uso, recuerda limpiar el penetrador con un aerosol limpiador de juguetes o lavarlo con agua tibia y jab\u00f3n.<\/p>\n<ul>\n<li>Longitud total\u00a0\u00a0 14.5 cm<\/li>\n<li>Di\u00e1metro\u00a0\u00a0\u00a0\u00a0\u00a0\u00a0\u00a0\u00a0\u00a0\u00a0\u00a0 2.5 cm<\/li>\n<li>Bodysafe<\/li>\n<li>Silicona<\/li>\n<\/ul>\n<p>En la b\u00fasqueda continua del placer inmediato, California exotics sigue innovando con miles de productos para el placer femenino y masculino. \u00bfEstas listo para la acci\u00f3n?<\/p>\n","protected":false},"excerpt":{"rendered":"<p>CALEXOTICS &#8211; BEADED DUAL PENETRATOR BLACK<\/p>\n","protected":false},"featured_media":262581,"comment_status":"open","ping_status":"closed","template":"","meta":[],"product_brand":[],"product_cat":[1263,1264],"product_tag":[],"class_list":{"0":"post-502674","1":"product","2":"type-product","3":"status-publish","4":"has-post-thumbnail","6":"product_cat-anal-es","7":"product_cat-dildos-anales","9":"first","10":"instock","11":"taxable","12":"shipping-taxable","13":"purchasable","14":"product-type-simple"},"jetpack_sharing_enabled":true,"_links":{"self":[{"href":"https:\/\/www.erothis.com\/es\/wp-json\/wp\/v2\/product\/502674","targetHints":{"allow":["GET"]}}],"collection":[{"href":"https:\/\/www.erothis.com\/es\/wp-json\/wp\/v2\/product"}],"about":[{"href":"https:\/\/www.erothis.com\/es\/wp-json\/wp\/v2\/types\/product"}],"replies":[{"embeddable":true,"href":"https:\/\/www.erothis.com\/es\/wp-json\/wp\/v2\/comments?post=502674"}],"version-history":[{"count":3,"href":"https:\/\/www.erothis.com\/es\/wp-json\/wp\/v2\/product\/502674\/revisions"}],"predecessor-version":[{"id":509562,"href":"https:\/\/www.erothis.com\/es\/wp-json\/wp\/v2\/product\/502674\/revisions\/509562"}],"wp:featuredmedia":[{"embeddable":true,"href":"https:\/\/www.erothis.com\/es\/wp-json\/wp\/v2\/media\/262581"}],"wp:attachment":[{"href":"https:\/\/www.erothis.com\/es\/wp-json\/wp\/v2\/media?parent=502674"}],"wp:term":[{"taxonomy":"product_brand","embeddable":true,"href":"https:\/\/www.erothis.com\/es\/wp-json\/wp\/v2\/product_brand?post=502674"},{"taxonomy":"product_cat","embeddable":true,"href":"https:\/\/www.erothis.com\/es\/wp-json\/wp\/v2\/product_cat?post=502674"},{"taxonomy":"product_tag","embeddable":true,"href":"https:\/\/www.erothis.com\/es\/wp-json\/wp\/v2\/product_tag?post=502674"}],"curies":[{"name":"wp","href":"https:\/\/api.w.org\/{rel}","templated":true}]}}