{"id":502723,"date":"2023-06-20T13:28:25","date_gmt":"2023-06-20T12:28:25","guid":{"rendered":"https:\/\/www.erothis.com\/?post_type=product&#038;p=502723"},"modified":"2025-08-31T00:08:23","modified_gmt":"2025-08-30T23:08:23","slug":"addicted-toys-anal-plug-8-5cm","status":"publish","type":"product","link":"https:\/\/www.erothis.com\/es\/productos\/addicted-toys-anal-plug-8-5cm\/","title":{"rendered":"ADDICTED TOYS &#8211; ANAL PLUG 8.5CM"},"content":{"rendered":"<p><strong>Addicted toys<\/strong>\u00a0ofrece una gama de plugs anales \u00a0con una piel de silicona s\u00faper suave de alta calidad con doble densidad y un interior 100% de silicona, para una textura y tacto extremadamente real\u00edstico y una experiencia de placer incomparable.<\/p>\n<p>La l\u00ednea de plugs anales de\u00a0<strong>Addicted toys\u00a0<\/strong>tiene\u00a0un\u00a0tpr tacto suave.\u00a0Tiene forma de cono para la f\u00e1cil inserci\u00f3n, el bulbo proporciona un extra-sensaci\u00f3n, y su cuello estrecho permite a tus m\u00fasculos envolverlo y sostenerlo. El dise\u00f1o ergon\u00f3mico en la base asegura la divisi\u00f3n de forma fija para que te sientas confortable.<\/p>\n<p>Sus caracter\u00edsticas principales son;<\/p>\n<ul>\n<li>Flexible.<\/li>\n<li>Medidas; 8.5\u00a0longitud total y 4.5\u00a0cm de di\u00e1metro total.<\/li>\n<li>Ergon\u00f3mico.<\/li>\n<li>Resistente al agua.<\/li>\n<li>Tpr seguro para el cuerpo,\u00a0libre de Phatalatos e hipoalerg\u00e9nica.<\/li>\n<li>Vida \u00fatil de larga duraci\u00f3n.<\/li>\n<\/ul>\n<p>*Para conseguir una experiencia \u00f3ptima y poder disfrutar de manera placentera y sin sentir dolor, Addicted toys recomienda el uso de los lubricantes de la marca Black Hole<\/p>\n","protected":false},"excerpt":{"rendered":"<p>ADDICTED TOYS &#8211; ANAL PLUG 8.5 CM<\/p>\n","protected":false},"featured_media":262743,"comment_status":"open","ping_status":"closed","template":"","meta":[],"product_brand":[],"product_cat":[1263,1265],"product_tag":[],"class_list":{"0":"post-502723","1":"product","2":"type-product","3":"status-publish","4":"has-post-thumbnail","6":"product_cat-anal-es","7":"product_cat-plugs-es","9":"first","10":"instock","11":"taxable","12":"shipping-taxable","13":"purchasable","14":"product-type-simple"},"jetpack_sharing_enabled":true,"_links":{"self":[{"href":"https:\/\/www.erothis.com\/es\/wp-json\/wp\/v2\/product\/502723","targetHints":{"allow":["GET"]}}],"collection":[{"href":"https:\/\/www.erothis.com\/es\/wp-json\/wp\/v2\/product"}],"about":[{"href":"https:\/\/www.erothis.com\/es\/wp-json\/wp\/v2\/types\/product"}],"replies":[{"embeddable":true,"href":"https:\/\/www.erothis.com\/es\/wp-json\/wp\/v2\/comments?post=502723"}],"version-history":[{"count":2,"href":"https:\/\/www.erothis.com\/es\/wp-json\/wp\/v2\/product\/502723\/revisions"}],"predecessor-version":[{"id":509788,"href":"https:\/\/www.erothis.com\/es\/wp-json\/wp\/v2\/product\/502723\/revisions\/509788"}],"wp:featuredmedia":[{"embeddable":true,"href":"https:\/\/www.erothis.com\/es\/wp-json\/wp\/v2\/media\/262743"}],"wp:attachment":[{"href":"https:\/\/www.erothis.com\/es\/wp-json\/wp\/v2\/media?parent=502723"}],"wp:term":[{"taxonomy":"product_brand","embeddable":true,"href":"https:\/\/www.erothis.com\/es\/wp-json\/wp\/v2\/product_brand?post=502723"},{"taxonomy":"product_cat","embeddable":true,"href":"https:\/\/www.erothis.com\/es\/wp-json\/wp\/v2\/product_cat?post=502723"},{"taxonomy":"product_tag","embeddable":true,"href":"https:\/\/www.erothis.com\/es\/wp-json\/wp\/v2\/product_tag?post=502723"}],"curies":[{"name":"wp","href":"https:\/\/api.w.org\/{rel}","templated":true}]}}