{"id":502731,"date":"2023-06-20T13:28:51","date_gmt":"2023-06-20T12:28:51","guid":{"rendered":"https:\/\/www.erothis.com\/?post_type=product&#038;p=502731"},"modified":"2025-08-31T00:08:23","modified_gmt":"2025-08-30T23:08:23","slug":"satisfyer-love-beads-negro-2","status":"publish","type":"product","link":"https:\/\/www.erothis.com\/es\/productos\/satisfyer-love-beads-negro-2\/","title":{"rendered":"SATISFYER &#8211; LOVE BEADS NEGRO"},"content":{"rendered":"<p>Con una forma suave y graduada, nuestras Love Beads son la opci\u00f3n perfecta para los principiantes que deseen explorar las delicias del juego anal. Deja que tus deseos se desaten mientras cosechas las recompensas para \u00e9l o ella, \u00a1seguro que tu alma arder\u00e1 de placer!<\/p>\n<p><strong>Satisfyer Love Beads: \u00a1La suave introducci\u00f3n al entrenamiento anal!<\/strong><br \/>\nLove Beads de Satisfyer son perfectas para juegos sensuales por la puerta trasera: El juego de 2 bolas anales viene con texturas variadas y una superficie lisa de silicona. Con 5 elementos cada una, las Love Beads son el compa\u00f1ero perfecto para el entrenamiento anal.<br \/>\nUsted decide si prefiere la cl\u00e1sica forma esf\u00e9rica con estructura estriada o el dise\u00f1o piramidal con aspecto de diamante de alta calidad. Ambas cadenas de bolas anales son extremadamente flexibles y se adaptan perfectamente a los contornos del cuerpo. El pr\u00e1ctico lazo simplifica su uso y garantiza que pueda disfrutar de su dispositivo con total seguridad. El aspecto juguet\u00f3n desarma a los principiantes cuando se inician en el entrenamiento anal.<\/p>\n<p><strong>\u00bfQu\u00e9 otras ventajas tiene?<\/strong><br \/>\nAdem\u00e1s de sus vers\u00e1tiles texturas y dise\u00f1os, Satisfyer Love Beads te inspirar\u00e1 con su tacto sedoso. La superficie lisa de silicona respetuosa con el cuerpo es extremadamente higi\u00e9nica y f\u00e1cil de limpiar. Dado que las bolas se utilizan analmente, recomendamos desinfectarlas a fondo con el spray desinfectante Satisfyer antes y despu\u00e9s de cada uso. El spray est\u00e1 perfectamente adaptado al material. Tambi\u00e9n recomendamos utilizar un lubricante Satisfyer para los juegos por la puerta trasera. Los lubricantes est\u00e1n disponibles en las versiones Classic, Silky y Warming y son el complemento ideal para tus perlas del amor Satisfyer.<\/p>\n<p>&nbsp;<\/p>\n<ul>\n<li>15 a\u00f1os de garant\u00eda<\/li>\n<li>Ideal para principiantes y entrenamiento anal<\/li>\n<li>Silicona respetuosa con el cuerpo<\/li>\n<li>F\u00e1cil de limpiar<\/li>\n<\/ul>\n","protected":false},"excerpt":{"rendered":"<p>SATISFYER &#8211; LOVE BEADS BLACK<\/p>\n","protected":false},"featured_media":262804,"comment_status":"open","ping_status":"closed","template":"","meta":[],"product_brand":[],"product_cat":[1263,1264],"product_tag":[],"class_list":{"0":"post-502731","1":"product","2":"type-product","3":"status-publish","4":"has-post-thumbnail","6":"product_cat-anal-es","7":"product_cat-dildos-anales","9":"first","10":"outofstock","11":"taxable","12":"shipping-taxable","13":"purchasable","14":"product-type-simple"},"jetpack_sharing_enabled":true,"_links":{"self":[{"href":"https:\/\/www.erothis.com\/es\/wp-json\/wp\/v2\/product\/502731","targetHints":{"allow":["GET"]}}],"collection":[{"href":"https:\/\/www.erothis.com\/es\/wp-json\/wp\/v2\/product"}],"about":[{"href":"https:\/\/www.erothis.com\/es\/wp-json\/wp\/v2\/types\/product"}],"replies":[{"embeddable":true,"href":"https:\/\/www.erothis.com\/es\/wp-json\/wp\/v2\/comments?post=502731"}],"version-history":[{"count":3,"href":"https:\/\/www.erothis.com\/es\/wp-json\/wp\/v2\/product\/502731\/revisions"}],"predecessor-version":[{"id":509868,"href":"https:\/\/www.erothis.com\/es\/wp-json\/wp\/v2\/product\/502731\/revisions\/509868"}],"wp:featuredmedia":[{"embeddable":true,"href":"https:\/\/www.erothis.com\/es\/wp-json\/wp\/v2\/media\/262804"}],"wp:attachment":[{"href":"https:\/\/www.erothis.com\/es\/wp-json\/wp\/v2\/media?parent=502731"}],"wp:term":[{"taxonomy":"product_brand","embeddable":true,"href":"https:\/\/www.erothis.com\/es\/wp-json\/wp\/v2\/product_brand?post=502731"},{"taxonomy":"product_cat","embeddable":true,"href":"https:\/\/www.erothis.com\/es\/wp-json\/wp\/v2\/product_cat?post=502731"},{"taxonomy":"product_tag","embeddable":true,"href":"https:\/\/www.erothis.com\/es\/wp-json\/wp\/v2\/product_tag?post=502731"}],"curies":[{"name":"wp","href":"https:\/\/api.w.org\/{rel}","templated":true}]}}