{"id":502732,"date":"2023-06-20T13:28:51","date_gmt":"2023-06-20T12:28:51","guid":{"rendered":"https:\/\/www.erothis.com\/?post_type=product&#038;p=502732"},"modified":"2025-08-31T00:08:23","modified_gmt":"2025-08-30T23:08:23","slug":"secretplay-gunmetal-butt-plug-talla-s-7cm","status":"publish","type":"product","link":"https:\/\/www.erothis.com\/es\/productos\/secretplay-gunmetal-butt-plug-talla-s-7cm\/","title":{"rendered":"SECRETPLAY &#8211; GUNMETAL BUTT PLUG TALLA S 7CM"},"content":{"rendered":"<p>Si est\u00e1s buscando nuevas experiencias y quieres iniciarte en el sexo anal este plug anal de metal est\u00e1 dise\u00f1ado para ofrecerte un sinf\u00edn de sensaciones placenteras, es perfecto para darle m\u00e1s intensidad a tus orgasmos y para dilatar el ano.<\/p>\n<p>Su forma c\u00f3nica es ideal para estimularte y ofrecerte orgasmos incre\u00edbles. Adem\u00e1s, su textura lisa extra suave te encantar\u00e1. Puedes jugar con la temperatura calent\u00e1ndolo o enfri\u00e1ndolo. Esto a\u00f1adir\u00e1 excitaci\u00f3n en tus fantas\u00edas er\u00f3ticas.<\/p>\n<p><strong>Caracter\u00edsticas:<\/strong><\/p>\n<ul>\n<li>Realizados en Aluminio ultra-liso.<\/li>\n<li>No contienen n\u00edquel.<\/li>\n<li>Decoraci\u00f3n engarzada en la base con forma de brillante en pl\u00e1stico r\u00edgido.<\/li>\n<li>50 gramos.<\/li>\n<li>7 cm longitud<\/li>\n<li>2,8 cm di\u00e1metro<\/li>\n<li>Color gunmetal<\/li>\n<li>F\u00e1cil limpieza despu\u00e9s de cada uso<\/li>\n<li>Compatible con cualquier lubricante, base agua o base silicona.<\/li>\n<\/ul>\n","protected":false},"excerpt":{"rendered":"<p>SECRETPLAY &#8211; GUNMETAL BUTT PLUG SMALL SIZE 7 CM<\/p>\n","protected":false},"featured_media":262809,"comment_status":"open","ping_status":"closed","template":"","meta":[],"product_brand":[],"product_cat":[1263,1265],"product_tag":[],"class_list":{"0":"post-502732","1":"product","2":"type-product","3":"status-publish","4":"has-post-thumbnail","6":"product_cat-anal-es","7":"product_cat-plugs-es","9":"first","10":"instock","11":"taxable","12":"shipping-taxable","13":"purchasable","14":"product-type-simple"},"jetpack_sharing_enabled":true,"_links":{"self":[{"href":"https:\/\/www.erothis.com\/es\/wp-json\/wp\/v2\/product\/502732","targetHints":{"allow":["GET"]}}],"collection":[{"href":"https:\/\/www.erothis.com\/es\/wp-json\/wp\/v2\/product"}],"about":[{"href":"https:\/\/www.erothis.com\/es\/wp-json\/wp\/v2\/types\/product"}],"replies":[{"embeddable":true,"href":"https:\/\/www.erothis.com\/es\/wp-json\/wp\/v2\/comments?post=502732"}],"version-history":[{"count":3,"href":"https:\/\/www.erothis.com\/es\/wp-json\/wp\/v2\/product\/502732\/revisions"}],"predecessor-version":[{"id":509870,"href":"https:\/\/www.erothis.com\/es\/wp-json\/wp\/v2\/product\/502732\/revisions\/509870"}],"wp:featuredmedia":[{"embeddable":true,"href":"https:\/\/www.erothis.com\/es\/wp-json\/wp\/v2\/media\/262809"}],"wp:attachment":[{"href":"https:\/\/www.erothis.com\/es\/wp-json\/wp\/v2\/media?parent=502732"}],"wp:term":[{"taxonomy":"product_brand","embeddable":true,"href":"https:\/\/www.erothis.com\/es\/wp-json\/wp\/v2\/product_brand?post=502732"},{"taxonomy":"product_cat","embeddable":true,"href":"https:\/\/www.erothis.com\/es\/wp-json\/wp\/v2\/product_cat?post=502732"},{"taxonomy":"product_tag","embeddable":true,"href":"https:\/\/www.erothis.com\/es\/wp-json\/wp\/v2\/product_tag?post=502732"}],"curies":[{"name":"wp","href":"https:\/\/api.w.org\/{rel}","templated":true}]}}