{"id":502739,"date":"2023-06-20T13:36:21","date_gmt":"2023-06-20T12:36:21","guid":{"rendered":"https:\/\/www.erothis.com\/?post_type=product&#038;p=502739"},"modified":"2025-08-31T00:08:24","modified_gmt":"2025-08-30T23:08:24","slug":"icicles-n-66-masajeador-transparente-2","status":"publish","type":"product","link":"https:\/\/www.erothis.com\/es\/productos\/icicles-n-66-masajeador-transparente-2\/","title":{"rendered":"ICICLES &#8211; N. 66 MASAJEADOR TRANSPARENTE"},"content":{"rendered":"<p>Este elegante varita de cristal cuenta con un eje de cuentas graduado, lo que le permite aliviar c\u00f3modamente en su tama\u00f1o.<\/p>\n<p>La textura de bulbo es perfecto para la penetraci\u00f3n, y h\u00e1bilmente curvado para explosivo punto G y P-Spot estimulaci\u00f3n.<\/p>\n<ul>\n<li>Medidas insertables: 9 x 2 cm<\/li>\n<li>100% Libre de Phalatos.<\/li>\n<\/ul>\n<p>El vidrio es hipoalerg\u00e9nico y seguro para el cuerpo, y siempre que se use adecuadamente durar\u00e1 toda la vida.<\/p>\n<p>Recomendamos mojarlo con agua tibia o ponerlo en el microondas para una sensaci\u00f3n m\u00e1s c\u00e1lida. Tambi\u00e9n puedes enfriarlo con agua fr\u00eda o ponerlo en el congelador para una sensaci\u00f3n de frescor.<\/p>\n<p>Ya que el vidrio no es poroso, su limpieza es muy f\u00e1cil. Usa el limpiador Pipedream Toy Cleaner y agua tibia, o incluso puedes meterlo en el lavavajillas para mayor comodidad despu\u00e9s de la diversi\u00f3n.<\/p>\n","protected":false},"excerpt":{"rendered":"<p>ICICLES &#8211; N. 66 TRANSPARENT MASSAGER<\/p>\n","protected":false},"featured_media":262835,"comment_status":"open","ping_status":"closed","template":"","meta":[],"product_brand":[],"product_cat":[1263,1272,1264,1273],"product_tag":[],"class_list":{"0":"post-502739","1":"product","2":"type-product","3":"status-publish","4":"has-post-thumbnail","6":"product_cat-anal-es","7":"product_cat-dildos-es","8":"product_cat-dildos-anales","9":"product_cat-dildos-clasicos","11":"first","12":"instock","13":"taxable","14":"shipping-taxable","15":"purchasable","16":"product-type-simple"},"jetpack_sharing_enabled":true,"_links":{"self":[{"href":"https:\/\/www.erothis.com\/es\/wp-json\/wp\/v2\/product\/502739","targetHints":{"allow":["GET"]}}],"collection":[{"href":"https:\/\/www.erothis.com\/es\/wp-json\/wp\/v2\/product"}],"about":[{"href":"https:\/\/www.erothis.com\/es\/wp-json\/wp\/v2\/types\/product"}],"replies":[{"embeddable":true,"href":"https:\/\/www.erothis.com\/es\/wp-json\/wp\/v2\/comments?post=502739"}],"version-history":[{"count":3,"href":"https:\/\/www.erothis.com\/es\/wp-json\/wp\/v2\/product\/502739\/revisions"}],"predecessor-version":[{"id":509918,"href":"https:\/\/www.erothis.com\/es\/wp-json\/wp\/v2\/product\/502739\/revisions\/509918"}],"wp:featuredmedia":[{"embeddable":true,"href":"https:\/\/www.erothis.com\/es\/wp-json\/wp\/v2\/media\/262835"}],"wp:attachment":[{"href":"https:\/\/www.erothis.com\/es\/wp-json\/wp\/v2\/media?parent=502739"}],"wp:term":[{"taxonomy":"product_brand","embeddable":true,"href":"https:\/\/www.erothis.com\/es\/wp-json\/wp\/v2\/product_brand?post=502739"},{"taxonomy":"product_cat","embeddable":true,"href":"https:\/\/www.erothis.com\/es\/wp-json\/wp\/v2\/product_cat?post=502739"},{"taxonomy":"product_tag","embeddable":true,"href":"https:\/\/www.erothis.com\/es\/wp-json\/wp\/v2\/product_tag?post=502739"}],"curies":[{"name":"wp","href":"https:\/\/api.w.org\/{rel}","templated":true}]}}