{"id":502800,"date":"2023-06-20T13:38:39","date_gmt":"2023-06-20T12:38:39","guid":{"rendered":"https:\/\/www.erothis.com\/?post_type=product&#038;p=502800"},"modified":"2025-08-31T00:08:25","modified_gmt":"2025-08-30T23:08:25","slug":"addicted-toys-vibrador-prostatico-recargable-model-4-negro-2","status":"publish","type":"product","link":"https:\/\/www.erothis.com\/es\/productos\/addicted-toys-vibrador-prostatico-recargable-model-4-negro-2\/","title":{"rendered":"ADDICTED TOYS &#8211; VIBRADOR PROST\u00c1TICO RECARGABLE MODEL 4 &#8211; NEGRO"},"content":{"rendered":"<p>Es un masajeador espec\u00edficamente dise\u00f1ado para los hombres que quieren experimentar e iniciarse en el juego anal&#8230; Estimular\u00e1 tu Punto G, zona cuya estimulaci\u00f3n es la que controla e incrementa la erecci\u00f3n, el orgasmo y la eyaculaci\u00f3n. Es la zona donde se encuentra el centro del Placer. Este masajeador, puede ser utilizado durante la masturbaci\u00f3n, o en el juego sexual para incrementan la erecci\u00f3n y el orgasmo. Es capaz de transformar el orgasmo masculino en una experiencia de liberaci\u00f3n y \u00e9xtasis. Explora nuevos placeres.<\/p>\n<p>La silicona de grado medico certificada hipoalerg\u00e9nica destaca por su tacto sedoso y su excelente capacidad de deslizamiento. Para que puedas disfrutar de tu nuevo amigo durante mucho tiempo, es recomendable que utilices un lubricante a base de agua waterfeel en tus juegos m\u00e1s h\u00famedos. As\u00ed proteges el material y la superficie se mantiene sedosa. Puedes lavar tu juguete muy f\u00e1cilmente con agua y un jab\u00f3n suave. Para una higiene m\u00e1s minuciosa, utiliza tambi\u00e9n un limpiador desinfectante especial para juguetes sexuales como Waterfeel o Nina kik\u00ed toy cleaner<\/p>\n<ul>\n<li>10 modos de vibraci\u00f3n<\/li>\n<li>Alto Rendimiento; Completamente recargable, + Potencia.<\/li>\n<li>Fabricado con 100% silicona m\u00e9dica: respeta tu cuerpo<\/li>\n<li>Libre de ftalatos<\/li>\n<li>Silencioso, menos de 60 decibelios.<\/li>\n<li>Material seguro para el cuerpo<\/li>\n<li>Recargable v\u00eda USB (Cable incluido)<\/li>\n<li>Sumergible categor\u00eda IPX6 \/ Apto para la ducha o Spa<\/li>\n<li>Longitud insertable; 11cm.<\/li>\n<\/ul>\n<p>*Para conseguir una experiencia \u00f3ptima y poder disfrutar de manera placentera y sin sentir dolor, Addicted toys recomienda el uso de los lubricantes de la marca Black Hole\u200b\u200b\u200b<\/p>\n<p><strong>Cargar<\/strong><\/p>\n<p>El vibrador es recargable y permite un manejo c\u00f3modo, sin molestos cables. Antes de utilizarlo por primera vez, debes cargarlo completamente. Utiliza para ello el cable de carga USB incluido.<\/p>\n<p><strong>Advertencia<\/strong>: el primer proceso de carga puede durar hasta tres horas.<\/p>\n<p><strong>Eliminaci\u00f3n<\/strong><\/p>\n<p>La eliminaci\u00f3n de aparatos electr\u00f3nicos debe realizarse seg\u00fan la normativa para residuos peligrosos vigente en la Uni\u00f3n Europea y en otros pa\u00edses europeos o seg\u00fan las reglamentaciones locales. Respeta las normativas de eliminaci\u00f3n de basuras<\/p>\n<p>Espec\u00edficas de tu pa\u00eds y, en caso de duda, pregunta a tu distribuidor sobre las opciones de eliminaci\u00f3n.<\/p>\n","protected":false},"excerpt":{"rendered":"<p>ADDICTED TOYS &#8211; PROSTATIC VIBRATOR RECHARGEABLE MODEL 4 &#8211; BLACK<\/p>\n","protected":false},"featured_media":262948,"comment_status":"open","ping_status":"closed","template":"","meta":[],"product_brand":[],"product_cat":[1263,1285,1282,1266],"product_tag":[],"class_list":{"0":"post-502800","1":"product","2":"type-product","3":"status-publish","4":"has-post-thumbnail","6":"product_cat-anal-es","7":"product_cat-especial-prostata-es","8":"product_cat-para-el","9":"product_cat-vibradores-anales","11":"first","12":"outofstock","13":"taxable","14":"shipping-taxable","15":"purchasable","16":"product-type-simple"},"jetpack_sharing_enabled":true,"_links":{"self":[{"href":"https:\/\/www.erothis.com\/es\/wp-json\/wp\/v2\/product\/502800","targetHints":{"allow":["GET"]}}],"collection":[{"href":"https:\/\/www.erothis.com\/es\/wp-json\/wp\/v2\/product"}],"about":[{"href":"https:\/\/www.erothis.com\/es\/wp-json\/wp\/v2\/types\/product"}],"replies":[{"embeddable":true,"href":"https:\/\/www.erothis.com\/es\/wp-json\/wp\/v2\/comments?post=502800"}],"version-history":[{"count":3,"href":"https:\/\/www.erothis.com\/es\/wp-json\/wp\/v2\/product\/502800\/revisions"}],"predecessor-version":[{"id":509409,"href":"https:\/\/www.erothis.com\/es\/wp-json\/wp\/v2\/product\/502800\/revisions\/509409"}],"wp:featuredmedia":[{"embeddable":true,"href":"https:\/\/www.erothis.com\/es\/wp-json\/wp\/v2\/media\/262948"}],"wp:attachment":[{"href":"https:\/\/www.erothis.com\/es\/wp-json\/wp\/v2\/media?parent=502800"}],"wp:term":[{"taxonomy":"product_brand","embeddable":true,"href":"https:\/\/www.erothis.com\/es\/wp-json\/wp\/v2\/product_brand?post=502800"},{"taxonomy":"product_cat","embeddable":true,"href":"https:\/\/www.erothis.com\/es\/wp-json\/wp\/v2\/product_cat?post=502800"},{"taxonomy":"product_tag","embeddable":true,"href":"https:\/\/www.erothis.com\/es\/wp-json\/wp\/v2\/product_tag?post=502800"}],"curies":[{"name":"wp","href":"https:\/\/api.w.org\/{rel}","templated":true}]}}