{"id":502838,"date":"2023-06-20T13:39:03","date_gmt":"2023-06-20T12:39:03","guid":{"rendered":"https:\/\/www.erothis.com\/?post_type=product&#038;p=502838"},"modified":"2025-08-31T00:08:26","modified_gmt":"2025-08-30T23:08:26","slug":"electrastim-silicone-habanero-masajeador-prostatico-2","status":"publish","type":"product","link":"https:\/\/www.erothis.com\/es\/productos\/electrastim-silicone-habanero-masajeador-prostatico-2\/","title":{"rendered":"ELECTRASTIM &#8211; SILICONE HABANERO MASAJEADOR PROST\u00c1TICO"},"content":{"rendered":"<p>Inspirado por el \u00e9xito de ventas del masajeador de pr\u00f3stata ElectraStim Sirius, Habanero toma todas las mejores partes de su hermano peque\u00f1o y aumenta el placer a once.<\/p>\n<p>M\u00e1s grueso y pesado para mayor estabilidad, Habanero cuenta con una \u00abbase de balanc\u00edn\u00bb que protege los cables y permite al usuario literalmente sentarse y mecerse para una intensa estimulaci\u00f3n interna.<\/p>\n<p>El eje tambi\u00e9n se puede doblar en su posici\u00f3n para una precisi\u00f3n prost\u00e1tica personalizada: la columna vertebral de \u00abmemoria cero\u00bb en el interior asegurar\u00e1 que Habanero permanezca en la posici\u00f3n que prefiera durante el tiempo que sea necesario.<\/p>\n<p>Transforma tu juego con el masajeador de pr\u00f3stata Habanero Electro Sex, dise\u00f1ado por expertos para el juego m\u00e1s intenso, ya sea que lo uses solo o en pareja.<\/p>\n<p>Hecho de silicona roja picante, el dise\u00f1o curvo de Habanero proporciona una agradable sensaci\u00f3n de plenitud mientras se dirige directamente a la pr\u00f3stata con la punta curva.<\/p>\n<p>La silicona negra resalta las \u00e1reas electroconductoras del costado del Habanero; colocado deliberadamente para hacer que sus m\u00fasculos internos se aprieten y laten con placer mientras la punta de silicona suave se frota contra el punto p. La combinaci\u00f3n de electroestimulaci\u00f3n y presi\u00f3n f\u00edsica proporciona una experiencia alucinante que te dejar\u00e1 desesperado por experimentar m\u00e1s.<\/p>\n<p>Utilizando nuestro sistema de \u00abentrada sigilosa\u00bb que oculta y protege los cables del estimulador durante el uso, tambi\u00e9n puede sentarse y mecerse en Habanero para sensaciones m\u00e1s intensas. Incluso sin aplicar electroestimulaci\u00f3n, la forma ergon\u00f3mica de Habanero es fant\u00e1stica para moler y empujar el juego contra la pr\u00f3stata, lo que lo convierte en una opci\u00f3n vers\u00e1til para una amplia variedad de usuarios.<\/p>\n<p>Habanero tambi\u00e9n cuenta con nuestra tecnolog\u00eda &#8216;Shape and Play&#8217; en la columna vertebral que le permite doblarlo seg\u00fan sus requisitos precisos y permanecer\u00e1 en su lugar hasta que lo cambie.<\/p>\n<p>Compatible con cualquiera de nuestras unidades estimuladoras (se venden por separado), Habanero siempre debe usarse con un lubricante a base de agua de buena calidad para obtener las mejores sensaciones posibles.<\/p>\n<p>C\u00f3mo usar habanero<\/p>\n<p>Habanero est\u00e1 dise\u00f1ado para la estimulaci\u00f3n de la pr\u00f3stata, por lo que es importante que se tome su tiempo durante la inserci\u00f3n como con cualquier juego anal. Un lubricante a base de agua de buena calidad mejorar\u00e1 las sensaciones el\u00e9ctricas y facilitar\u00e1 una inserci\u00f3n c\u00f3moda, por lo que es muy recomendable.<\/p>\n<p>Para disfrutar de las sensaciones el\u00e9ctricas, conecte Habanero a su estimulador (se vende por separado) usando los puertos de conexi\u00f3n sigilosos en la base.<\/p>\n<p>Probablemente le resulte m\u00e1s f\u00e1cil hacer esto antes de la inserci\u00f3n, pero SIEMPRE inserte completamente Habanero antes de activar la estimulaci\u00f3n. Intentar insertar con la estimulaci\u00f3n ya aplicada puede resultar inc\u00f3modo.<\/p>\n<p>El habanero debe insertarse de manera que los cables sobresalgan hacia adelante \/ hacia arriba dependiendo de su posici\u00f3n. Cuando las crestas de la base descansan contra el perineo, el Habanero est\u00e1 correctamente orientado.<\/p>\n<p>Base de entrada sigilosa<\/p>\n<p>La exclusiva base de entrada \u00absigilosa\u00bb de Habanero no solo te permite sentarte (y moler contra) el juguete, sino que tambi\u00e9n oculta y protege los cables durante el uso. Las muescas de almacenamiento de cables en la base ayudan a mantener los cables ordenados para un juego ininterrumpido.<\/p>\n<p>Forma y juega<\/p>\n<p>Habanero cuenta con la tecnolog\u00eda \u00abShape and Play\u00bb en la punta que permite darle forma en posiciones sutilmente diferentes. Doble la punta a la posici\u00f3n deseada; luego permanecer\u00e1 en esa posici\u00f3n hasta que se cambie de nuevo.<\/p>\n<p>Dimensiones<\/p>\n<ul>\n<li>Longitud total: 131 mm (5,16 pulgadas)<\/li>\n<li>Longitud insertable: 96 mm (3,77 pulgadas)<\/li>\n<li>Di\u00e1metro en el punto m\u00e1s ancho: 41 mm (1,61 pulgadas)<\/li>\n<li>Circunferencia en el punto m\u00e1s ancho: 125,6 mm (4,94 pulgadas)<\/li>\n<li>Tama\u00f1o del conector: 2 mm (adaptadores disponibles para sistemas de 4 mm)<\/li>\n<\/ul>\n<p>Materiales<\/p>\n<ul>\n<li>Silicona de grado m\u00e9dico curada con platino<\/li>\n<\/ul>\n<p>Incluido<\/p>\n<ul>\n<li>Masajeador de pr\u00f3stata de silicona habanero<\/li>\n<li>Bolsa de almacenamiento de microfibra con cord\u00f3n<\/li>\n<li>Instrucciones en varios idiomas<\/li>\n<\/ul>\n","protected":false},"excerpt":{"rendered":"<p>ELECTRASTIM &#8211; SILICONE FUSION HABANERO PROSTATE MASSAGER<\/p>\n","protected":false},"featured_media":262989,"comment_status":"open","ping_status":"closed","template":"","meta":[],"product_brand":[],"product_cat":[1263,1285,1282],"product_tag":[],"class_list":{"0":"post-502838","1":"product","2":"type-product","3":"status-publish","4":"has-post-thumbnail","6":"product_cat-anal-es","7":"product_cat-especial-prostata-es","8":"product_cat-para-el","10":"first","11":"instock","12":"taxable","13":"shipping-taxable","14":"purchasable","15":"product-type-simple"},"jetpack_sharing_enabled":true,"_links":{"self":[{"href":"https:\/\/www.erothis.com\/es\/wp-json\/wp\/v2\/product\/502838","targetHints":{"allow":["GET"]}}],"collection":[{"href":"https:\/\/www.erothis.com\/es\/wp-json\/wp\/v2\/product"}],"about":[{"href":"https:\/\/www.erothis.com\/es\/wp-json\/wp\/v2\/types\/product"}],"replies":[{"embeddable":true,"href":"https:\/\/www.erothis.com\/es\/wp-json\/wp\/v2\/comments?post=502838"}],"version-history":[{"count":3,"href":"https:\/\/www.erothis.com\/es\/wp-json\/wp\/v2\/product\/502838\/revisions"}],"predecessor-version":[{"id":509585,"href":"https:\/\/www.erothis.com\/es\/wp-json\/wp\/v2\/product\/502838\/revisions\/509585"}],"wp:featuredmedia":[{"embeddable":true,"href":"https:\/\/www.erothis.com\/es\/wp-json\/wp\/v2\/media\/262989"}],"wp:attachment":[{"href":"https:\/\/www.erothis.com\/es\/wp-json\/wp\/v2\/media?parent=502838"}],"wp:term":[{"taxonomy":"product_brand","embeddable":true,"href":"https:\/\/www.erothis.com\/es\/wp-json\/wp\/v2\/product_brand?post=502838"},{"taxonomy":"product_cat","embeddable":true,"href":"https:\/\/www.erothis.com\/es\/wp-json\/wp\/v2\/product_cat?post=502838"},{"taxonomy":"product_tag","embeddable":true,"href":"https:\/\/www.erothis.com\/es\/wp-json\/wp\/v2\/product_tag?post=502838"}],"curies":[{"name":"wp","href":"https:\/\/api.w.org\/{rel}","templated":true}]}}