{"id":502839,"date":"2023-06-20T13:39:04","date_gmt":"2023-06-20T12:39:04","guid":{"rendered":"https:\/\/www.erothis.com\/?post_type=product&#038;p=502839"},"modified":"2025-08-31T00:08:26","modified_gmt":"2025-08-30T23:08:26","slug":"addicted-toys-masajeador-anal-prostatico-con-vibracion-2","status":"publish","type":"product","link":"https:\/\/www.erothis.com\/es\/productos\/addicted-toys-masajeador-anal-prostatico-con-vibracion-2\/","title":{"rendered":"ADDICTED TOYS &#8211; MASAJEADOR ANAL PROST\u00c1TICO CON VIBRACI\u00d3N"},"content":{"rendered":"<p>Dentro de toda la extensa gama de productos ADDICTED TOYS queremos ofrecerte la posibilidad de explorar el juego sexual con formas excitantes y sensuales.. Addicted toys presenta a este \u00a0masajeador de pr\u00f3stata, con vibraciones vibrantes que se dirigen tanto a la pr\u00f3stata como al perineo. Dise\u00f1ado para la comodidad total y el placer \u00e9pico.<\/p>\n<p>Es flexible y se ajusta a su cuerpo, para que pueda encontrar el ajuste perfecto y golpear en los lugares correctos.<\/p>\n<p>Totalmente ajustable para que pueda encontrar el ajuste perfecto. Inserte este estimulador anal usando un poco de lubricaci\u00f3n: una vez que se desliza en su lugar, puede encenderlo.<\/p>\n<p>Experimente con diferentes \u00e1ngulos y modos de vibraci\u00f3n para descubrir qu\u00e9 funciona mejor.<\/p>\n<p>Fabricado con silicona de grado m\u00e9dico supersuave, agradable para la piel, suave al tacto y extremadamente higi\u00e9nica<\/p>\n<ul>\n<li>Ideal para principiantes y para probar experiencias anales<\/li>\n<li>Medidas del Plug; 11 x 6.3cm<\/li>\n<li>Motor Potente<\/li>\n<li>Funciona con 1 pila AAA ( No Incluida )<\/li>\n<li>Vibraci\u00f3n intensa<\/li>\n<li>Libre de Phalatos<\/li>\n<li>Resistente al agua<\/li>\n<li>Flexible y ergonomico<\/li>\n<\/ul>\n<p>*Para conseguir una experiencia \u00f3ptima y poder disfrutar de manera placentera y sin sentir dolor, Addicted toys recomienda el uso de los lubricantes de la marca Black Hole\u200b\u200b\u200b<\/p>\n<p>\u00bfQu\u00e9 debo tener en cuenta al utilizar juguetes anales?<\/p>\n<p>*Para conseguir una experiencia \u00f3ptima y poder disfrutar de manera placentera y sin sentir dolor, Addicted toys recomienda el uso de los lubricantes de la marca Black Hole\u200b\u200b<\/p>\n<p>Con el fin de que puedas disfrutar del juguete anal el mayor tiempo posible, te aconsejamos que lo limpies y desinfectes con un limpiador de juguetes antes y despu\u00e9s de cada uso. La composici\u00f3n de Desinfectante Spray de Waterfeel se adapta a la silicona suave y es cuidadosa con el material para que la superficie permanezca lisa y flexible.<\/p>\n","protected":false},"excerpt":{"rendered":"<p>ADDICTED TOYS &#8211; ANAL MASSAGER PROSTATIC WITH VIBRATION<\/p>\n","protected":false},"featured_media":262994,"comment_status":"open","ping_status":"closed","template":"","meta":[],"product_brand":[],"product_cat":[1263,1285,1282,1266],"product_tag":[],"class_list":{"0":"post-502839","1":"product","2":"type-product","3":"status-publish","4":"has-post-thumbnail","6":"product_cat-anal-es","7":"product_cat-especial-prostata-es","8":"product_cat-para-el","9":"product_cat-vibradores-anales","11":"first","12":"instock","13":"taxable","14":"shipping-taxable","15":"purchasable","16":"product-type-simple"},"jetpack_sharing_enabled":true,"_links":{"self":[{"href":"https:\/\/www.erothis.com\/es\/wp-json\/wp\/v2\/product\/502839","targetHints":{"allow":["GET"]}}],"collection":[{"href":"https:\/\/www.erothis.com\/es\/wp-json\/wp\/v2\/product"}],"about":[{"href":"https:\/\/www.erothis.com\/es\/wp-json\/wp\/v2\/types\/product"}],"replies":[{"embeddable":true,"href":"https:\/\/www.erothis.com\/es\/wp-json\/wp\/v2\/comments?post=502839"}],"version-history":[{"count":2,"href":"https:\/\/www.erothis.com\/es\/wp-json\/wp\/v2\/product\/502839\/revisions"}],"predecessor-version":[{"id":509622,"href":"https:\/\/www.erothis.com\/es\/wp-json\/wp\/v2\/product\/502839\/revisions\/509622"}],"wp:featuredmedia":[{"embeddable":true,"href":"https:\/\/www.erothis.com\/es\/wp-json\/wp\/v2\/media\/262994"}],"wp:attachment":[{"href":"https:\/\/www.erothis.com\/es\/wp-json\/wp\/v2\/media?parent=502839"}],"wp:term":[{"taxonomy":"product_brand","embeddable":true,"href":"https:\/\/www.erothis.com\/es\/wp-json\/wp\/v2\/product_brand?post=502839"},{"taxonomy":"product_cat","embeddable":true,"href":"https:\/\/www.erothis.com\/es\/wp-json\/wp\/v2\/product_cat?post=502839"},{"taxonomy":"product_tag","embeddable":true,"href":"https:\/\/www.erothis.com\/es\/wp-json\/wp\/v2\/product_tag?post=502839"}],"curies":[{"name":"wp","href":"https:\/\/api.w.org\/{rel}","templated":true}]}}