{"id":502840,"date":"2023-06-20T13:39:04","date_gmt":"2023-06-20T12:39:04","guid":{"rendered":"https:\/\/www.erothis.com\/?post_type=product&#038;p=502840"},"modified":"2025-08-31T00:08:26","modified_gmt":"2025-08-30T23:08:26","slug":"addicted-toys-plug-anal-con-anillo-silicona-negro-2","status":"publish","type":"product","link":"https:\/\/www.erothis.com\/es\/productos\/addicted-toys-plug-anal-con-anillo-silicona-negro-2\/","title":{"rendered":"ADDICTED TOYS &#8211; PLUG ANAL CON ANILLO SILICONA NEGRO"},"content":{"rendered":"<p>Dentro de toda la extensa gama de productos ADDICTED TOYS queremos ofrecerte la posibilidad de explorar el juego sexual con formas excitantes y sensuales experiencias.<\/p>\n<p>Si nunca has probado el juego anal, el Annal massager y cockring de ADDICTED TOYS es justo lo que necesitas para explorar el maravilloso mundo de la estimulaci\u00f3n anal.<\/p>\n<p>El anal plug &amp; cock ring introducido en el ano y el anillo alrededor del pene, conseguir\u00e1s unas erecciones m\u00e1s duras que nunca! \u00a1El anillo de silicona s\u00faper el\u00e1stico pone la presi\u00f3n sobre las bajadas de energ\u00eda, manteniendo erecciones firmes que duran y duran! La cabeza redonda y suave hace que la entrada y la recuperaci\u00f3n sea muy sencilla, mientras que el eje delgado, afilado asegura que el plug permanecer\u00e1 en su lugar. \u00a1Coloca el anillo alrededor de la base del pene y los test\u00edculos y empieza a disfrutar de placer de larga duraci\u00f3n!<\/p>\n<p>Fabricado con silicona de grado m\u00e9dico supersuave, agradable para la piel, suave al tacto y extremadamente higi\u00e9nica<\/p>\n<ul>\n<li>Ideal para principiantes y para probar experiencias anales<\/li>\n<li>Medidas del Plug; 9.8 x 10.4cm ( Mirad imagen para detallar medidas )<\/li>\n<\/ul>\n<p>\u00bfQu\u00e9 debo tener en cuenta al utilizar juguetes anales?<\/p>\n<p>Este producto de Addicted toys enriquece tanto los juegos sexuales en pareja como los amplios juegos en solitario. Para un disfrute suave con los juguetes anales definitivamente debes emplear lubricante, ya que el ano por s\u00ed mismo no puede lubricarse de forma natural, lo cual es importante para un placer agradable.<\/p>\n<p>*Para conseguir una experiencia \u00f3ptima y poder disfrutar de manera placentera y sin sentir dolor, Addicted toys recomienda el uso de los lubricantes de la marca Black Hole<\/p>\n<p>Con el fin de que puedas disfrutar del juguete anal el mayor tiempo posible, te aconsejamos que lo limpies y desinfectes con un limpiador de juguetes antes y despu\u00e9s de cada uso. La composici\u00f3n de Desinfectante Spray de Waterfeel se adapta a la silicona suave y es cuidadosa con el material para que la superficie permanezca lisa y flexible.<\/p>\n","protected":false},"excerpt":{"rendered":"<p>ADDICTED TOYS &#8211; ANAL PLUG WITH BLACK SILICONE RING<\/p>\n","protected":false},"featured_media":263000,"comment_status":"open","ping_status":"closed","template":"","meta":[],"product_brand":[],"product_cat":[1263,1283,1265],"product_tag":[],"class_list":{"0":"post-502840","1":"product","2":"type-product","3":"status-publish","4":"has-post-thumbnail","6":"product_cat-anal-es","7":"product_cat-anillos-peneanos","8":"product_cat-plugs-es","10":"first","11":"instock","12":"taxable","13":"shipping-taxable","14":"purchasable","15":"product-type-simple"},"jetpack_sharing_enabled":true,"_links":{"self":[{"href":"https:\/\/www.erothis.com\/es\/wp-json\/wp\/v2\/product\/502840","targetHints":{"allow":["GET"]}}],"collection":[{"href":"https:\/\/www.erothis.com\/es\/wp-json\/wp\/v2\/product"}],"about":[{"href":"https:\/\/www.erothis.com\/es\/wp-json\/wp\/v2\/types\/product"}],"replies":[{"embeddable":true,"href":"https:\/\/www.erothis.com\/es\/wp-json\/wp\/v2\/comments?post=502840"}],"version-history":[{"count":2,"href":"https:\/\/www.erothis.com\/es\/wp-json\/wp\/v2\/product\/502840\/revisions"}],"predecessor-version":[{"id":509625,"href":"https:\/\/www.erothis.com\/es\/wp-json\/wp\/v2\/product\/502840\/revisions\/509625"}],"wp:featuredmedia":[{"embeddable":true,"href":"https:\/\/www.erothis.com\/es\/wp-json\/wp\/v2\/media\/263000"}],"wp:attachment":[{"href":"https:\/\/www.erothis.com\/es\/wp-json\/wp\/v2\/media?parent=502840"}],"wp:term":[{"taxonomy":"product_brand","embeddable":true,"href":"https:\/\/www.erothis.com\/es\/wp-json\/wp\/v2\/product_brand?post=502840"},{"taxonomy":"product_cat","embeddable":true,"href":"https:\/\/www.erothis.com\/es\/wp-json\/wp\/v2\/product_cat?post=502840"},{"taxonomy":"product_tag","embeddable":true,"href":"https:\/\/www.erothis.com\/es\/wp-json\/wp\/v2\/product_tag?post=502840"}],"curies":[{"name":"wp","href":"https:\/\/api.w.org\/{rel}","templated":true}]}}