{"id":502846,"date":"2023-06-20T13:39:26","date_gmt":"2023-06-20T12:39:26","guid":{"rendered":"https:\/\/www.erothis.com\/?post_type=product&#038;p=502846"},"modified":"2025-08-31T00:08:27","modified_gmt":"2025-08-30T23:08:27","slug":"electrastim-exo-rogue-masajeador-prostatico-2","status":"publish","type":"product","link":"https:\/\/www.erothis.com\/es\/productos\/electrastim-exo-rogue-masajeador-prostatico-2\/","title":{"rendered":"ELECTRASTIM &#8211; EXO ROGUE MASAJEADOR PROST\u00c1TICO"},"content":{"rendered":"<ul>\n<li>Masajeador de pr\u00f3stata de electroestimulaci\u00f3n de metal pesado: \u00a1electroestimulaci\u00f3n intensa y tensi\u00f3n muscular!<\/li>\n<li>Dise\u00f1o curvo con cabeza bulbosa: se asienta firmemente contra la pr\u00f3stata durante el uso<\/li>\n<li>&#8216;Esqueleto&#8217; de policarbonato transparente: proporciona estabilidad y una vista de la acci\u00f3n.<\/li>\n<li>Dise\u00f1o de tres partes: se desmonta por completo para una limpieza a fondo<\/li>\n<li>&#8216;Funda de enfoque&#8217; de silicona opcional: empuja la electroestimulaci\u00f3n m\u00e1s internamente aislando la parte m\u00e1s delgada del juguete<\/li>\n<\/ul>\n<p><strong>MASAJEADOR DE PR\u00d3STATA ELECTRASTIM EXO ROGUE<\/strong><\/p>\n<p>Si necesitas intensidad, potencia y el tipo de juego electr\u00f3nico en el que estar\u00e1s pensando durante los pr\u00f3ximos d\u00edas; El nuevo masajeador de pr\u00f3stata ElectraStim &#8216;Rogue&#8217; est\u00e1 aqu\u00ed para superar todas sus expectativas. El primero de una nueva gama de dise\u00f1os asim\u00e9tricos creativos, el EXO Rogue est\u00e1 fabricado con t\u00e9cnicas modernas de fundici\u00f3n a presi\u00f3n y lleva su \u00abesqueleto\u00bb de policarbonato transparente en el exterior como parte integral de la forma general. Adem\u00e1s, la base transparente ofrece una ventana a la acci\u00f3n durante el uso para un nivel adicional de estimulaci\u00f3n visual.<\/p>\n<p>Fabricado con t\u00e9cnicas modernas de fundici\u00f3n a presi\u00f3n, Rogue ya no est\u00e1 sujeto al proceso de fabricaci\u00f3n m\u00e1s sencillo que implican los juguetes sim\u00e9tricos m\u00e1s tradicionales. En cambio, el masajeador de pr\u00f3stata curvo anuncia el comienzo de dise\u00f1os met\u00e1licos m\u00e1s exclusivos e interesantes de ElectraStim.<\/p>\n<p>Dise\u00f1ado para la estimulaci\u00f3n intensa de la pr\u00f3stata, el gran peso de Rogue obliga a los m\u00fasculos a contraerse internamente para mantener el masajeador en su lugar, lo que no solo empuja la cabeza bulbosa con m\u00e1s firmeza contra el punto P, sino que tambi\u00e9n intensifica el efecto de la electroestimulaci\u00f3n. Adem\u00e1s de conducir las sensaciones el\u00e9ctricas con mayor intensidad, el Rogue cromado con acabado de espejo tambi\u00e9n te permite experimentar con el juego de temperatura para una dimensi\u00f3n extra de placer. Gracias a un cierre magn\u00e9tico inteligente, Rogue tambi\u00e9n se desmonta por completo para una limpieza a fondo.<\/p>\n<p>Los usuarios pueden usar la &#8216;Funda de enfoque&#8217; opcional incluida con Rogue para aislar la parte m\u00e1s delgada del cuello del masajeador, lo que reduce el \u00e1rea de superficie interna y aumenta el nivel de estimulaci\u00f3n que experimentar\u00e1 cuando est\u00e9 completamente insertado.<\/p>\n<p>Un ganador seguro para los entusiastas de la e-stim anal, Rogue es una experiencia intensa e inolvidable que ampl\u00eda a\u00fan m\u00e1s la gama de accesorios disponibles de ElectraStim.<\/p>\n<p><strong>ESPECIFICACIONES<\/strong><\/p>\n<ul>\n<li>Tama\u00f1o del conector: conexi\u00f3n bipolar de 2 mm<\/li>\n<li>Material: (Masajeador) metal conductor con acabado cromado, policarbonato transparente, mecanismo de montaje magn\u00e9tico<\/li>\n<li>(Funda de enfoque) Silicona 100 % libre de ftalatos<\/li>\n<li>Tama\u00f1o: 78 mm de ancho x 100 mm de alto, 30 mm de di\u00e1metro insertable m\u00e1s ancho, 90 mm de longitud insertable<\/li>\n<li>Peso: 260 g<\/li>\n<\/ul>\n<p><strong>CONTENIDO<\/strong><\/p>\n<ul>\n<li>Masajeador de pr\u00f3stata &#8216;Rogue&#8217; (ensamblado)<\/li>\n<li>&#8216;Funda de enfoque&#8217; de silicona<\/li>\n<li>Bolsa de almacenamiento de microfibra<\/li>\n<li>Instrucciones en varios idiomas<\/li>\n<\/ul>\n","protected":false},"excerpt":{"rendered":"<p>ELECTRASTIM &#8211; EXO ROGUE PROSTATE MASSAGER<\/p>\n","protected":false},"featured_media":263036,"comment_status":"open","ping_status":"closed","template":"","meta":[],"product_brand":[],"product_cat":[1263,1285,1282],"product_tag":[],"class_list":{"0":"post-502846","1":"product","2":"type-product","3":"status-publish","4":"has-post-thumbnail","6":"product_cat-anal-es","7":"product_cat-especial-prostata-es","8":"product_cat-para-el","10":"first","11":"instock","12":"taxable","13":"shipping-taxable","14":"purchasable","15":"product-type-simple"},"jetpack_sharing_enabled":true,"_links":{"self":[{"href":"https:\/\/www.erothis.com\/es\/wp-json\/wp\/v2\/product\/502846","targetHints":{"allow":["GET"]}}],"collection":[{"href":"https:\/\/www.erothis.com\/es\/wp-json\/wp\/v2\/product"}],"about":[{"href":"https:\/\/www.erothis.com\/es\/wp-json\/wp\/v2\/types\/product"}],"replies":[{"embeddable":true,"href":"https:\/\/www.erothis.com\/es\/wp-json\/wp\/v2\/comments?post=502846"}],"version-history":[{"count":3,"href":"https:\/\/www.erothis.com\/es\/wp-json\/wp\/v2\/product\/502846\/revisions"}],"predecessor-version":[{"id":509810,"href":"https:\/\/www.erothis.com\/es\/wp-json\/wp\/v2\/product\/502846\/revisions\/509810"}],"wp:featuredmedia":[{"embeddable":true,"href":"https:\/\/www.erothis.com\/es\/wp-json\/wp\/v2\/media\/263036"}],"wp:attachment":[{"href":"https:\/\/www.erothis.com\/es\/wp-json\/wp\/v2\/media?parent=502846"}],"wp:term":[{"taxonomy":"product_brand","embeddable":true,"href":"https:\/\/www.erothis.com\/es\/wp-json\/wp\/v2\/product_brand?post=502846"},{"taxonomy":"product_cat","embeddable":true,"href":"https:\/\/www.erothis.com\/es\/wp-json\/wp\/v2\/product_cat?post=502846"},{"taxonomy":"product_tag","embeddable":true,"href":"https:\/\/www.erothis.com\/es\/wp-json\/wp\/v2\/product_tag?post=502846"}],"curies":[{"name":"wp","href":"https:\/\/api.w.org\/{rel}","templated":true}]}}